{"id":715130,"date":"2025-08-27T17:26:37","date_gmt":"2025-08-27T14:26:37","guid":{"rendered":"https:\/\/roveyayinevi.com.tr\/index.php\/urun\/marie-curie\/"},"modified":"2026-04-16T02:23:21","modified_gmt":"2026-04-15T23:23:21","slug":"marie-curie","status":"publish","type":"product","link":"https:\/\/roveyayinevi.com.tr\/index.php\/urun\/marie-curie\/","title":{"rendered":"Marie Curie"},"content":{"rendered":"<p>\u201cDaha fazlas\u0131n\u0131 yapamasak da her birimiz bir par\u00e7a bilgi par\u0131lt\u0131s\u0131 yakalayabilirsek insanl\u0131\u011f\u0131n ger\u00e7ek hakk\u0131ndaki r\u00fcyas\u0131na m\u00fctevaz\u0131 ve yetersiz olan bir \u015feyler katabiliriz. Karanl\u0131\u011f\u0131m\u0131z i\u00e7inde g\u00f6r\u00fcnen evreni \u015fekillendiren b\u00fcy\u00fck plan\u0131n belirsiz \u0131\u015f\u0131klar\u0131 bize par\u00e7a par\u00e7a g\u00f6sterilen bu k\u00fc\u00e7\u00fck mumlar sayesinde olacakt\u0131r. Bilimin \u00f6yle g\u00fczelliklere sahip olaca\u011f\u0131na ve ruhan\u00ee g\u00fcc\u00fcn\u00fcn bir g\u00fcn d\u00fcnyay\u0131 \u015feytanlardan, cahillikten, fakirlikten, hastal\u0131klardan ve sava\u015flardan kurtaraca\u011f\u0131n\u0131 d\u00fc\u015f\u00fcnenlerdenim.Ger\u00e7e\u011fin belirgin \u0131\u015f\u0131\u011f\u0131n\u0131 aray\u0131n. Belirgin yeni yollar aray\u0131n. \u0130nsanl\u0131\u011f\u0131n g\u00f6r\u00fc\u015f alan\u0131 \u00e7ok uzak olmasa bile ilahi adalet bizi hi\u00e7bir zaman hayal k\u0131r\u0131kl\u0131\u011f\u0131na u\u011fratmayacak. Her \u00e7a\u011f\u0131n kendi r\u00fcyas\u0131 vard\u0131r. O halde d\u00fcn\u00fcn r\u00fcyalar\u0131n\u0131 bir kenara b\u0131rak\u0131n. Bilginin me\u015falesini al\u0131n ve gelece\u011fin saray\u0131n\u0131 in\u015fa edin.\u201d<\/p>\n","protected":false},"excerpt":{"rendered":"<p>\u201cDaha fazlas\u0131n\u0131 yapamasak da her birimiz bir par\u00e7a bilgi par\u0131lt\u0131s\u0131 yakalayabilirsek insanl\u0131\u011f\u0131n ger\u00e7ek hakk\u0131ndaki r\u00fcyas\u0131na m\u00fctevaz\u0131 ve yetersiz olan bir \u015feyler katabiliriz. Karanl\u0131\u011f\u0131m\u0131z i\u00e7inde g\u00f6r\u00fcnen evreni<span class=\"excerpt-hellip\"> [\u2026]<\/span><\/p>\n","protected":false},"featured_media":0,"template":"","meta":{"_monsterinsights_skip_tracking":false,"_monsterinsights_sitenote_active":false,"_monsterinsights_sitenote_note":"","_monsterinsights_sitenote_category":0},"product_brand":[],"product_cat":[14009,12291],"product_tag":[],"class_list":{"0":"post-715130","1":"product","2":"type-product","3":"status-publish","5":"product_cat-biyografi-otobiyografi-edebiyat","6":"product_cat-edebiyat","7":"pa_cilt-ciltsiz","8":"pa_tur-kitap","9":"pa_yayinevi-parola-yayinlari","10":"pa_yazar-m-murat-sezer","12":"first","13":"instock","14":"sale","15":"shipping-taxable","16":"purchasable","17":"product-type-simple"},"_links":{"self":[{"href":"https:\/\/roveyayinevi.com.tr\/index.php\/wp-json\/wp\/v2\/product\/715130","targetHints":{"allow":["GET"]}}],"collection":[{"href":"https:\/\/roveyayinevi.com.tr\/index.php\/wp-json\/wp\/v2\/product"}],"about":[{"href":"https:\/\/roveyayinevi.com.tr\/index.php\/wp-json\/wp\/v2\/types\/product"}],"wp:attachment":[{"href":"https:\/\/roveyayinevi.com.tr\/index.php\/wp-json\/wp\/v2\/media?parent=715130"}],"wp:term":[{"taxonomy":"product_brand","embeddable":true,"href":"https:\/\/roveyayinevi.com.tr\/index.php\/wp-json\/wp\/v2\/product_brand?post=715130"},{"taxonomy":"product_cat","embeddable":true,"href":"https:\/\/roveyayinevi.com.tr\/index.php\/wp-json\/wp\/v2\/product_cat?post=715130"},{"taxonomy":"product_tag","embeddable":true,"href":"https:\/\/roveyayinevi.com.tr\/index.php\/wp-json\/wp\/v2\/product_tag?post=715130"}],"curies":[{"name":"wp","href":"https:\/\/api.w.org\/{rel}","templated":true}]}}