{"id":715129,"date":"2025-08-27T17:26:37","date_gmt":"2025-08-27T14:26:37","guid":{"rendered":"https:\/\/roveyayinevi.com.tr\/index.php\/urun\/isaac-newton\/"},"modified":"2026-04-16T02:23:21","modified_gmt":"2026-04-15T23:23:21","slug":"isaac-newton","status":"publish","type":"product","link":"https:\/\/roveyayinevi.com.tr\/index.php\/urun\/isaac-newton\/","title":{"rendered":"Isaac Newton"},"content":{"rendered":"<p>\u015eansl\u0131 Newton bilimin mutlu \u00e7ocuklu\u011fu!.. Do\u011fa onun i\u00e7in a\u00e7\u0131k bir kitapt\u0131, yazd\u0131klar\u0131n\u0131 kolayca okuyabiliyordu. Deneyimden elde ettiklerini bir d\u00fczene koymas\u0131 i\u00e7in kulland\u0131\u011f\u0131 kavramlar sanki deneyimin kendisinden, oyuncaklar gibi s\u0131n\u0131fland\u0131rd\u0131\u011f\u0131 ve ayr\u0131nt\u0131 zenginli\u011fiyle anlatt\u0131\u011f\u0131 g\u00fczel deneylerden kendili\u011finden ak\u0131yordu\u2026Newton\u2019\u0131n ya\u015fad\u0131\u011f\u0131 \u00e7a\u011f unutu\u015fun kevgirinden ge\u00e7eli \u00e7ok uzun zaman oldu, ku\u015fa\u011f\u0131n\u0131n mu\u011flak gayreti ve \u0131st\u0131rab\u0131 g\u00f6r\u00fc\u015f alan\u0131m\u0131zdan \u00e7oktan kayboldu; b\u00fcy\u00fck d\u00fc\u015f\u00fcn\u00fcrlerin ve sanat\u00e7\u0131lar\u0131n baz\u0131lar\u0131n\u0131n eserleri g\u00fcn\u00fcm\u00fcze kald\u0131, bizi ve bizden sonra gelenleri e\u011flendirdi, onurland\u0131rd\u0131. Newton\u2019\u0131n ke\u015fifleri kabul edilmi\u015f bilgilerin aras\u0131nda yerini ald\u0131.\u201d<\/p>\n","protected":false},"excerpt":{"rendered":"<p>\u015eansl\u0131 Newton bilimin mutlu \u00e7ocuklu\u011fu!.. Do\u011fa onun i\u00e7in a\u00e7\u0131k bir kitapt\u0131, yazd\u0131klar\u0131n\u0131 kolayca okuyabiliyordu. Deneyimden elde ettiklerini bir d\u00fczene koymas\u0131 i\u00e7in kulland\u0131\u011f\u0131 kavramlar sanki deneyimin kendisinden,<span class=\"excerpt-hellip\"> [\u2026]<\/span><\/p>\n","protected":false},"featured_media":0,"template":"","meta":{"_monsterinsights_skip_tracking":false,"_monsterinsights_sitenote_active":false,"_monsterinsights_sitenote_note":"","_monsterinsights_sitenote_category":0},"product_brand":[],"product_cat":[14009,12291],"product_tag":[],"class_list":{"0":"post-715129","1":"product","2":"type-product","3":"status-publish","5":"product_cat-biyografi-otobiyografi-edebiyat","6":"product_cat-edebiyat","7":"pa_cilt-ciltsiz","8":"pa_tur-kitap","9":"pa_yayinevi-parola-yayinlari","10":"pa_yazar-m-murat-sezer","12":"first","13":"instock","14":"sale","15":"shipping-taxable","16":"purchasable","17":"product-type-simple"},"_links":{"self":[{"href":"https:\/\/roveyayinevi.com.tr\/index.php\/wp-json\/wp\/v2\/product\/715129","targetHints":{"allow":["GET"]}}],"collection":[{"href":"https:\/\/roveyayinevi.com.tr\/index.php\/wp-json\/wp\/v2\/product"}],"about":[{"href":"https:\/\/roveyayinevi.com.tr\/index.php\/wp-json\/wp\/v2\/types\/product"}],"wp:attachment":[{"href":"https:\/\/roveyayinevi.com.tr\/index.php\/wp-json\/wp\/v2\/media?parent=715129"}],"wp:term":[{"taxonomy":"product_brand","embeddable":true,"href":"https:\/\/roveyayinevi.com.tr\/index.php\/wp-json\/wp\/v2\/product_brand?post=715129"},{"taxonomy":"product_cat","embeddable":true,"href":"https:\/\/roveyayinevi.com.tr\/index.php\/wp-json\/wp\/v2\/product_cat?post=715129"},{"taxonomy":"product_tag","embeddable":true,"href":"https:\/\/roveyayinevi.com.tr\/index.php\/wp-json\/wp\/v2\/product_tag?post=715129"}],"curies":[{"name":"wp","href":"https:\/\/api.w.org\/{rel}","templated":true}]}}