{"id":715128,"date":"2025-08-27T17:26:36","date_gmt":"2025-08-27T14:26:36","guid":{"rendered":"https:\/\/roveyayinevi.com.tr\/index.php\/urun\/thomas-edison\/"},"modified":"2026-04-16T02:23:21","modified_gmt":"2026-04-15T23:23:21","slug":"thomas-edison","status":"publish","type":"product","link":"https:\/\/roveyayinevi.com.tr\/index.php\/urun\/thomas-edison\/","title":{"rendered":"Thomas Edison"},"content":{"rendered":"<p>\u0130nsanlar\u0131n \u015f\u00fcphe ve korkular\u0131 Edison\u2019a hi\u00e7 etki etmezdi. \u00dcmitsizli\u011fe d\u00fc\u015fmek akl\u0131na gelmezdi. Her i\u015f g\u00fcn\u00fcne bir \u00e7ocuk gibi tertemiz bir d\u00fc\u015f\u00fcnceyle ba\u015flar, ge\u00e7en g\u00fcnlerin k\u00f6t\u00fc taraflar\u0131n\u0131 hat\u0131rlamaz, ge\u00e7mi\u015f k\u00f6t\u00fc olaylardan bug\u00fcn\u00fcn yanl\u0131\u015f yolundan ayr\u0131lmak i\u00e7in faydalan\u0131rd\u0131.Zorluklarla m\u00fccadele, engellere kar\u015f\u0131 koyma, imk\u00e2ns\u0131z\u0131 yapmaya \u00e7al\u0131\u015fmak ona b\u00fcy\u00fck zevk veriyordu. Onun mutlulu\u011fu para kazanmaya dayanm\u0131yordu.O para biriktirmekten ziyade g\u00fc\u00e7l\u00fckleri ortadan kald\u0131rmay\u0131 kendisine gaye edinmi\u015fti. E\u011fer ba\u015fka t\u00fcrl\u00fc olsayd\u0131, hayat\u0131 b\u00f6yle b\u00fcy\u00fck i\u015flerle dolu olmazd\u0131. Kendisinden beklenebilecek gayet yerinde bir felsefe ile meselelerin hakk\u0131ndan gelmesini bildi.\u201cD\u00f6k\u00fclm\u00fc\u015f s\u00fct beni ilgilendirmez. Ben bir s\u00fcr\u00fc ba\u015far\u0131s\u0131zl\u0131\u011fa u\u011frad\u0131m ama vaktimi onlar\u0131 d\u00fc\u015f\u00fcnmekle ge\u00e7irmeyip hemen yine gelece\u011fe d\u00f6nd\u00fcm\u201d diyordu. Belki hi\u00e7 kimse Edison\u2019un neden di\u011fer t\u00fcm mucitlerden daha fazla \u00f6ne \u00e7\u0131kt\u0131\u011f\u0131n\u0131 a\u00e7\u0131klayamaz. Ama insanl\u0131k bundan dolay\u0131 ona ancak minnet duyabilir.<\/p>\n","protected":false},"excerpt":{"rendered":"<p>\u0130nsanlar\u0131n \u015f\u00fcphe ve korkular\u0131 Edison\u2019a hi\u00e7 etki etmezdi. \u00dcmitsizli\u011fe d\u00fc\u015fmek akl\u0131na gelmezdi. Her i\u015f g\u00fcn\u00fcne bir \u00e7ocuk gibi tertemiz bir d\u00fc\u015f\u00fcnceyle ba\u015flar, ge\u00e7en g\u00fcnlerin k\u00f6t\u00fc taraflar\u0131n\u0131<span class=\"excerpt-hellip\"> [\u2026]<\/span><\/p>\n","protected":false},"featured_media":0,"template":"","meta":{"_monsterinsights_skip_tracking":false,"_monsterinsights_sitenote_active":false,"_monsterinsights_sitenote_note":"","_monsterinsights_sitenote_category":0},"product_brand":[],"product_cat":[14009,12291],"product_tag":[],"class_list":{"0":"post-715128","1":"product","2":"type-product","3":"status-publish","5":"product_cat-biyografi-otobiyografi-edebiyat","6":"product_cat-edebiyat","7":"pa_cilt-ciltsiz","8":"pa_tur-kitap","9":"pa_yayinevi-parola-yayinlari","10":"pa_yazar-m-murat-sezer","12":"first","13":"instock","14":"sale","15":"shipping-taxable","16":"purchasable","17":"product-type-simple"},"_links":{"self":[{"href":"https:\/\/roveyayinevi.com.tr\/index.php\/wp-json\/wp\/v2\/product\/715128","targetHints":{"allow":["GET"]}}],"collection":[{"href":"https:\/\/roveyayinevi.com.tr\/index.php\/wp-json\/wp\/v2\/product"}],"about":[{"href":"https:\/\/roveyayinevi.com.tr\/index.php\/wp-json\/wp\/v2\/types\/product"}],"wp:attachment":[{"href":"https:\/\/roveyayinevi.com.tr\/index.php\/wp-json\/wp\/v2\/media?parent=715128"}],"wp:term":[{"taxonomy":"product_brand","embeddable":true,"href":"https:\/\/roveyayinevi.com.tr\/index.php\/wp-json\/wp\/v2\/product_brand?post=715128"},{"taxonomy":"product_cat","embeddable":true,"href":"https:\/\/roveyayinevi.com.tr\/index.php\/wp-json\/wp\/v2\/product_cat?post=715128"},{"taxonomy":"product_tag","embeddable":true,"href":"https:\/\/roveyayinevi.com.tr\/index.php\/wp-json\/wp\/v2\/product_tag?post=715128"}],"curies":[{"name":"wp","href":"https:\/\/api.w.org\/{rel}","templated":true}]}}