{"id":715125,"date":"2025-08-27T17:26:34","date_gmt":"2025-08-27T14:26:34","guid":{"rendered":"https:\/\/roveyayinevi.com.tr\/index.php\/urun\/dil-yaresi\/"},"modified":"2026-04-16T02:23:21","modified_gmt":"2026-04-15T23:23:21","slug":"dil-yaresi","status":"publish","type":"product","link":"https:\/\/roveyayinevi.com.tr\/index.php\/urun\/dil-yaresi\/","title":{"rendered":"Dil Yaresi"},"content":{"rendered":"<p>K\u00f6yl\u00fcm olmas\u0131ndan onur duydu\u011fum \u00c2\u015f\u0131k \u015eevki, g\u00f6rsel medyan\u0131n, dijital teknolojinin olmad\u0131\u011f\u0131, adam kay\u0131rmac\u0131l\u0131\u011f\u0131n tavan yapt\u0131\u011f\u0131 y\u0131llarda ya\u015fam\u0131\u015f ancak ailesini ge\u00e7indirme gibi \u00f6nemli bir sorumlulu\u011fu da oldu\u011fu i\u00e7in \u00c2\u015f\u0131klar Tarihinin karanl\u0131k dehlizlerinde kaybolmu\u015f \u00e7ok de\u011ferli bir \u00e2\u015f\u0131kt\u0131r. Onun yazd\u0131\u011f\u0131 \u015fiirler bu g\u00fcn dillerde dola\u015fan t\u00fcrk\u00fcler olmad\u0131ysa bunda bu kitab\u0131n gecikmesi en b\u00fcy\u00fck etkendir diye d\u00fc\u015f\u00fcn\u00fcyorum. \u00c2\u015f\u0131k \u015eevki\u2019nin kendisini ifade etme ad\u0131na yazd\u0131\u011f\u0131 \u015fiirler o kadar etkileyicidir ki bu \u015fiirlerin bir yerlere ula\u015f\u0131p kar\u015f\u0131l\u0131k bulmamas\u0131 imkans\u0131zd\u0131r. Bak\u0131n ne diyor \u00c2\u015f\u0131k \u015eevki; A\u015fk\u0131n meydan\u0131na \u00e7\u0131kmam naz\u0131nan Bunal\u0131p ta akort yapmam saz\u0131nan \u0130mtihana girmem eski s\u00f6z\u00fcnen \u0130rticalen yar\u0131\u015fmaya haz\u0131r\u0131m. \u00c2\u015f\u0131k \u015eevki zaman zaman \u00fczerine y\u0131k\u0131lan dertlere \u015f\u00f6yle sitem eder Kimisini kana kana i\u00e7irirKimisini g\u00f6ky\u00fcz\u00fcne u\u00e7urur<\/p>\n","protected":false},"excerpt":{"rendered":"<p>K\u00f6yl\u00fcm olmas\u0131ndan onur duydu\u011fum \u00c2\u015f\u0131k \u015eevki, g\u00f6rsel medyan\u0131n, dijital teknolojinin olmad\u0131\u011f\u0131, adam kay\u0131rmac\u0131l\u0131\u011f\u0131n tavan yapt\u0131\u011f\u0131 y\u0131llarda ya\u015fam\u0131\u015f ancak ailesini ge\u00e7indirme gibi \u00f6nemli bir sorumlulu\u011fu da oldu\u011fu<span class=\"excerpt-hellip\"> [\u2026]<\/span><\/p>\n","protected":false},"featured_media":0,"template":"","meta":{"_monsterinsights_skip_tracking":false,"_monsterinsights_sitenote_active":false,"_monsterinsights_sitenote_note":"","_monsterinsights_sitenote_category":0},"product_brand":[],"product_cat":[12291,12509],"product_tag":[],"class_list":{"0":"post-715125","1":"product","2":"type-product","3":"status-publish","5":"product_cat-edebiyat","6":"product_cat-siir","7":"pa_cilt-ciltsiz","8":"pa_tur-kitap","9":"pa_yayinevi-ayata-kitap","10":"pa_yazar-sevki-esen","12":"first","13":"instock","14":"sale","15":"shipping-taxable","16":"purchasable","17":"product-type-simple"},"_links":{"self":[{"href":"https:\/\/roveyayinevi.com.tr\/index.php\/wp-json\/wp\/v2\/product\/715125","targetHints":{"allow":["GET"]}}],"collection":[{"href":"https:\/\/roveyayinevi.com.tr\/index.php\/wp-json\/wp\/v2\/product"}],"about":[{"href":"https:\/\/roveyayinevi.com.tr\/index.php\/wp-json\/wp\/v2\/types\/product"}],"wp:attachment":[{"href":"https:\/\/roveyayinevi.com.tr\/index.php\/wp-json\/wp\/v2\/media?parent=715125"}],"wp:term":[{"taxonomy":"product_brand","embeddable":true,"href":"https:\/\/roveyayinevi.com.tr\/index.php\/wp-json\/wp\/v2\/product_brand?post=715125"},{"taxonomy":"product_cat","embeddable":true,"href":"https:\/\/roveyayinevi.com.tr\/index.php\/wp-json\/wp\/v2\/product_cat?post=715125"},{"taxonomy":"product_tag","embeddable":true,"href":"https:\/\/roveyayinevi.com.tr\/index.php\/wp-json\/wp\/v2\/product_tag?post=715125"}],"curies":[{"name":"wp","href":"https:\/\/api.w.org\/{rel}","templated":true}]}}