{"id":715124,"date":"2025-08-27T17:26:33","date_gmt":"2025-08-27T14:26:33","guid":{"rendered":"https:\/\/roveyayinevi.com.tr\/index.php\/urun\/louis-pasteur-bilime-yon-verenler\/"},"modified":"2026-04-16T02:23:21","modified_gmt":"2026-04-15T23:23:21","slug":"louis-pasteur-bilime-yon-verenler","status":"publish","type":"product","link":"https:\/\/roveyayinevi.com.tr\/index.php\/urun\/louis-pasteur-bilime-yon-verenler\/","title":{"rendered":"Louis Pasteur &#8211; Bilime Y\u00f6n Verenler"},"content":{"rendered":"<p>Bir\u00e7ok k\u00fclt\u00fcrde binlerce y\u0131l boyunca hastal\u0131klar\u0131 k\u00f6t\u00fc ruhlar\u0131n, cinlerin \u00e7arpmas\u0131 ya da k\u00f6t\u00fc havalar\u0131n bir sonucu oldu\u011fu san\u0131ld\u0131. Ve insanlar y\u00fczy\u0131llarca hastal\u0131klar\u0131n ruhlardan, cinlerden geldi\u011fine inanmay\u0131 s\u00fcrd\u00fcrd\u00fcler.T\u0131p tarihinin en b\u00fcy\u00fck ki\u015filiklerinden biri olan Pasteur hastal\u0131klara bakteri denen k\u00fc\u00e7\u00fck canl\u0131lar\u0131n yol a\u00e7t\u0131\u011f\u0131n\u0131 \u00f6ne s\u00fcrd\u00fc. Bakteriler g\u00f6zle g\u00f6r\u00fclemeyecek kadar k\u00fc\u00e7\u00fckt\u00fcler ve yaln\u0131zca mikroskopla g\u00f6r\u00fcn\u00fcyorlard\u0131. Ancak bu k\u00fc\u00e7\u00fcc\u00fck canl\u0131lar insanlar\u0131n bedenine girip onlar\u0131 g\u00fc\u00e7s\u00fcz d\u00fc\u015f\u00fcr\u00fcyor, hasta ediyor, hatta \u00f6lmelerine neden oluyordu. D\u00f6nemin bilim d\u00fcnyas\u0131nda ba\u015flang\u0131\u00e7ta ciddi tart\u0131\u015fmalara yol a\u00e7an bu d\u00fc\u015f\u00fcnce k\u0131sa bir s\u00fcre sonra b\u00fcy\u00fck kabul g\u00f6rd\u00fc. T\u0131p yeni bir yola giriyordu.Bilim tarihinin \u00e7ok az bilim insan\u0131 Louis Pasteur; \u0130nsanl\u0131\u011f\u0131 do\u011frudan etkileyen, g\u00fcnl\u00fck ya\u015fam\u0131n\u0131 de\u011fi\u015ftiren bulu\u015flar yapm\u0131\u015ft\u0131r. Modern t\u0131bb\u0131n temelindeki mikrop kuram\u0131n\u0131 geli\u015ftiren ve ilk a\u015f\u0131lar\u0131 bulan Pasteur\u2019d\u00fcr. Ameliyat aletlerinin kaynat\u0131larak mikroplardan ar\u0131nd\u0131r\u0131lmas\u0131 d\u00fc\u015f\u00fcncesini de \u2013sterilizasyonu- ortaya ilk o atm\u0131\u015ft\u0131r. Ayr\u0131ca s\u00fctlerimizin uzun s\u00fcre dayanmas\u0131n\u0131 sa\u011flayan \u2013pat\u00f6rizasyonu- da Pasteur\u2019e bor\u00e7lu oldu\u011fumuzu unutmamam\u0131z gerek.<\/p>\n","protected":false},"excerpt":{"rendered":"<p>Bir\u00e7ok k\u00fclt\u00fcrde binlerce y\u0131l boyunca hastal\u0131klar\u0131 k\u00f6t\u00fc ruhlar\u0131n, cinlerin \u00e7arpmas\u0131 ya da k\u00f6t\u00fc havalar\u0131n bir sonucu oldu\u011fu san\u0131ld\u0131. Ve insanlar y\u00fczy\u0131llarca hastal\u0131klar\u0131n ruhlardan, cinlerden geldi\u011fine inanmay\u0131<span class=\"excerpt-hellip\"> [\u2026]<\/span><\/p>\n","protected":false},"featured_media":0,"template":"","meta":{"_monsterinsights_skip_tracking":false,"_monsterinsights_sitenote_active":false,"_monsterinsights_sitenote_note":"","_monsterinsights_sitenote_category":0},"product_brand":[],"product_cat":[14009,12291],"product_tag":[],"class_list":{"0":"post-715124","1":"product","2":"type-product","3":"status-publish","5":"product_cat-biyografi-otobiyografi-edebiyat","6":"product_cat-edebiyat","7":"pa_cilt-ciltsiz","8":"pa_tur-kitap","9":"pa_yayinevi-parola-yayinlari","10":"pa_yazar-m-murat-sezer","12":"first","13":"instock","14":"sale","15":"shipping-taxable","16":"purchasable","17":"product-type-simple"},"_links":{"self":[{"href":"https:\/\/roveyayinevi.com.tr\/index.php\/wp-json\/wp\/v2\/product\/715124","targetHints":{"allow":["GET"]}}],"collection":[{"href":"https:\/\/roveyayinevi.com.tr\/index.php\/wp-json\/wp\/v2\/product"}],"about":[{"href":"https:\/\/roveyayinevi.com.tr\/index.php\/wp-json\/wp\/v2\/types\/product"}],"wp:attachment":[{"href":"https:\/\/roveyayinevi.com.tr\/index.php\/wp-json\/wp\/v2\/media?parent=715124"}],"wp:term":[{"taxonomy":"product_brand","embeddable":true,"href":"https:\/\/roveyayinevi.com.tr\/index.php\/wp-json\/wp\/v2\/product_brand?post=715124"},{"taxonomy":"product_cat","embeddable":true,"href":"https:\/\/roveyayinevi.com.tr\/index.php\/wp-json\/wp\/v2\/product_cat?post=715124"},{"taxonomy":"product_tag","embeddable":true,"href":"https:\/\/roveyayinevi.com.tr\/index.php\/wp-json\/wp\/v2\/product_tag?post=715124"}],"curies":[{"name":"wp","href":"https:\/\/api.w.org\/{rel}","templated":true}]}}