{"id":715121,"date":"2025-08-27T17:26:31","date_gmt":"2025-08-27T14:26:31","guid":{"rendered":"https:\/\/roveyayinevi.com.tr\/index.php\/urun\/disiplinlerarasi-bakis-acisi-ile-yonetisim\/"},"modified":"2026-04-16T02:23:21","modified_gmt":"2026-04-15T23:23:21","slug":"disiplinlerarasi-bakis-acisi-ile-yonetisim","status":"publish","type":"product","link":"https:\/\/roveyayinevi.com.tr\/index.php\/urun\/disiplinlerarasi-bakis-acisi-ile-yonetisim\/","title":{"rendered":"Disiplinleraras\u0131 Bak\u0131\u015f A\u00e7\u0131s\u0131 ile Y\u00f6neti\u015fim"},"content":{"rendered":"<p>Y\u00f6netimden Y\u00f6neti\u015fime Y\u00f6neti\u015fim K\u00fcreselle\u015fme S\u00fcrd\u00fcr\u00fclebilirlik \u00dc\u00e7geninde Ye\u015fil Ekonomi Kentsel Y\u00f6neti\u015fimin \u00d6l\u00e7\u00fcm\u00fcnde Bir alternatif olarak Kentsel Y\u00f6neti\u015fim Endeksi K\u0131rsal Kalk\u0131nma Politikalar\u0131nda Y\u00f6neti\u015fimin De\u011fi\u015fen rol\u00fc Kurumsal Y\u00f6neti\u015fimde \u015eeffafl\u0131k ve Entegre Raporlama Y\u00f6neti\u015fim Perspektifinde \u00c7ok Uluslu \u015eirketler Vergilemede Y\u00f6neti\u015fim ve T\u00fcrk gelir \u0130daresinde Bir y\u00f6neti\u015fim uygulamas\u0131  <\/p>\n","protected":false},"excerpt":{"rendered":"<p>Y\u00f6netimden Y\u00f6neti\u015fime Y\u00f6neti\u015fim K\u00fcreselle\u015fme S\u00fcrd\u00fcr\u00fclebilirlik \u00dc\u00e7geninde Ye\u015fil Ekonomi Kentsel Y\u00f6neti\u015fimin \u00d6l\u00e7\u00fcm\u00fcnde Bir alternatif olarak Kentsel Y\u00f6neti\u015fim Endeksi K\u0131rsal Kalk\u0131nma Politikalar\u0131nda Y\u00f6neti\u015fimin De\u011fi\u015fen rol\u00fc Kurumsal Y\u00f6neti\u015fimde \u015eeffafl\u0131k<span class=\"excerpt-hellip\"> [\u2026]<\/span><\/p>\n","protected":false},"featured_media":0,"template":"","meta":{"_monsterinsights_skip_tracking":false,"_monsterinsights_sitenote_active":false,"_monsterinsights_sitenote_note":"","_monsterinsights_sitenote_category":0},"product_brand":[],"product_cat":[13043,14381],"product_tag":[],"class_list":{"0":"post-715121","1":"product","2":"type-product","3":"status-publish","5":"product_cat-ekonomi","6":"product_cat-isletme-muhasebe-maliye","7":"pa_cilt-ciltsiz","8":"pa_tur-kitap","9":"pa_yayinevi-gazi-kitabevi","10":"pa_yazar-tugba-ucma-uysal-ganite-kurt","12":"first","13":"instock","14":"sale","15":"shipping-taxable","16":"purchasable","17":"product-type-simple"},"_links":{"self":[{"href":"https:\/\/roveyayinevi.com.tr\/index.php\/wp-json\/wp\/v2\/product\/715121","targetHints":{"allow":["GET"]}}],"collection":[{"href":"https:\/\/roveyayinevi.com.tr\/index.php\/wp-json\/wp\/v2\/product"}],"about":[{"href":"https:\/\/roveyayinevi.com.tr\/index.php\/wp-json\/wp\/v2\/types\/product"}],"wp:attachment":[{"href":"https:\/\/roveyayinevi.com.tr\/index.php\/wp-json\/wp\/v2\/media?parent=715121"}],"wp:term":[{"taxonomy":"product_brand","embeddable":true,"href":"https:\/\/roveyayinevi.com.tr\/index.php\/wp-json\/wp\/v2\/product_brand?post=715121"},{"taxonomy":"product_cat","embeddable":true,"href":"https:\/\/roveyayinevi.com.tr\/index.php\/wp-json\/wp\/v2\/product_cat?post=715121"},{"taxonomy":"product_tag","embeddable":true,"href":"https:\/\/roveyayinevi.com.tr\/index.php\/wp-json\/wp\/v2\/product_tag?post=715121"}],"curies":[{"name":"wp","href":"https:\/\/api.w.org\/{rel}","templated":true}]}}