{"id":715120,"date":"2025-08-27T17:26:31","date_gmt":"2025-08-27T14:26:31","guid":{"rendered":"https:\/\/roveyayinevi.com.tr\/index.php\/urun\/kuantum-kimyasi-problemler-ve-cozumler\/"},"modified":"2026-04-16T02:23:21","modified_gmt":"2026-04-15T23:23:21","slug":"kuantum-kimyasi-problemler-ve-cozumler","status":"publish","type":"product","link":"https:\/\/roveyayinevi.com.tr\/index.php\/urun\/kuantum-kimyasi-problemler-ve-cozumler\/","title":{"rendered":"Kuantum Kimyas\u0131 &#8211; Problemler ve \u00c7\u00f6z\u00fcmler"},"content":{"rendered":"<p>Kuantum Teorisinin Do\u011fu\u015fu Kompleks Say\u0131lar Klasik Dalga Denklemi Olas\u0131l\u0131k ve \u0130statistik Schr\u00f6dinger Denklemi ve Kutudaki Tanecik  Vekt\u00f6rler Kuantum Mekani\u011finin Temel Varsayimlar\u0131 ve Prensipleri Seriler ve Limit Harmonik titre\u015fici ve Titre\u015fim Spektroskopisi K\u00fcresel Koordinatlar Kat\u0131 D\u00f6n\u00fcc\u00fc ve D\u00f6nme Spektroskopisi Determinantlar Hidrojen atomu Matrisler Yakla\u015f\u0131m Metotlar\u0131 \u00c7ok Elektronlu atomlar Kimyasal Ba\u011f Kimyasal ba\u011f\u0131n niteliksel teorisi Hartree-fock -Roothan Metodu <\/p>\n","protected":false},"excerpt":{"rendered":"<p>Kuantum Teorisinin Do\u011fu\u015fu Kompleks Say\u0131lar Klasik Dalga Denklemi Olas\u0131l\u0131k ve \u0130statistik Schr\u00f6dinger Denklemi ve Kutudaki Tanecik Vekt\u00f6rler Kuantum Mekani\u011finin Temel Varsayimlar\u0131 ve Prensipleri Seriler ve Limit<span class=\"excerpt-hellip\"> [\u2026]<\/span><\/p>\n","protected":false},"featured_media":0,"template":"","meta":{"_monsterinsights_skip_tracking":false,"_monsterinsights_sitenote_active":false,"_monsterinsights_sitenote_note":"","_monsterinsights_sitenote_category":0},"product_brand":[],"product_cat":[13005,37328],"product_tag":[],"class_list":{"0":"post-715120","1":"product","2":"type-product","3":"status-publish","5":"product_cat-bilim-muhendislik","6":"product_cat-diger-bilim-muhendislik","7":"pa_cilt-ciltsiz","8":"pa_tur-kitap","9":"pa_yayinevi-gazi-kitabevi","10":"pa_yazar-donald-a-mcquarrie","12":"first","13":"instock","14":"sale","15":"shipping-taxable","16":"purchasable","17":"product-type-simple"},"_links":{"self":[{"href":"https:\/\/roveyayinevi.com.tr\/index.php\/wp-json\/wp\/v2\/product\/715120","targetHints":{"allow":["GET"]}}],"collection":[{"href":"https:\/\/roveyayinevi.com.tr\/index.php\/wp-json\/wp\/v2\/product"}],"about":[{"href":"https:\/\/roveyayinevi.com.tr\/index.php\/wp-json\/wp\/v2\/types\/product"}],"wp:attachment":[{"href":"https:\/\/roveyayinevi.com.tr\/index.php\/wp-json\/wp\/v2\/media?parent=715120"}],"wp:term":[{"taxonomy":"product_brand","embeddable":true,"href":"https:\/\/roveyayinevi.com.tr\/index.php\/wp-json\/wp\/v2\/product_brand?post=715120"},{"taxonomy":"product_cat","embeddable":true,"href":"https:\/\/roveyayinevi.com.tr\/index.php\/wp-json\/wp\/v2\/product_cat?post=715120"},{"taxonomy":"product_tag","embeddable":true,"href":"https:\/\/roveyayinevi.com.tr\/index.php\/wp-json\/wp\/v2\/product_tag?post=715120"}],"curies":[{"name":"wp","href":"https:\/\/api.w.org\/{rel}","templated":true}]}}