{"id":715119,"date":"2025-08-27T17:26:30","date_gmt":"2025-08-27T14:26:30","guid":{"rendered":"https:\/\/roveyayinevi.com.tr\/index.php\/urun\/dis-morfolojisi-ve-anatomisi\/"},"modified":"2026-04-16T02:23:21","modified_gmt":"2026-04-15T23:23:21","slug":"dis-morfolojisi-ve-anatomisi","status":"publish","type":"product","link":"https:\/\/roveyayinevi.com.tr\/index.php\/urun\/dis-morfolojisi-ve-anatomisi\/","title":{"rendered":"Di\u015f Morfolojisi Ve Anatomisi"},"content":{"rendered":"<p>\u0130\u00e7indekiler   A\u011f\u0131z Bo\u015flu\u011funun ve Di\u015flerin Geli\u015fimi Morfolojik Kavramlar ve Tan\u0131mlar\u0131 Morfolojik Terimler D\u00fczlemler ve Eksenler Di\u015f Kronlar\u0131n\u0131n \u00c7e\u015fitli D\u00fczlemlerdeki Morfolojik \u00d6zelliklerinin K\u0131yaslanmas\u0131 Di\u015f Form\u00fclleri S\u00fcrekli Di\u015flerin Morfolojik Yap\u0131s\u0131 Kesici Di\u015fler K\u00f6pek Di\u015fleri K\u00fc\u00e7\u00fckaz\u0131 Di\u015fleri B\u00fcy\u00fckaz\u0131 Di\u015fleri S\u00fct Di\u015flerinin Morfolojik Yap\u0131s\u0131 Kesici Di\u015fler K\u00f6pek Di\u015fleri B\u00fcy\u00fckaz\u0131 Di\u015fleri Di\u015f Pulpas\u0131n\u0131n Morfolojik Yap\u0131s\u0131 S\u00fcrekli Di\u015flerin Pulpa Bo\u015fluklar\u0131n\u0131n Morfolojik Yap\u0131s\u0131 S\u00fct Di\u015flerinin Pulpa Bo\u015fluklar\u0131n\u0131n Morfolojik Yap\u0131s\u0131 Di\u015fhekimli\u011finde UyumlulukBilimi (Symvatologie) Di\u015f Hekimli\u011finde Modelaj (Oyumlama) Tekni\u011fi S\u00fcrekli Di\u015flerin Modelaj\u0131 S\u00fct Di\u015flerinin Modelaj\u0131 Literat\u00fcr Indeks Resim ve Tablolar Maksilla ve Mandibula da Di\u015fler ve Dokular ile \u0130lgili Metrik De\u011ferler \u00d6l\u00e7\u00fcm De\u011fi\u015fim Tablosu<\/p>\n","protected":false},"excerpt":{"rendered":"<p>\u0130\u00e7indekiler A\u011f\u0131z Bo\u015flu\u011funun ve Di\u015flerin Geli\u015fimi Morfolojik Kavramlar ve Tan\u0131mlar\u0131 Morfolojik Terimler D\u00fczlemler ve Eksenler Di\u015f Kronlar\u0131n\u0131n \u00c7e\u015fitli D\u00fczlemlerdeki Morfolojik \u00d6zelliklerinin K\u0131yaslanmas\u0131 Di\u015f Form\u00fclleri S\u00fcrekli Di\u015flerin<span class=\"excerpt-hellip\"> [\u2026]<\/span><\/p>\n","protected":false},"featured_media":0,"template":"","meta":{"_monsterinsights_skip_tracking":false,"_monsterinsights_sitenote_active":false,"_monsterinsights_sitenote_note":"","_monsterinsights_sitenote_category":0},"product_brand":[],"product_cat":[16965,13365],"product_tag":[],"class_list":{"0":"post-715119","1":"product","2":"type-product","3":"status-publish","5":"product_cat-genel-saglik-kitaplari","6":"product_cat-saglik","7":"pa_cilt-ciltsiz","8":"pa_tur-kitap","9":"pa_yayinevi-gazi-kitabevi","10":"pa_yazar-husnu-yavuzyilmaz","12":"first","13":"instock","14":"sale","15":"shipping-taxable","16":"purchasable","17":"product-type-simple"},"_links":{"self":[{"href":"https:\/\/roveyayinevi.com.tr\/index.php\/wp-json\/wp\/v2\/product\/715119","targetHints":{"allow":["GET"]}}],"collection":[{"href":"https:\/\/roveyayinevi.com.tr\/index.php\/wp-json\/wp\/v2\/product"}],"about":[{"href":"https:\/\/roveyayinevi.com.tr\/index.php\/wp-json\/wp\/v2\/types\/product"}],"wp:attachment":[{"href":"https:\/\/roveyayinevi.com.tr\/index.php\/wp-json\/wp\/v2\/media?parent=715119"}],"wp:term":[{"taxonomy":"product_brand","embeddable":true,"href":"https:\/\/roveyayinevi.com.tr\/index.php\/wp-json\/wp\/v2\/product_brand?post=715119"},{"taxonomy":"product_cat","embeddable":true,"href":"https:\/\/roveyayinevi.com.tr\/index.php\/wp-json\/wp\/v2\/product_cat?post=715119"},{"taxonomy":"product_tag","embeddable":true,"href":"https:\/\/roveyayinevi.com.tr\/index.php\/wp-json\/wp\/v2\/product_tag?post=715119"}],"curies":[{"name":"wp","href":"https:\/\/api.w.org\/{rel}","templated":true}]}}