{"id":715116,"date":"2025-08-27T17:26:28","date_gmt":"2025-08-27T14:26:28","guid":{"rendered":"https:\/\/roveyayinevi.com.tr\/index.php\/urun\/dokunmayin-portakalime\/"},"modified":"2026-04-11T13:42:53","modified_gmt":"2026-04-11T10:42:53","slug":"dokunmayin-portakalime","status":"publish","type":"product","link":"https:\/\/roveyayinevi.com.tr\/index.php\/urun\/dokunmayin-portakalime\/","title":{"rendered":"Dokunmay\u0131n Portakalime"},"content":{"rendered":"<p>Karanl\u0131\u011fa teslim olmayan \u00d6\u011fretmenlerin ve G\u00fcneydo\u011fulu \u00c7ocuklar\u0131n hikayesi.Bu kitapta ge\u00e7en olaylar tamamen ger\u00e7ektir.1991-1994 y\u0131llar\u0131 aras\u0131nda b\u00f6lgede g\u00f6rev yapan bir \u00f6\u011fretmenin ba\u015f\u0131ndan ge\u00e7en olaylarla birlikte Do\u011fu ve G\u00fcneydo\u011fu&#8217;da oynanan oyunlara bir e\u011fitimci g\u00f6z\u00fcyle sosyolojik bir perspektifte bak\u0131larak anlat\u0131lm\u0131\u015ft\u0131r.E\u011fitimsiz toplum; pusulas\u0131z gemi gibidir, r\u00fczg\u00e2r hangi y\u00f6ne eserse, o y\u00f6ne yelken a\u00e7ar.Devlet, ter\u00f6r\u00fc \u00f6nlemede harcad\u0131\u011f\u0131 paran\u0131n y\u00fczde birini, e\u011fitime ay\u0131rsayd\u0131, bug\u00fcn \u00f6rg\u00fctler ne vaat ederse etsinler,da\u011fa g\u00f6t\u00fcrecek bir gen\u00e7 bulamazlard\u0131.Kitap; Milli e\u011fitim bakanl\u0131\u011f\u0131 taraf\u0131ndan tavsiyeli kitaplar aras\u0131na al\u0131nm\u0131\u015ft\u0131r.<\/p>\n","protected":false},"excerpt":{"rendered":"<p>Karanl\u0131\u011fa teslim olmayan \u00d6\u011fretmenlerin ve G\u00fcneydo\u011fulu \u00c7ocuklar\u0131n hikayesi.Bu kitapta ge\u00e7en olaylar tamamen ger\u00e7ektir.1991-1994 y\u0131llar\u0131 aras\u0131nda b\u00f6lgede g\u00f6rev yapan bir \u00f6\u011fretmenin ba\u015f\u0131ndan ge\u00e7en olaylarla birlikte Do\u011fu ve<span class=\"excerpt-hellip\"> [\u2026]<\/span><\/p>\n","protected":false},"featured_media":0,"template":"","meta":{"_monsterinsights_skip_tracking":false,"_monsterinsights_sitenote_active":false,"_monsterinsights_sitenote_note":"","_monsterinsights_sitenote_category":0},"product_brand":[],"product_cat":[12291,12711],"product_tag":[],"class_list":{"0":"post-715116","1":"product","2":"type-product","3":"status-publish","5":"product_cat-edebiyat","6":"product_cat-roman-oyku","7":"pa_cilt-ciltsiz","8":"pa_tur-kitap","9":"pa_yayinevi-yediveren-yayinlari","10":"pa_yazar-bilal-civelek","12":"first","13":"instock","14":"sale","15":"shipping-taxable","16":"purchasable","17":"product-type-simple"},"_links":{"self":[{"href":"https:\/\/roveyayinevi.com.tr\/index.php\/wp-json\/wp\/v2\/product\/715116","targetHints":{"allow":["GET"]}}],"collection":[{"href":"https:\/\/roveyayinevi.com.tr\/index.php\/wp-json\/wp\/v2\/product"}],"about":[{"href":"https:\/\/roveyayinevi.com.tr\/index.php\/wp-json\/wp\/v2\/types\/product"}],"wp:attachment":[{"href":"https:\/\/roveyayinevi.com.tr\/index.php\/wp-json\/wp\/v2\/media?parent=715116"}],"wp:term":[{"taxonomy":"product_brand","embeddable":true,"href":"https:\/\/roveyayinevi.com.tr\/index.php\/wp-json\/wp\/v2\/product_brand?post=715116"},{"taxonomy":"product_cat","embeddable":true,"href":"https:\/\/roveyayinevi.com.tr\/index.php\/wp-json\/wp\/v2\/product_cat?post=715116"},{"taxonomy":"product_tag","embeddable":true,"href":"https:\/\/roveyayinevi.com.tr\/index.php\/wp-json\/wp\/v2\/product_tag?post=715116"}],"curies":[{"name":"wp","href":"https:\/\/api.w.org\/{rel}","templated":true}]}}