{"id":715114,"date":"2025-08-27T17:26:27","date_gmt":"2025-08-27T14:26:27","guid":{"rendered":"https:\/\/roveyayinevi.com.tr\/index.php\/urun\/karanlik-2\/"},"modified":"2025-11-20T04:53:24","modified_gmt":"2025-11-20T01:53:24","slug":"karanlik-2","status":"publish","type":"product","link":"https:\/\/roveyayinevi.com.tr\/index.php\/urun\/karanlik-2\/","title":{"rendered":"Karanl\u0131k"},"content":{"rendered":"<p>E L James, t\u00fcm d\u00fcnyada milyonlarca okuru pe\u015finden s\u00fcr\u00fckleyen a\u015fk masal\u0131na daha derin ve karanl\u0131k bir boyut vererek Christian\u2019la Anastasia\u2019n\u0131n hik\u00e2yesine geri d\u00f6n\u00fcyor. Tutkulu Ve Yak\u0131c\u0131 ili\u015fkileri kalp k\u0131r\u0131kl\u0131\u011f\u0131 ve su\u00e7lamalarla sona erdi ama Christian Grey, Ana Steele\u2019i ne akl\u0131ndan ne de teninden atabiliyor. Onu geri kazanma azmiyle en karanl\u0131k arzular\u0131n\u0131 ve mutlak kontrol ihtiyac\u0131n\u0131 bast\u0131rmaya, Ana\u2019n\u0131n istedi\u011fi \u015fekilde onu sevmeye \u00e7al\u0131\u015f\u0131yor. Yine de \u00e7ocuklu\u011funun korkular\u0131 h\u00e2l\u00e2 pe\u015finde. S\u0131rda\u015f\u0131 ve terapisti Dr. Flynn, Christian\u2019\u0131n \u015feytanlar\u0131yla y\u00fczle\u015fmesine yard\u0131m edebilecek mi? Yoksa ba\u015ftan \u00e7\u0131kar\u0131c\u0131 Elena\u2019n\u0131n sahip olma arzusu ve eski k\u00f6lesi Leila\u2019n\u0131n kendini adam\u0131\u015fl\u0131\u011f\u0131 Christian\u2019\u0131 ge\u00e7mi\u015fine mi s\u00fcr\u00fckleyecek?Ve Ana\u2019y\u0131 ger\u00e7ekten geri kazansa bile, bu kadar karanl\u0131k ve ar\u0131zal\u0131 bir adam onu elinde tutabilecek mi? <\/p>\n","protected":false},"excerpt":{"rendered":"<p>E L James, t\u00fcm d\u00fcnyada milyonlarca okuru pe\u015finden s\u00fcr\u00fckleyen a\u015fk masal\u0131na daha derin ve karanl\u0131k bir boyut vererek Christian\u2019la Anastasia\u2019n\u0131n hik\u00e2yesine geri d\u00f6n\u00fcyor. Tutkulu Ve Yak\u0131c\u0131<span class=\"excerpt-hellip\"> [\u2026]<\/span><\/p>\n","protected":false},"featured_media":0,"template":"","meta":{"_monsterinsights_skip_tracking":false,"_monsterinsights_sitenote_active":false,"_monsterinsights_sitenote_note":"","_monsterinsights_sitenote_category":0},"product_brand":[],"product_cat":[12291,12711],"product_tag":[],"class_list":{"0":"post-715114","1":"product","2":"type-product","3":"status-publish","5":"product_cat-edebiyat","6":"product_cat-roman-oyku","7":"pa_cilt-ciltsiz","8":"pa_tur-kitap","9":"pa_yayinevi-dogan-kitap","10":"pa_yazar-e-l-james","12":"first","13":"instock","14":"sale","15":"shipping-taxable","16":"purchasable","17":"product-type-simple"},"_links":{"self":[{"href":"https:\/\/roveyayinevi.com.tr\/index.php\/wp-json\/wp\/v2\/product\/715114","targetHints":{"allow":["GET"]}}],"collection":[{"href":"https:\/\/roveyayinevi.com.tr\/index.php\/wp-json\/wp\/v2\/product"}],"about":[{"href":"https:\/\/roveyayinevi.com.tr\/index.php\/wp-json\/wp\/v2\/types\/product"}],"wp:attachment":[{"href":"https:\/\/roveyayinevi.com.tr\/index.php\/wp-json\/wp\/v2\/media?parent=715114"}],"wp:term":[{"taxonomy":"product_brand","embeddable":true,"href":"https:\/\/roveyayinevi.com.tr\/index.php\/wp-json\/wp\/v2\/product_brand?post=715114"},{"taxonomy":"product_cat","embeddable":true,"href":"https:\/\/roveyayinevi.com.tr\/index.php\/wp-json\/wp\/v2\/product_cat?post=715114"},{"taxonomy":"product_tag","embeddable":true,"href":"https:\/\/roveyayinevi.com.tr\/index.php\/wp-json\/wp\/v2\/product_tag?post=715114"}],"curies":[{"name":"wp","href":"https:\/\/api.w.org\/{rel}","templated":true}]}}