{"id":715112,"date":"2025-08-27T17:26:26","date_gmt":"2025-08-27T14:26:26","guid":{"rendered":"https:\/\/roveyayinevi.com.tr\/index.php\/urun\/beyaz-dis-13\/"},"modified":"2026-04-16T02:23:21","modified_gmt":"2026-04-15T23:23:21","slug":"beyaz-dis-13","status":"publish","type":"product","link":"https:\/\/roveyayinevi.com.tr\/index.php\/urun\/beyaz-dis-13\/","title":{"rendered":"Beyaz Di\u015f"},"content":{"rendered":"<p>Yaban\u2019\u0131n boyune\u011fmez, d\u00f6v\u00fc\u015fken kurdu Beyaz Di\u015f, etraf\u0131n\u0131 sarmalayan \u00e7etin do\u011fay\u0131, ac\u0131mas\u0131z insanlar\u0131, a\u00e7l\u0131\u011f\u0131 ve yorgunlu\u011fu a\u015f\u0131p mutlulu\u011fa ko\u015fuyor. Beyaz Di\u015f, Yaban\u2019da do\u011fan vah\u015fi bir kurdun insanlarla tan\u0131\u015farak evcille\u015fmesini ve bu s\u00fcre\u00e7teki \u00e7ileli maceras\u0131n\u0131 konu ediniyor. Yaban\u2019\u0131n ve insanlarla birlikte ya\u015faman\u0131n kendine has g\u00fc\u00e7l\u00fckleri vard\u0131r. Beyaz Di\u015f, bunlar\u0131n her birini ya\u015fam\u0131\u015f, hayat\u0131n bu \u00e7etin \u015fartlar\u0131 kar\u015f\u0131s\u0131nda h\u0131r\u00e7\u0131nla\u015fm\u0131\u015f, vah\u015fi bir kurt i\u00e7in bile sert, sald\u0131rgan tabiata b\u00fcr\u00fcnm\u00fc\u015ft\u00fcr. Neyse ki talihi ona hayat\u0131n g\u00fczelliklerini de ke\u015ffedebilece\u011fi bir f\u0131rsat \u00e7\u0131karacakt\u0131r. &#8230;Gen\u00e7 kurt eski arkada\u015flar\u0131n\u0131n ac\u0131mas\u0131z di\u015fleriyle ku\u015fat\u0131lm\u0131\u015ft\u0131 her iki yandan. Birlikte avland\u0131klar\u0131 g\u00fcnler, yakalad\u0131klar\u0131 hayvanlar, ya\u015fad\u0131klar\u0131 o b\u00fcy\u00fck k\u0131tl\u0131k unutulmu\u015ftu. O i\u015fler art\u0131k geride kalm\u0131\u015ft\u0131. \u015eimdi s\u00f6z konusu olan a\u015fkt\u0131; yiyecek bulmaktan \u00e7ok daha ac\u0131mas\u0131z, \u00e7ok daha amans\u0131z bir konuydu a\u015fk&#8230; Jack London Amerikal\u0131 yazar ve gazeteci. \u00c7ocuklu\u011fu yoksulluk i\u00e7inde ge\u00e7en London, hen\u00fcz be\u015f ya\u015f\u0131ndayken kendi kendine okumay\u0131 \u00f6\u011frendi fakat e\u011fitim hayat\u0131 maddi imk\u00e2ns\u0131zl\u0131klardan \u00f6t\u00fcr\u00fc s\u00fcrekli kesintiye u\u011frad\u0131. Maceraperest ki\u015fili\u011fi onu do\u011fdu\u011fu Amerika\u2019dan Japonya\u2019ya, oradan Alaska\u2019ya kadar s\u00fcr\u00fckledi. Alt\u0131n avc\u0131l\u0131\u011f\u0131 yapmak i\u00e7in geldi\u011fi Alaska\u2019da g\u00f6rd\u00fckleri ve ya\u015fad\u0131klar\u0131 London\u2019\u0131n yazar kimli\u011finin olu\u015fmas\u0131na b\u00fcy\u00fck katk\u0131 sa\u011flad\u0131. Daha \u00e7ok roman ve k\u0131sa hik\u00e2yeleriyle tan\u0131nan London \u015fiir, biyografi ve kurgu d\u0131\u015f\u0131 alanlarda da eserler vermi\u015f, k\u0131rk y\u0131ll\u0131k ya\u015fam\u0131na elliden fazla kitap s\u0131\u011fd\u0131rm\u0131\u015ft\u0131r. Vah\u015fetin \u00c7a\u011fr\u0131s\u0131, Martin Eden, Demir \u00d6k\u00e7e, Beyaz Di\u015f ve Deniz Kurdu t\u00fcm d\u00fcnyada tan\u0131nan \u00f6nemli eserleridir. Sonradan \u201cbilimkurgu\u201d olarak adland\u0131r\u0131lacak olan t\u00fcr\u00fcn \u00f6nc\u00fcl yazarlar\u0131 aras\u0131ndad\u0131r. <\/p>\n","protected":false},"excerpt":{"rendered":"<p>Yaban\u2019\u0131n boyune\u011fmez, d\u00f6v\u00fc\u015fken kurdu Beyaz Di\u015f, etraf\u0131n\u0131 sarmalayan \u00e7etin do\u011fay\u0131, ac\u0131mas\u0131z insanlar\u0131, a\u00e7l\u0131\u011f\u0131 ve yorgunlu\u011fu a\u015f\u0131p mutlulu\u011fa ko\u015fuyor. Beyaz Di\u015f, Yaban\u2019da do\u011fan vah\u015fi bir kurdun insanlarla<span class=\"excerpt-hellip\"> [\u2026]<\/span><\/p>\n","protected":false},"featured_media":0,"template":"","meta":{"_monsterinsights_skip_tracking":false,"_monsterinsights_sitenote_active":false,"_monsterinsights_sitenote_note":"","_monsterinsights_sitenote_category":0},"product_brand":[],"product_cat":[12274,12467],"product_tag":[],"class_list":{"0":"post-715112","1":"product","2":"type-product","3":"status-publish","5":"product_cat-cocuk-ve-genclik-kitaplari","6":"product_cat-dunya-klasikleri","7":"pa_cilt-ciltsiz","8":"pa_tur-kitap","9":"pa_yayinevi-yapi-kredi-yayinlari","10":"pa_yazar-jack-london","12":"first","13":"instock","14":"sale","15":"shipping-taxable","16":"purchasable","17":"product-type-simple"},"_links":{"self":[{"href":"https:\/\/roveyayinevi.com.tr\/index.php\/wp-json\/wp\/v2\/product\/715112","targetHints":{"allow":["GET"]}}],"collection":[{"href":"https:\/\/roveyayinevi.com.tr\/index.php\/wp-json\/wp\/v2\/product"}],"about":[{"href":"https:\/\/roveyayinevi.com.tr\/index.php\/wp-json\/wp\/v2\/types\/product"}],"wp:attachment":[{"href":"https:\/\/roveyayinevi.com.tr\/index.php\/wp-json\/wp\/v2\/media?parent=715112"}],"wp:term":[{"taxonomy":"product_brand","embeddable":true,"href":"https:\/\/roveyayinevi.com.tr\/index.php\/wp-json\/wp\/v2\/product_brand?post=715112"},{"taxonomy":"product_cat","embeddable":true,"href":"https:\/\/roveyayinevi.com.tr\/index.php\/wp-json\/wp\/v2\/product_cat?post=715112"},{"taxonomy":"product_tag","embeddable":true,"href":"https:\/\/roveyayinevi.com.tr\/index.php\/wp-json\/wp\/v2\/product_tag?post=715112"}],"curies":[{"name":"wp","href":"https:\/\/api.w.org\/{rel}","templated":true}]}}