{"id":715111,"date":"2025-08-27T17:26:25","date_gmt":"2025-08-27T14:26:25","guid":{"rendered":"https:\/\/roveyayinevi.com.tr\/index.php\/urun\/dus-yolcusu\/"},"modified":"2026-04-16T02:23:21","modified_gmt":"2026-04-15T23:23:21","slug":"dus-yolcusu","status":"publish","type":"product","link":"https:\/\/roveyayinevi.com.tr\/index.php\/urun\/dus-yolcusu\/","title":{"rendered":"D\u00fc\u015f Yolcusu"},"content":{"rendered":"<p>D\u00fc\u015f Yolcusu, \u00e7ocuklu\u011fun renkli ve s\u0131n\u0131rs\u0131z d\u00fcnyas\u0131nda ge\u00e7en, ba\u015fkalar\u0131n\u0131 anlamak ve b\u00fcy\u00fcmek hakk\u0131nda, hem k\u00fc\u00e7\u00fcklerin hem de b\u00fcy\u00fcklerin keyifle okuyaca\u011f\u0131 bir kitap. Yeti\u015fkinler, Peter Fortune\u2019\u0131 sessiz, hattazaman zaman zor bir \u00e7ocuk olarak biliyor: Uzun uzun g\u00f6ky\u00fcz\u00fcn\u00fc seyreden ve ad\u0131 \u00e7a\u011fr\u0131ld\u0131\u011f\u0131nda i\u015fitmeyen bir \u00e7ocuk olarak. Oysa Peter\u2019\u0131n bu halinin nedeni, dur durak bilmeden i\u015fleyen hayal g\u00fcc\u00fc. Peter hayal kurmay\u0131 o kadar \u00e7ok seviyor ki, ger\u00e7eklerin nerede bitip hayallerin nerede ba\u015flad\u0131\u011f\u0131n\u0131 \u00e7o\u011fu zaman birbirine kar\u0131\u015ft\u0131r\u0131yor. D\u00fc\u015f Yolcusu\u2019nda yer alan, birbiriyle ba\u011flant\u0131l\u0131 yedi \u00f6yk\u00fcde, Peter kendini bir kedinin, bir bebe\u011fin ve bir yeti\u015fkinin bedeninde bulup d\u00fcnyaya onlar\u0131n g\u00f6z\u00fcnden bak\u0131yor; evde bir h\u0131rs\u0131zla, okulda da bir kabaday\u0131yla kar\u015f\u0131 kar\u015f\u0131ya gelirken hayal g\u00fcc\u00fcnden yard\u0131m al\u0131yor. <\/p>\n","protected":false},"excerpt":{"rendered":"<p>D\u00fc\u015f Yolcusu, \u00e7ocuklu\u011fun renkli ve s\u0131n\u0131rs\u0131z d\u00fcnyas\u0131nda ge\u00e7en, ba\u015fkalar\u0131n\u0131 anlamak ve b\u00fcy\u00fcmek hakk\u0131nda, hem k\u00fc\u00e7\u00fcklerin hem de b\u00fcy\u00fcklerin keyifle okuyaca\u011f\u0131 bir kitap. Yeti\u015fkinler, Peter Fortune\u2019\u0131 sessiz,<span class=\"excerpt-hellip\"> [\u2026]<\/span><\/p>\n","protected":false},"featured_media":0,"template":"","meta":{"_monsterinsights_skip_tracking":false,"_monsterinsights_sitenote_active":false,"_monsterinsights_sitenote_note":"","_monsterinsights_sitenote_category":0},"product_brand":[],"product_cat":[12275,12274],"product_tag":[],"class_list":{"0":"post-715111","1":"product","2":"type-product","3":"status-publish","5":"product_cat-6-12-yas-kitaplari","6":"product_cat-cocuk-ve-genclik-kitaplari","7":"pa_cilt-ciltsiz","8":"pa_tur-kitap","9":"pa_yayinevi-yapi-kredi-yayinlari","10":"pa_yazar-ian-mcewan","12":"first","13":"instock","14":"sale","15":"shipping-taxable","16":"purchasable","17":"product-type-simple"},"_links":{"self":[{"href":"https:\/\/roveyayinevi.com.tr\/index.php\/wp-json\/wp\/v2\/product\/715111","targetHints":{"allow":["GET"]}}],"collection":[{"href":"https:\/\/roveyayinevi.com.tr\/index.php\/wp-json\/wp\/v2\/product"}],"about":[{"href":"https:\/\/roveyayinevi.com.tr\/index.php\/wp-json\/wp\/v2\/types\/product"}],"wp:attachment":[{"href":"https:\/\/roveyayinevi.com.tr\/index.php\/wp-json\/wp\/v2\/media?parent=715111"}],"wp:term":[{"taxonomy":"product_brand","embeddable":true,"href":"https:\/\/roveyayinevi.com.tr\/index.php\/wp-json\/wp\/v2\/product_brand?post=715111"},{"taxonomy":"product_cat","embeddable":true,"href":"https:\/\/roveyayinevi.com.tr\/index.php\/wp-json\/wp\/v2\/product_cat?post=715111"},{"taxonomy":"product_tag","embeddable":true,"href":"https:\/\/roveyayinevi.com.tr\/index.php\/wp-json\/wp\/v2\/product_tag?post=715111"}],"curies":[{"name":"wp","href":"https:\/\/api.w.org\/{rel}","templated":true}]}}