{"id":715107,"date":"2025-08-27T17:26:22","date_gmt":"2025-08-27T14:26:22","guid":{"rendered":"https:\/\/roveyayinevi.com.tr\/index.php\/urun\/basarili-cocuklar-yetistiren-annelerin-10-sirri\/"},"modified":"2026-04-16T02:23:20","modified_gmt":"2026-04-15T23:23:20","slug":"basarili-cocuklar-yetistiren-annelerin-10-sirri","status":"publish","type":"product","link":"https:\/\/roveyayinevi.com.tr\/index.php\/urun\/basarili-cocuklar-yetistiren-annelerin-10-sirri\/","title":{"rendered":"Ba\u015far\u0131l\u0131 \u00c7ocuklar Yeti\u015ftiren Annelerin 10 S\u0131rr\u0131"},"content":{"rendered":"<p>Ba\u015far\u0131lar\u0131 ile d\u00fcnyay\u0131 de\u011fi\u015ftiren insanlar, genellikle ba\u015far\u0131lar\u0131n\u0131n ard\u0131ndaki en b\u00fcy\u00fck s\u0131rr\u0131n anneleri oldu\u011funu s\u00f6ylerler. Peki, ya onlar\u0131 yeti\u015ftiren annelerin s\u0131rlar\u0131?G\u00fcn\u00fcm\u00fcz\u00fcn b\u00fcy\u00fck markalar\u0131n\u0131n kurucular\u0131, \u00fcnl\u00fc sporcular, sanat\u00e7\u0131lar ya da d\u00fcnyay\u0131 daha iyi bir yer h\u00e2line getirmek u\u011fruna \u00e7al\u0131\u015fan hay\u0131rseverler\u2026 Ba\u015far\u0131l\u0131 olarak adland\u0131rd\u0131\u011f\u0131m\u0131z herkes bir zamanlar \u00e7ocuktu. Peki, birbirinden farkl\u0131 dinlerden, k\u00fclt\u00fcrlerden gelen ve bamba\u015fka aile yap\u0131lar\u0131na sahip bu \u00e7ocuklar\u0131n ortak bir noktas\u0131 olabilir miydi? Bu sorunun pe\u015fine d\u00fc\u015fen Margot Machol Bisnow, buldu\u011fu cevaplarla ebeveynlik anlay\u0131\u015f\u0131na yepyeni bir bak\u0131\u015f a\u00e7\u0131s\u0131 kazand\u0131rm\u0131\u015f oldu. \u00c7\u00fcnk\u00fc ba\u015far\u0131n\u0131n genetikle, al\u0131nan e\u011fitimle ya da zek\u00e2yla bir ilgisi yoktu. Bu \u00e7ocuklar\u0131n tek bir ortak noktas\u0131 vard\u0131: Yeti\u015ftirilme tarzlar\u0131!Ba\u015far\u0131l\u0131 \u00c7ocuklar Yeti\u015ftiren Annelerin 10 S\u0131rr\u0131, hayallerinin pe\u015finden gidebilen, cesur, ba\u015far\u0131l\u0131 ve kendine g\u00fcvenen \u00e7ocuklar yeti\u015ftirmek isteyen ebeveynler i\u00e7in on \u00f6nemli kural\u0131 bir araya getiriyor. Her kural, birbirinden farkl\u0131 alanlarda ad\u0131ndan s\u00f6z ettirmeyi ba\u015farm\u0131\u015f onlarca insan ve annelerinin ya\u015fanm\u0131\u015f hik\u00e2yeleriyle gelece\u011fin y\u0131ld\u0131zlar\u0131n\u0131 b\u00fcy\u00fcten annelere yol g\u00f6steriyor.\u0130stisnas\u0131z her \u00e7ocuk i\u00e7inde bir cevher saklar. Siz de kendi \u00e7ocu\u011funuzun i\u00e7indeki cevheri bulmas\u0131 i\u00e7in ona yol g\u00f6stermek, onun tutkular\u0131n\u0131 desteklemek ve hayallerine ula\u015fmas\u0131n\u0131 sa\u011flamak istiyorsan\u0131z bu kitap tam size g\u00f6re.<\/p>\n","protected":false},"excerpt":{"rendered":"<p>Ba\u015far\u0131lar\u0131 ile d\u00fcnyay\u0131 de\u011fi\u015ftiren insanlar, genellikle ba\u015far\u0131lar\u0131n\u0131n ard\u0131ndaki en b\u00fcy\u00fck s\u0131rr\u0131n anneleri oldu\u011funu s\u00f6ylerler. Peki, ya onlar\u0131 yeti\u015ftiren annelerin s\u0131rlar\u0131?G\u00fcn\u00fcm\u00fcz\u00fcn b\u00fcy\u00fck markalar\u0131n\u0131n kurucular\u0131, \u00fcnl\u00fc sporcular, sanat\u00e7\u0131lar<span class=\"excerpt-hellip\"> [\u2026]<\/span><\/p>\n","protected":false},"featured_media":0,"template":"","meta":{"_monsterinsights_skip_tracking":false,"_monsterinsights_sitenote_active":false,"_monsterinsights_sitenote_note":"","_monsterinsights_sitenote_category":0},"product_brand":[],"product_cat":[12567,12566],"product_tag":[],"class_list":{"0":"post-715107","1":"product","2":"type-product","3":"status-publish","5":"product_cat-diger-egitim","6":"product_cat-egitim","7":"pa_cilt-ciltsiz","8":"pa_tur-kitap","9":"pa_yayinevi-beyaz-balina-yayinlari","10":"pa_yazar-magot-machol-bisnow","12":"first","13":"instock","14":"sale","15":"shipping-taxable","16":"purchasable","17":"product-type-simple"},"_links":{"self":[{"href":"https:\/\/roveyayinevi.com.tr\/index.php\/wp-json\/wp\/v2\/product\/715107","targetHints":{"allow":["GET"]}}],"collection":[{"href":"https:\/\/roveyayinevi.com.tr\/index.php\/wp-json\/wp\/v2\/product"}],"about":[{"href":"https:\/\/roveyayinevi.com.tr\/index.php\/wp-json\/wp\/v2\/types\/product"}],"wp:attachment":[{"href":"https:\/\/roveyayinevi.com.tr\/index.php\/wp-json\/wp\/v2\/media?parent=715107"}],"wp:term":[{"taxonomy":"product_brand","embeddable":true,"href":"https:\/\/roveyayinevi.com.tr\/index.php\/wp-json\/wp\/v2\/product_brand?post=715107"},{"taxonomy":"product_cat","embeddable":true,"href":"https:\/\/roveyayinevi.com.tr\/index.php\/wp-json\/wp\/v2\/product_cat?post=715107"},{"taxonomy":"product_tag","embeddable":true,"href":"https:\/\/roveyayinevi.com.tr\/index.php\/wp-json\/wp\/v2\/product_tag?post=715107"}],"curies":[{"name":"wp","href":"https:\/\/api.w.org\/{rel}","templated":true}]}}