{"id":715106,"date":"2025-08-27T17:26:22","date_gmt":"2025-08-27T14:26:22","guid":{"rendered":"https:\/\/roveyayinevi.com.tr\/index.php\/urun\/bobbo-ne-yapiyorsun\/"},"modified":"2026-04-03T02:29:35","modified_gmt":"2026-04-02T23:29:35","slug":"bobbo-ne-yapiyorsun","status":"publish","type":"product","link":"https:\/\/roveyayinevi.com.tr\/index.php\/urun\/bobbo-ne-yapiyorsun\/","title":{"rendered":"Bobbo Ne Yap\u0131yorsun"},"content":{"rendered":"<p>Ormanda ya\u015far, D\u00fc\u015f\u00fcn\u00fcr ve ak\u0131l yorar. K\u00fcrk\u00fc vard\u0131r k\u0131v\u0131rc\u0131k, Merakl\u0131d\u0131r da az\u0131c\u0131k. Onun ad\u0131 Bobbo, \u00c7ok sevdi\u011fimiz bir ay\u0131c\u0131k! Bobbo  bakmay\u0131, dinlemeyi, anlamay\u0131 ve \u00f6\u011frenmeyi  \u00e7ok seven merakl\u0131 bir ay\u0131c\u0131k. Ne zaman ormanda gezintiye  \u00e7\u0131ksa kendisiyle ve hayatla ilgili yeni \u015feyler \u00f6\u011freniyor. Bobbo ile tan\u0131\u015f\u0131p onunla ke\u015ffe \u00e7\u0131kmaya ne dersiniz? <\/p>\n","protected":false},"excerpt":{"rendered":"<p>Ormanda ya\u015far, D\u00fc\u015f\u00fcn\u00fcr ve ak\u0131l yorar. K\u00fcrk\u00fc vard\u0131r k\u0131v\u0131rc\u0131k, Merakl\u0131d\u0131r da az\u0131c\u0131k. Onun ad\u0131 Bobbo, \u00c7ok sevdi\u011fimiz bir ay\u0131c\u0131k! Bobbo bakmay\u0131, dinlemeyi, anlamay\u0131 ve \u00f6\u011frenmeyi \u00e7ok<span class=\"excerpt-hellip\"> [\u2026]<\/span><\/p>\n","protected":false},"featured_media":0,"template":"","meta":{"_monsterinsights_skip_tracking":false,"_monsterinsights_sitenote_active":false,"_monsterinsights_sitenote_note":"","_monsterinsights_sitenote_category":0},"product_brand":[],"product_cat":[12274,12284],"product_tag":[],"class_list":{"0":"post-715106","1":"product","2":"type-product","3":"status-publish","5":"product_cat-cocuk-ve-genclik-kitaplari","6":"product_cat-hikayeler","7":"pa_cilt-ciltsiz","8":"pa_tur-kitap","9":"pa_yayinevi-can-cocuk-yayinlari","10":"pa_yazar-roberto-piumini","12":"first","13":"instock","14":"sale","15":"shipping-taxable","16":"purchasable","17":"product-type-simple"},"_links":{"self":[{"href":"https:\/\/roveyayinevi.com.tr\/index.php\/wp-json\/wp\/v2\/product\/715106","targetHints":{"allow":["GET"]}}],"collection":[{"href":"https:\/\/roveyayinevi.com.tr\/index.php\/wp-json\/wp\/v2\/product"}],"about":[{"href":"https:\/\/roveyayinevi.com.tr\/index.php\/wp-json\/wp\/v2\/types\/product"}],"wp:attachment":[{"href":"https:\/\/roveyayinevi.com.tr\/index.php\/wp-json\/wp\/v2\/media?parent=715106"}],"wp:term":[{"taxonomy":"product_brand","embeddable":true,"href":"https:\/\/roveyayinevi.com.tr\/index.php\/wp-json\/wp\/v2\/product_brand?post=715106"},{"taxonomy":"product_cat","embeddable":true,"href":"https:\/\/roveyayinevi.com.tr\/index.php\/wp-json\/wp\/v2\/product_cat?post=715106"},{"taxonomy":"product_tag","embeddable":true,"href":"https:\/\/roveyayinevi.com.tr\/index.php\/wp-json\/wp\/v2\/product_tag?post=715106"}],"curies":[{"name":"wp","href":"https:\/\/api.w.org\/{rel}","templated":true}]}}