{"id":715103,"date":"2025-08-27T17:26:20","date_gmt":"2025-08-27T14:26:20","guid":{"rendered":"https:\/\/roveyayinevi.com.tr\/index.php\/urun\/istatistige-giris-1\/"},"modified":"2026-04-16T02:23:20","modified_gmt":"2026-04-15T23:23:20","slug":"istatistige-giris-1","status":"publish","type":"product","link":"https:\/\/roveyayinevi.com.tr\/index.php\/urun\/istatistige-giris-1\/","title":{"rendered":"\u0130statisti\u011fe Giri\u015f 1"},"content":{"rendered":"<p>\u0130statisti\u011fin Niteli\u011fi ve Konusu Betimsel Ama\u00e7 Merkezi E\u011filim ve Da\u011f\u0131l\u0131m \u00d6l\u00e7\u00fcleri \u0130ndeksler Olas\u0131l\u0131k Kuram\u0131 Tesad\u00fcfi De\u011fi\u015fkenler \u00d6nemli Kesikli Olas\u0131l\u0131k Da\u011f\u0131l\u0131mlar\u0131 Normal Da\u011f\u0131l\u0131m <\/p>\n","protected":false},"excerpt":{"rendered":"<p>\u0130statisti\u011fin Niteli\u011fi ve Konusu Betimsel Ama\u00e7 Merkezi E\u011filim ve Da\u011f\u0131l\u0131m \u00d6l\u00e7\u00fcleri \u0130ndeksler Olas\u0131l\u0131k Kuram\u0131 Tesad\u00fcfi De\u011fi\u015fkenler \u00d6nemli Kesikli Olas\u0131l\u0131k Da\u011f\u0131l\u0131mlar\u0131 Normal Da\u011f\u0131l\u0131m<\/p>\n","protected":false},"featured_media":0,"template":"","meta":{"_monsterinsights_skip_tracking":false,"_monsterinsights_sitenote_active":false,"_monsterinsights_sitenote_note":"","_monsterinsights_sitenote_category":0},"product_brand":[],"product_cat":[13043,14381],"product_tag":[],"class_list":{"0":"post-715103","1":"product","2":"type-product","3":"status-publish","5":"product_cat-ekonomi","6":"product_cat-isletme-muhasebe-maliye","7":"pa_cilt-ciltsiz","8":"pa_tur-kitap","9":"pa_yayinevi-gazi-kitabevi","10":"pa_yazar-serdar-kilickaplan","12":"first","13":"instock","14":"sale","15":"shipping-taxable","16":"purchasable","17":"product-type-simple"},"_links":{"self":[{"href":"https:\/\/roveyayinevi.com.tr\/index.php\/wp-json\/wp\/v2\/product\/715103","targetHints":{"allow":["GET"]}}],"collection":[{"href":"https:\/\/roveyayinevi.com.tr\/index.php\/wp-json\/wp\/v2\/product"}],"about":[{"href":"https:\/\/roveyayinevi.com.tr\/index.php\/wp-json\/wp\/v2\/types\/product"}],"wp:attachment":[{"href":"https:\/\/roveyayinevi.com.tr\/index.php\/wp-json\/wp\/v2\/media?parent=715103"}],"wp:term":[{"taxonomy":"product_brand","embeddable":true,"href":"https:\/\/roveyayinevi.com.tr\/index.php\/wp-json\/wp\/v2\/product_brand?post=715103"},{"taxonomy":"product_cat","embeddable":true,"href":"https:\/\/roveyayinevi.com.tr\/index.php\/wp-json\/wp\/v2\/product_cat?post=715103"},{"taxonomy":"product_tag","embeddable":true,"href":"https:\/\/roveyayinevi.com.tr\/index.php\/wp-json\/wp\/v2\/product_tag?post=715103"}],"curies":[{"name":"wp","href":"https:\/\/api.w.org\/{rel}","templated":true}]}}