{"id":715102,"date":"2025-08-27T17:26:19","date_gmt":"2025-08-27T14:26:19","guid":{"rendered":"https:\/\/roveyayinevi.com.tr\/index.php\/urun\/fircanin-ucundaki-hikayeler\/"},"modified":"2026-04-16T02:23:20","modified_gmt":"2026-04-15T23:23:20","slug":"fircanin-ucundaki-hikayeler","status":"publish","type":"product","link":"https:\/\/roveyayinevi.com.tr\/index.php\/urun\/fircanin-ucundaki-hikayeler\/","title":{"rendered":"F\u0131r\u00e7an\u0131n Ucundaki Hikayeler"},"content":{"rendered":"<p>Zaman\u0131n ak\u0131\u015f\u0131 kar\u015f\u0131s\u0131ndaki \u00e7aresizli\u011fimizin, huzursuz bekleyi\u015flerin, tan\u0131d\u0131k k\u00e2buslar\u0131n ve yaln\u0131zl\u0131klar\u0131n usta anlat\u0131c\u0131s\u0131 Dino Buzzati, F\u0131r\u00e7an\u0131n Ucundaki Hik\u00e2yeler ile bu kez Ressamlar Kenti\u2019nden sesleniyor okurlar\u0131na.Yap\u0131tlar\u0131yla kendine \u00f6zg\u00fc tekinsiz, ger\u00e7ek\u00fcst\u00fc bir anlat\u0131 evreni kuran Buzzati\u2019nin elli iki y\u0131l boyunca gizledi\u011fi ressam kimli\u011fini g\u00fcn y\u00fcz\u00fcne \u00e7\u0131karan F\u0131r\u00e7an\u0131n Ucundaki Hik\u00e2yeler, \u00e7ok y\u00f6nl\u00fc sanat\u00e7\u0131n\u0131n ilk kez 1958 y\u0131l\u0131nda Milano\u2019da sergiledi\u011fi resimlerine ve bu resimleri \u201ctamamlayan\u201d k\u0131sa ve birbirinden ba\u011f\u0131ms\u0131z anlat\u0131lara yer veriyor.T\u00fcrk\u00e7ede ilk kez yay\u0131mlanan F\u0131r\u00e7an\u0131n Ucundaki Hik\u00e2yeler\u2019de Buzzati, ger\u00e7ek ile hayal aras\u0131ndaki sisli atmosfer i\u00e7inde; zaman\u0131n \u00f6nlenemez ak\u0131\u015f\u0131n\u0131, uzun y\u00fcr\u00fcy\u00fc\u015flerin sonunda var\u0131lan hayal k\u0131r\u0131kl\u0131klar\u0131n\u0131, kalelerin yaln\u0131zl\u0131\u011f\u0131n\u0131, evlerin mahremiyetinde saklananlar\u0131, davetsiz misafirlerin getirdi\u011fi tedirginli\u011fi, b\u00fcrokratlar\u0131n ikiy\u00fczl\u00fc ahlak anlay\u0131\u015flar\u0131n\u0131, kurban oldu\u011fu kadar kurban da eden kad\u0131nlar\u0131, a\u015fk ve tutkunun tehlikelerini yaz\u0131-resim ortakl\u0131\u011f\u0131n\u0131n getirdi\u011fi zengin anlat\u0131m olanaklar\u0131yla sunuyor.Buzzati\u2019nin \u00f6nceki yap\u0131tlar\u0131nda da g\u00f6rmeye al\u0131\u015f\u0131k oldu\u011fumuz ger\u00e7ek\u00fcst\u00fc ve esrarengiz ortamlar\u0131n, efsanevi olaylar\u0131n ve do\u011fa\u00fcst\u00fc yarat\u0131klar\u0131n arz\u0131endam ettikleri bu etkileyici kitap, \u00f6zenli bask\u0131s\u0131 ve al\u0131\u015f\u0131lm\u0131\u015f\u0131n d\u0131\u015f\u0131ndaki boyutlar\u0131yla koleksiyonerlerin ilgisini hak ediyor.Lorenzo Vigan\u00f2\u2019nun kaleme ald\u0131\u011f\u0131 \u00f6ns\u00f6z ve kitab\u0131n sonunda yer alan Buzzati\u2019ye ait yaz\u0131 sayesinde, yazar\u0131n resme olan tutkusunu, yar\u0131m as\u0131r boyunca kendisini gizlemesinin nedenlerini, ald\u0131\u011f\u0131 ele\u015ftiri ve yorumlar\u0131 da \u00f6\u011frenme imk\u00e2n\u0131 veren F\u0131r\u00e7an\u0131n Ucundaki Hik\u00e2yeler, \u0130talyanca edebiyat\u0131n bu \u00f6nemli ismini \u00e7ok daha yak\u0131ndan tan\u0131ma f\u0131rsat\u0131 sunuyor. &#8220;Sorun \u015fu ki, ac\u0131mas\u0131z bir yanl\u0131\u015f anla\u015f\u0131lman\u0131n kurban\u0131y\u0131m. Ben, ne yaz\u0131k ki gere\u011finden uzun bir s\u00fcre boyunca hobi olarak yazarl\u0131k ve gazetecilik de yapm\u0131\u015f bir ressam\u0131m.\u201d<\/p>\n","protected":false},"excerpt":{"rendered":"<p>Zaman\u0131n ak\u0131\u015f\u0131 kar\u015f\u0131s\u0131ndaki \u00e7aresizli\u011fimizin, huzursuz bekleyi\u015flerin, tan\u0131d\u0131k k\u00e2buslar\u0131n ve yaln\u0131zl\u0131klar\u0131n usta anlat\u0131c\u0131s\u0131 Dino Buzzati, F\u0131r\u00e7an\u0131n Ucundaki Hik\u00e2yeler ile bu kez Ressamlar Kenti\u2019nden sesleniyor okurlar\u0131na.Yap\u0131tlar\u0131yla kendine \u00f6zg\u00fc<span class=\"excerpt-hellip\"> [\u2026]<\/span><\/p>\n","protected":false},"featured_media":0,"template":"","meta":{"_monsterinsights_skip_tracking":false,"_monsterinsights_sitenote_active":false,"_monsterinsights_sitenote_note":"","_monsterinsights_sitenote_category":0},"product_brand":[],"product_cat":[12291,12711],"product_tag":[],"class_list":{"0":"post-715102","1":"product","2":"type-product","3":"status-publish","5":"product_cat-edebiyat","6":"product_cat-roman-oyku","7":"pa_cilt-ciltsiz","8":"pa_tur-kitap","9":"pa_yayinevi-delidolu","10":"pa_yazar-dino-buzzati","12":"first","13":"instock","14":"sale","15":"shipping-taxable","16":"purchasable","17":"product-type-simple"},"_links":{"self":[{"href":"https:\/\/roveyayinevi.com.tr\/index.php\/wp-json\/wp\/v2\/product\/715102","targetHints":{"allow":["GET"]}}],"collection":[{"href":"https:\/\/roveyayinevi.com.tr\/index.php\/wp-json\/wp\/v2\/product"}],"about":[{"href":"https:\/\/roveyayinevi.com.tr\/index.php\/wp-json\/wp\/v2\/types\/product"}],"wp:attachment":[{"href":"https:\/\/roveyayinevi.com.tr\/index.php\/wp-json\/wp\/v2\/media?parent=715102"}],"wp:term":[{"taxonomy":"product_brand","embeddable":true,"href":"https:\/\/roveyayinevi.com.tr\/index.php\/wp-json\/wp\/v2\/product_brand?post=715102"},{"taxonomy":"product_cat","embeddable":true,"href":"https:\/\/roveyayinevi.com.tr\/index.php\/wp-json\/wp\/v2\/product_cat?post=715102"},{"taxonomy":"product_tag","embeddable":true,"href":"https:\/\/roveyayinevi.com.tr\/index.php\/wp-json\/wp\/v2\/product_tag?post=715102"}],"curies":[{"name":"wp","href":"https:\/\/api.w.org\/{rel}","templated":true}]}}