{"id":715101,"date":"2025-08-27T17:26:18","date_gmt":"2025-08-27T14:26:18","guid":{"rendered":"https:\/\/roveyayinevi.com.tr\/index.php\/urun\/bebek-rehberi-ilk-bir-yil\/"},"modified":"2026-04-16T02:23:20","modified_gmt":"2026-04-15T23:23:20","slug":"bebek-rehberi-ilk-bir-yil","status":"publish","type":"product","link":"https:\/\/roveyayinevi.com.tr\/index.php\/urun\/bebek-rehberi-ilk-bir-yil\/","title":{"rendered":"Bebek Rehberi \u0130lk Bir Y\u0131l"},"content":{"rendered":"<p>&#8220;Biz hekimler, ailelerin bebekleriyle birlikte panik halinde gelip b\u00fcy\u00fck bir korkuyla sorduklar\u0131 sorulara her zaman muhatap oluruz. Oysa cevaplar genellikle \u00e7ok basittir. Neyin normal, neyin normal d\u0131\u015f\u0131 oldu\u011funu bildi\u011finizde bebe\u011finizin b\u00fcy\u00fcme ser\u00fcveninin keyfini \u00e7\u0131kar\u0131rs\u0131n\u0131z, o da, siz de huzurlu olursunuz. \u0130\u015fte bu kitab\u0131, bebe\u011finizi korkulara kap\u0131lmadan huzurla b\u00fcy\u00fctebilmenizde bir k\u0131lavuz olmas\u0131 i\u00e7in kaleme ald\u0131m. Do\u011fumunuzdan 12. aya, bebe\u011finizi beraber b\u00fcy\u00fctece\u011fiz.&#8221; Modalar, hurafeler, evhamlar, gecenin bir vakti acile ko\u015fturaca\u011f\u0131n\u0131z ama hi\u00e7 de gerekli olmayan y\u00fczlerce durum\u2026 Yayg\u0131n olarak bilinen ve yap\u0131lan ama bebe\u011finiz i\u00e7in zararl\u0131 olabilecek uygulamalar\u2026 Kakas\u0131n\u0131n renginden cildinin k\u0131zar\u0131kl\u0131\u011f\u0131na, solunumuna, terlemesine, e mme pozisyonuna, ilk kahvalt\u0131s\u0131na\u2026 Hayat kurtar\u0131c\u0131, huzur verici ipu\u00e7lar\u0131. \u00c7ocuk Sa\u011fl\u0131\u011f\u0131 ve Hastal\u0131klar\u0131 Uzman\u0131 Dr. G\u00f6rkem Astarc\u0131o\u011flu, ihtiyac\u0131n\u0131z oldu\u011funda her an yan\u0131 ba\u015f\u0131n\u0131zda. <\/p>\n","protected":false},"excerpt":{"rendered":"<p>&#8220;Biz hekimler, ailelerin bebekleriyle birlikte panik halinde gelip b\u00fcy\u00fck bir korkuyla sorduklar\u0131 sorulara her zaman muhatap oluruz. Oysa cevaplar genellikle \u00e7ok basittir. Neyin normal, neyin normal<span class=\"excerpt-hellip\"> [\u2026]<\/span><\/p>\n","protected":false},"featured_media":0,"template":"","meta":{"_monsterinsights_skip_tracking":false,"_monsterinsights_sitenote_active":false,"_monsterinsights_sitenote_note":"","_monsterinsights_sitenote_category":0},"product_brand":[],"product_cat":[14902,13365],"product_tag":[],"class_list":{"0":"post-715101","1":"product","2":"type-product","3":"status-publish","5":"product_cat-annelik-ve-cocuk-bakimi","6":"product_cat-saglik","7":"pa_cilt-ciltsiz","8":"pa_tur-kitap","9":"pa_yayinevi-hayykitap","10":"pa_yazar-gorkem-astarcioglu","12":"first","13":"instock","14":"sale","15":"shipping-taxable","16":"purchasable","17":"product-type-simple"},"_links":{"self":[{"href":"https:\/\/roveyayinevi.com.tr\/index.php\/wp-json\/wp\/v2\/product\/715101","targetHints":{"allow":["GET"]}}],"collection":[{"href":"https:\/\/roveyayinevi.com.tr\/index.php\/wp-json\/wp\/v2\/product"}],"about":[{"href":"https:\/\/roveyayinevi.com.tr\/index.php\/wp-json\/wp\/v2\/types\/product"}],"wp:attachment":[{"href":"https:\/\/roveyayinevi.com.tr\/index.php\/wp-json\/wp\/v2\/media?parent=715101"}],"wp:term":[{"taxonomy":"product_brand","embeddable":true,"href":"https:\/\/roveyayinevi.com.tr\/index.php\/wp-json\/wp\/v2\/product_brand?post=715101"},{"taxonomy":"product_cat","embeddable":true,"href":"https:\/\/roveyayinevi.com.tr\/index.php\/wp-json\/wp\/v2\/product_cat?post=715101"},{"taxonomy":"product_tag","embeddable":true,"href":"https:\/\/roveyayinevi.com.tr\/index.php\/wp-json\/wp\/v2\/product_tag?post=715101"}],"curies":[{"name":"wp","href":"https:\/\/api.w.org\/{rel}","templated":true}]}}