{"id":715100,"date":"2025-08-27T17:26:18","date_gmt":"2025-08-27T14:26:18","guid":{"rendered":"https:\/\/roveyayinevi.com.tr\/index.php\/urun\/ya-biz-ya-hic\/"},"modified":"2026-04-16T02:23:20","modified_gmt":"2026-04-15T23:23:20","slug":"ya-biz-ya-hic","status":"publish","type":"product","link":"https:\/\/roveyayinevi.com.tr\/index.php\/urun\/ya-biz-ya-hic\/","title":{"rendered":"Ya Biz Ya Hi\u00e7"},"content":{"rendered":"<p>Avaz avaz ba\u011f\u0131racak g\u00fcc\u00fcm\u00fcz varken, suskunluklar peydah olur dilimizde. Onsuzlu\u011fu hat\u0131rlatan sokaklardan sessiz sedas\u0131z ge\u00e7erek, kendimizi unuttu\u011fumuz \u00e7\u0131kmazlara gireriz. Bir gece yar\u0131s\u0131 yutkuna yutkuna d\u00fc\u015f\u00fcn\u00fcrken maziyi, beyaz ka\u011f\u0131tlara f\u0131s\u0131ldar, y\u0131k\u0131k d\u00f6k\u00fck c\u00fcmleler toplar\u0131z harf harf. A\u00e7\u0131\u011fa vurduk\u00e7a kutsall\u0131\u011f\u0131 kaybolur baz\u0131 \u015feylerin. Kayboluruz ama kaybetmeyiz sevdas\u0131n\u0131 s\u0131rt\u0131na y\u00fcklenmi\u015f onurumuzu. Sevmekten, hep sevmekten, \u00e7ok sevmekten bahsedenlerin aksine, g\u00fczel severiz, \u00e7ok g\u00fczel severiz, en g\u00fczel biz severiz! Ve kimsenin haberi olmaz bundan&#8230; Muhammet Recep Arar\u2019\u0131n kaleminden, t\u0131pat\u0131p kelimelerin bilindik hikayelerde anlatt\u0131\u011f\u0131 ayn\u0131la\u015fm\u0131\u015f sevdalar\u0131n uza\u011f\u0131nda, ba\u015fka c\u00fcmlelerle, sessiz ama \u00e7\u0131\u011fl\u0131k \u00e7\u0131\u011fl\u0131\u011fa sevmi\u015f y\u00fcreklere&#8230; Avaz avaz ba\u011f\u0131racak g\u00fcc\u00fcm\u00fcz varken, suskunluklar peydah olur dilimizde. Onsuzlu\u011fu hat\u0131rlatan sokaklardan sessiz sedas\u0131z ge\u00e7erek, kendimizi unuttu\u011fumuz \u00e7\u0131kmazlara gireriz. Bir gece yar\u0131s\u0131 yutkuna yutkuna d\u00fc\u015f\u00fcn\u00fcrken maziyi, beyaz ka\u011f\u0131tlara f\u0131s\u0131ldar, y\u0131k\u0131k d\u00f6k\u00fck c\u00fcmleler toplar\u0131z harf harf. A\u00e7\u0131\u011fa vurduk\u00e7a kutsall\u0131\u011f\u0131 kaybolur baz\u0131 \u015feylerin. Kayboluruz ama kaybetmeyiz sevdas\u0131n\u0131 s\u0131rt\u0131na y\u00fcklenmi\u015f onurumuzu. Sevmekten, hep sevmekten, \u00e7ok sevmekten bahsedenlerin aksine, g\u00fczel severiz, \u00e7ok g\u00fczel severiz, en g\u00fczel biz severiz! Ve kimsenin haberi olmaz bundan&#8230; Muhammet Recep Arar\u2019\u0131n kaleminden, t\u0131pat\u0131p kelimelerin bilindik hikayelerde anlatt\u0131\u011f\u0131 ayn\u0131la\u015fm\u0131\u015f sevdalar\u0131n uza\u011f\u0131nda, ba\u015fka c\u00fcmlelerle, sessiz ama \u00e7\u0131\u011fl\u0131k \u00e7\u0131\u011fl\u0131\u011fa sevmi\u015f y\u00fcreklere&#8230; \u201cYa Biz Ya Hi\u00e7\u201d diyebilecek kadar derinden sevebilenlere&#8230; \u201cYa Biz Ya Hi\u00e7\u201d diyebilecek kadar derinden sevebilenlere&#8230; <\/p>\n","protected":false},"excerpt":{"rendered":"<p>Avaz avaz ba\u011f\u0131racak g\u00fcc\u00fcm\u00fcz varken, suskunluklar peydah olur dilimizde. Onsuzlu\u011fu hat\u0131rlatan sokaklardan sessiz sedas\u0131z ge\u00e7erek, kendimizi unuttu\u011fumuz \u00e7\u0131kmazlara gireriz. Bir gece yar\u0131s\u0131 yutkuna yutkuna d\u00fc\u015f\u00fcn\u00fcrken maziyi,<span class=\"excerpt-hellip\"> [\u2026]<\/span><\/p>\n","protected":false},"featured_media":0,"template":"","meta":{"_monsterinsights_skip_tracking":false,"_monsterinsights_sitenote_active":false,"_monsterinsights_sitenote_note":"","_monsterinsights_sitenote_category":0},"product_brand":[],"product_cat":[12777,12291],"product_tag":[],"class_list":{"0":"post-715100","1":"product","2":"type-product","3":"status-publish","5":"product_cat-deneme","6":"product_cat-edebiyat","7":"pa_cilt-ciltsiz","8":"pa_tur-kitap","9":"pa_yayinevi-hayykitap","10":"pa_yazar-muhammet-recep-arar","12":"first","13":"instock","14":"sale","15":"shipping-taxable","16":"purchasable","17":"product-type-simple"},"_links":{"self":[{"href":"https:\/\/roveyayinevi.com.tr\/index.php\/wp-json\/wp\/v2\/product\/715100","targetHints":{"allow":["GET"]}}],"collection":[{"href":"https:\/\/roveyayinevi.com.tr\/index.php\/wp-json\/wp\/v2\/product"}],"about":[{"href":"https:\/\/roveyayinevi.com.tr\/index.php\/wp-json\/wp\/v2\/types\/product"}],"wp:attachment":[{"href":"https:\/\/roveyayinevi.com.tr\/index.php\/wp-json\/wp\/v2\/media?parent=715100"}],"wp:term":[{"taxonomy":"product_brand","embeddable":true,"href":"https:\/\/roveyayinevi.com.tr\/index.php\/wp-json\/wp\/v2\/product_brand?post=715100"},{"taxonomy":"product_cat","embeddable":true,"href":"https:\/\/roveyayinevi.com.tr\/index.php\/wp-json\/wp\/v2\/product_cat?post=715100"},{"taxonomy":"product_tag","embeddable":true,"href":"https:\/\/roveyayinevi.com.tr\/index.php\/wp-json\/wp\/v2\/product_tag?post=715100"}],"curies":[{"name":"wp","href":"https:\/\/api.w.org\/{rel}","templated":true}]}}