{"id":715098,"date":"2025-08-27T17:26:16","date_gmt":"2025-08-27T14:26:16","guid":{"rendered":"https:\/\/roveyayinevi.com.tr\/index.php\/urun\/bu-benim-kanim\/"},"modified":"2026-04-16T02:23:20","modified_gmt":"2026-04-15T23:23:20","slug":"bu-benim-kanim","status":"publish","type":"product","link":"https:\/\/roveyayinevi.com.tr\/index.php\/urun\/bu-benim-kanim\/","title":{"rendered":"Bu Benim Kan\u0131m"},"content":{"rendered":"<p>Ay\u0131nda olmak, renkli olmak, gelinciklenmek veya ku\u0308lotundaki K\u0131z\u0131l Ordu&#8230; Onu hangi bi\u00e7imde isimlendirirsek isimlendirelim kad\u0131nlar i\u00e7in her ay (\u00f6lmeksizin!) bir miktar kan kaybetmeye neden olan bu do\u011fal olgu, bu\u0308tu\u0308n toplumlarda tabu olarak kalmay\u0131 su\u0308rdu\u0308ru\u0308yor. \u00c9lise Thi\u00e9baut bu adaletsizli\u011fi ortadan kald\u0131rmak i\u00e7in bizi, \u00e2det kan\u0131n\u0131n ard\u0131ndaki gizli ger\u00e7ekleri belgeli, \u00f6\u011fretici ayn\u0131 zamanda mizah yu\u0308klu\u0308 bir bi\u00e7imde ke\u015ffetmeye davet ediyor. Kamikaze oositin ve mayonezin gizemini, d\u00f6nemsel koruma u\u0308ru\u0308nlerinin \u015fa\u015f\u0131rt\u0131c\u0131 hik\u00e2yesini (tehlikelerini oldu\u011fu kadar cazibesini de) ve kimi zaman dinlerin \u00e2det kan\u0131n\u0131 kullanarak ger\u00e7ekle\u015ftirdi\u011fi ilgin\u00e7 gelenekleri ki\u015fisel hik\u00e2yesinden hareketle ke\u015ffetmemizi sa\u011fl\u0131yor. Ayr\u0131ca son bilimsel geli\u015fmelere g\u00f6re yeni gen\u00e7lik veya \u00f6lu\u0308msu\u0308zlu\u0308k iksiri olabilecek bu s\u0131v\u0131 hakk\u0131nda di\u011fer bir\u00e7ok \u015feyi&#8230; \u00d6yleyse, \u00e2detleri de\u011fi\u015ftirme zaman\u0131 gelmedi mi? Menstru\u0308el devrim, ne olursa olsun, ya\u015fanmaya devam ediyor. Ve bu\u0308yu\u0308k ihtimalle bu, hem kanl\u0131 hem de bar\u0131\u015f\u00e7\u0131l ilk devrim olacak. <\/p>\n","protected":false},"excerpt":{"rendered":"<p>Ay\u0131nda olmak, renkli olmak, gelinciklenmek veya ku\u0308lotundaki K\u0131z\u0131l Ordu&#8230; Onu hangi bi\u00e7imde isimlendirirsek isimlendirelim kad\u0131nlar i\u00e7in her ay (\u00f6lmeksizin!) bir miktar kan kaybetmeye neden olan bu<span class=\"excerpt-hellip\"> [\u2026]<\/span><\/p>\n","protected":false},"featured_media":0,"template":"","meta":{"_monsterinsights_skip_tracking":false,"_monsterinsights_sitenote_active":false,"_monsterinsights_sitenote_note":"","_monsterinsights_sitenote_category":0},"product_brand":[],"product_cat":[12365,12364],"product_tag":[],"class_list":{"0":"post-715098","1":"product","2":"type-product","3":"status-publish","5":"product_cat-diger-genel-konular","6":"product_cat-genel-konular","7":"pa_cilt-ciltsiz","8":"pa_tur-kitap","9":"pa_yayinevi-ayrinti-yayinlari","10":"pa_yazar-elise-thibaut","12":"first","13":"instock","14":"sale","15":"shipping-taxable","16":"purchasable","17":"product-type-simple"},"_links":{"self":[{"href":"https:\/\/roveyayinevi.com.tr\/index.php\/wp-json\/wp\/v2\/product\/715098","targetHints":{"allow":["GET"]}}],"collection":[{"href":"https:\/\/roveyayinevi.com.tr\/index.php\/wp-json\/wp\/v2\/product"}],"about":[{"href":"https:\/\/roveyayinevi.com.tr\/index.php\/wp-json\/wp\/v2\/types\/product"}],"wp:attachment":[{"href":"https:\/\/roveyayinevi.com.tr\/index.php\/wp-json\/wp\/v2\/media?parent=715098"}],"wp:term":[{"taxonomy":"product_brand","embeddable":true,"href":"https:\/\/roveyayinevi.com.tr\/index.php\/wp-json\/wp\/v2\/product_brand?post=715098"},{"taxonomy":"product_cat","embeddable":true,"href":"https:\/\/roveyayinevi.com.tr\/index.php\/wp-json\/wp\/v2\/product_cat?post=715098"},{"taxonomy":"product_tag","embeddable":true,"href":"https:\/\/roveyayinevi.com.tr\/index.php\/wp-json\/wp\/v2\/product_tag?post=715098"}],"curies":[{"name":"wp","href":"https:\/\/api.w.org\/{rel}","templated":true}]}}