{"id":715097,"date":"2025-08-27T17:26:16","date_gmt":"2025-08-27T14:26:16","guid":{"rendered":"https:\/\/roveyayinevi.com.tr\/index.php\/urun\/iskandinav-mitolojisi-2\/"},"modified":"2026-04-16T02:23:20","modified_gmt":"2026-04-15T23:23:20","slug":"iskandinav-mitolojisi-2","status":"publish","type":"product","link":"https:\/\/roveyayinevi.com.tr\/index.php\/urun\/iskandinav-mitolojisi-2\/","title":{"rendered":"\u0130skandinav Mitolojisi"},"content":{"rendered":"<p>Neil Gaiman, eserlerinde fantastik diyarlar yarat\u0131rken kadim mitolojilerden her zaman ilham alan bir yazar olmu\u015ftur. \u015eimdi ise dikkatini bu diyarlar\u0131n kayna\u011f\u0131na y\u00f6neltiyor ve destans\u0131 kuzey masallar\u0131n\u0131 kendine has \u00fcslubuyla anlat\u0131yor. \u0130skandinav Mitolojisi\u2019nde yazar m\u00fchim \u0130skandinav tanr\u0131lar\u0131n\u0131 tasavvur ederken mitlerin asl\u0131na sad\u0131k kal\u0131yor: Odin, Y\u00fcceler Y\u00fccesi, bilge, c\u00fcretk\u00e2r ve kurnaz. Thor, Odin\u2019in o\u011flu, muazzam kudretine ra\u011fmen tanr\u0131lar\u0131n en bilgesi oldu\u011fu s\u00f6ylenemez. Ve Loki, Odin\u2019in kan karde\u015fi, oyunbaz ve \u00f6n\u00fcnde kimsenin duramad\u0131\u011f\u0131 bir d\u00fczenbaz. Gaiman, eski \u00e7a\u011fa bu ait hik\u00e2yeleri t\u0131pk\u0131 bir romanc\u0131 gibi ele al\u0131yor; hik\u00e2yeler efsanevi dokuz \u00e2lemin yarat\u0131l\u0131\u015f\u0131ndan ba\u015fl\u0131yor ve tanr\u0131lar\u0131n, c\u00fccelerin, devlerin maceralar\u0131yla devam ediyor. Thor\u2019un \u00e7ekicinin nas\u0131l \u00e7al\u0131nd\u0131\u011f\u0131ndan, i\u00e7enlere \u015fairane ilhamlar veren bal \u015farab\u0131n\u0131n kayna\u011f\u0131n\u0131n ne oldu\u011funa kadar pek \u00e7ok mit Gaiman\u2019\u0131n n\u00fcktedan c\u00fcmleleriyle yeniden hayat buluyor. En nihayetinde her \u015fey tanr\u0131lar\u0131n alacakaranl\u0131\u011f\u0131nda doru\u011fa \u00e7\u0131k\u0131yor: Ragnar\u00f6k\u2019te\u2026 \u201cGaiman\u2019\u0131n her zamanki gibi yal\u0131n ve su gibi akan kelimeleri orta\u00e7a\u011f metinlerinin dramatik g\u00fcc\u00fcn\u00fc yans\u0131tmay\u0131 ba\u015far\u0131yor. Hik\u00e2yeleri anlatma tarz\u0131 yediden yetmi\u015fe herkese uygun ve bu hem yerinde hem de ak\u0131ll\u0131ca bir hamle.\u201d Ursula K. Le Guin \u201c\u0130skandinav Mitolojisi\u2019nde Gaiman eski mitleri \u00f6yle canl\u0131 anlatm\u0131\u015f ki okurken yatak odam Valhalla\u2019ya d\u00f6n\u00fc\u015fecek sanmaya ba\u015flad\u0131m. C\u00fcceler, devler ve yarat\u0131klar da dahil t\u00fcm \u0130skandinav panteonunu bir film ya da roman gibi i\u015fliyor. Ne yalan s\u00f6yleyeyim, kendime g\u00f6\u011f\u00fcs z\u0131rh\u0131 sipari\u015f etmeme \u015fu kadar kald\u0131. Takdiminde Gaiman\u2019\u0131n da dedi\u011fi gibi, bu \u00f6yk\u00fcler d\u00fcnyay\u0131 yaratan ate\u015f ve buzdan ba\u015flay\u0131p d\u00fcnyay\u0131 sona erdiren ate\u015f ve buza giden yolculu\u011fu anlat\u0131yor.\u201d Lidia Yuknavitch  \u201cBu kitap sayesinde, \u00e7ocukken severek okudu\u011fum mitler yeni nesle, ba\u015ftan ke\u015ffedilmek \u00fczere anlat\u0131lacak. Ne de olsa, tekrar anlat\u0131lamayan \u00f6yk\u00fcler unutulmaya mahkumdur ve her neslin bu mitleri yeniden ke\u015ffetmesi ve anlamas\u0131 gerekir.\u201dJoanne Harris  Neil Gaiman, eserlerinde fantastik diyarlar yarat\u0131rken kadim mitolojilerden her zaman ilham alan bir yazar olmu\u015ftur. \u015eimdi ise dikkatini bu diyarlar\u0131n kayna\u011f\u0131na y\u00f6neltiyor ve destans\u0131 kuzey masallar\u0131n\u0131 kendine has \u00fcslubuyla anlat\u0131yor. \u0130skandinav Mitolojisi\u2019nde yazar m\u00fchim \u0130skandinav tanr\u0131lar\u0131n\u0131 tasavvur ederken mitlerin asl\u0131na sad\u0131k kal\u0131yor: Odin, Y\u00fcceler Y\u00fccesi, bilge, c\u00fcretk\u00e2r ve kurnaz. Thor, Odin\u2019in o\u011flu, muazzam kudretine ra\u011fmen tanr\u0131lar\u0131n en bilgesi oldu\u011fu s\u00f6ylenemez. Ve Loki, Odin\u2019in kan karde\u015fi, oyunbaz ve \u00f6n\u00fcnde kimsenin duramad\u0131\u011f\u0131 bir d\u00fczenbaz. Gaiman, eski \u00e7a\u011fa bu ait hik\u00e2yeleri t\u0131pk\u0131 bir romanc\u0131 gibi ele al\u0131yor; hik\u00e2yeler efsanevi dokuz \u00e2lemin yarat\u0131l\u0131\u015f\u0131ndan ba\u015fl\u0131yor ve tanr\u0131lar\u0131n, c\u00fccelerin, devlerin maceralar\u0131yla devam ediyor. Thor\u2019un \u00e7ekicinin nas\u0131l \u00e7al\u0131nd\u0131\u011f\u0131ndan, i\u00e7enlere \u015fairane ilhamlar veren bal \u015farab\u0131n\u0131n kayna\u011f\u0131n\u0131n ne oldu\u011funa kadar pek \u00e7ok mit Gaiman\u2019\u0131n n\u00fcktedan c\u00fcmleleriyle yeniden hayat buluyor. En nihayetinde her \u015fey tanr\u0131lar\u0131n alacakaranl\u0131\u011f\u0131nda doru\u011fa \u00e7\u0131k\u0131yor: Ragnar\u00f6k\u2019te\u2026 \u201cGaiman\u2019\u0131n her zamanki gibi yal\u0131n ve su gibi akan kelimeleri orta\u00e7a\u011f metinlerinin dramatik g\u00fcc\u00fcn\u00fc yans\u0131tmay\u0131 ba\u015far\u0131yor. Hik\u00e2yeleri anlatma tarz\u0131 yediden yetmi\u015fe herkese uygun ve bu hem yerinde hem de ak\u0131ll\u0131ca bir hamle.\u201d Ursula K. Le Guin \u201c\u0130skandinav Mitolojisi\u2019nde Gaiman eski mitleri \u00f6yle canl\u0131 anlatm\u0131\u015f ki okurken yatak odam Valhalla\u2019ya d\u00f6n\u00fc\u015fecek sanmaya ba\u015flad\u0131m. C\u00fcceler, devler ve yarat\u0131klar da dahil t\u00fcm \u0130skandinav panteonunu bir film ya da roman gibi i\u015fliyor. Ne yalan s\u00f6yleyeyim, kendime g\u00f6\u011f\u00fcs z\u0131rh\u0131 sipari\u015f etmeme \u015fu kadar kald\u0131. Takdiminde Gaiman\u2019\u0131n da dedi\u011fi gibi, bu \u00f6yk\u00fcler d\u00fcnyay\u0131 yaratan ate\u015f ve buzdan ba\u015flay\u0131p d\u00fcnyay\u0131 sona erdiren ate\u015f ve buza giden yolculu\u011fu anlat\u0131yor.\u201d Lidia Yuknavitch \u201cBu kitap sayesinde, \u00e7ocukken severek okudu\u011fum mitler yeni nesle, ba\u015ftan ke\u015ffedilmek \u00fczere anlat\u0131lacak. Ne de olsa, tekrar anlat\u0131lamayan \u00f6yk\u00fcler unutulmaya mahkumdur ve her neslin bu mitleri yeniden ke\u015ffetmesi ve anlamas\u0131 gerekir.\u201d Joanne Harris <\/p>\n","protected":false},"excerpt":{"rendered":"<p>Neil Gaiman, eserlerinde fantastik diyarlar yarat\u0131rken kadim mitolojilerden her zaman ilham alan bir yazar olmu\u015ftur. \u015eimdi ise dikkatini bu diyarlar\u0131n kayna\u011f\u0131na y\u00f6neltiyor ve destans\u0131 kuzey masallar\u0131n\u0131<span class=\"excerpt-hellip\"> [\u2026]<\/span><\/p>\n","protected":false},"featured_media":0,"template":"","meta":{"_monsterinsights_skip_tracking":false,"_monsterinsights_sitenote_active":false,"_monsterinsights_sitenote_note":"","_monsterinsights_sitenote_category":0},"product_brand":[],"product_cat":[12291,14777],"product_tag":[],"class_list":{"0":"post-715097","1":"product","2":"type-product","3":"status-publish","5":"product_cat-edebiyat","6":"product_cat-fantastik","7":"pa_cilt-ciltsiz","8":"pa_tur-kitap","9":"pa_yayinevi-ithaki-yayinlari","10":"pa_yazar-neil-gaiman","12":"first","13":"instock","14":"sale","15":"shipping-taxable","16":"purchasable","17":"product-type-simple"},"_links":{"self":[{"href":"https:\/\/roveyayinevi.com.tr\/index.php\/wp-json\/wp\/v2\/product\/715097","targetHints":{"allow":["GET"]}}],"collection":[{"href":"https:\/\/roveyayinevi.com.tr\/index.php\/wp-json\/wp\/v2\/product"}],"about":[{"href":"https:\/\/roveyayinevi.com.tr\/index.php\/wp-json\/wp\/v2\/types\/product"}],"wp:attachment":[{"href":"https:\/\/roveyayinevi.com.tr\/index.php\/wp-json\/wp\/v2\/media?parent=715097"}],"wp:term":[{"taxonomy":"product_brand","embeddable":true,"href":"https:\/\/roveyayinevi.com.tr\/index.php\/wp-json\/wp\/v2\/product_brand?post=715097"},{"taxonomy":"product_cat","embeddable":true,"href":"https:\/\/roveyayinevi.com.tr\/index.php\/wp-json\/wp\/v2\/product_cat?post=715097"},{"taxonomy":"product_tag","embeddable":true,"href":"https:\/\/roveyayinevi.com.tr\/index.php\/wp-json\/wp\/v2\/product_tag?post=715097"}],"curies":[{"name":"wp","href":"https:\/\/api.w.org\/{rel}","templated":true}]}}