{"id":715095,"date":"2025-08-27T17:26:14","date_gmt":"2025-08-27T14:26:14","guid":{"rendered":"https:\/\/roveyayinevi.com.tr\/index.php\/urun\/7-sinif-tum-dersler-video-cozumlu-soru-bankasi\/"},"modified":"2026-04-16T02:23:20","modified_gmt":"2026-04-15T23:23:20","slug":"7-sinif-tum-dersler-video-cozumlu-soru-bankasi","status":"publish","type":"product","link":"https:\/\/roveyayinevi.com.tr\/index.php\/urun\/7-sinif-tum-dersler-video-cozumlu-soru-bankasi\/","title":{"rendered":"7. S\u0131n\u0131f T\u00fcm Dersler Video \u00c7\u00f6z\u00fcml\u00fc Soru Bankas\u0131"},"content":{"rendered":"<p>MEB\u2019in 7. s\u0131n\u0131f kazan\u0131mlar\u0131n\u0131n t\u00fcm\u00fcne y\u00f6nelik haz\u0131rlanm\u0131\u015ft\u0131r. 7. S\u0131n\u0131f m\u00fcfredat\u0131n\u0131n b\u00fct\u00fcn bran\u015flar\u0131n\u0131 kapsar.Kitab\u0131m\u0131z\u0131n i\u00e7eri\u011findeki testler kolaydan zora do\u011fru, \u00f6\u011fretim program\u0131na bire bir uyumlu olarak haz\u0131rlanm\u0131\u015ft\u0131r. \u00c7\u00f6z\u00fcml\u00fc \u00f6rnek sorular\u0131n yan\u0131nda bilgilendirici kilit bilgiler yer al\u0131r. Sorular\u0131n haz\u0131rlanmas\u0131nda de\u011ferler e\u011fitimine yer verilmi\u015ftir.  \u00d6\u011frencilerin yaparak, ya\u015fayarak, uygulamal\u0131 bir \u015fekilde \u00f6\u011frenmesini sa\u011flamak i\u00e7in zengin g\u00f6rsel \u00f6\u011feler kullan\u0131lm\u0131\u015ft\u0131r. \u00d6\u011frencinin okul derslerindeki ba\u015far\u0131s\u0131n\u0131 y\u00fckselterek ortalamas\u0131n\u0131 art\u0131r\u0131r ve liseye ge\u00e7i\u015f s\u0131nav\u0131nda ba\u015far\u0131l\u0131 olmas\u0131n\u0131 sa\u011flar.Sorular\u0131n tamam\u0131 video \u00e7\u00f6z\u00fcml\u00fcd\u00fcr. Video \u00e7\u00f6z\u00fcmleri \u00f6\u011frencilerin konu tekrar\u0131 yapmalar\u0131n\u0131 sa\u011flayarak bilgilerini peki\u015ftirir. Soru \u00e7\u00f6z\u00fcmlerine Evrensel Dijital uygulamas\u0131ndan ula\u015f\u0131labilir. Uygulamay\u0131 PC \u00fczerinden www.evrenseldijital.com adresinden, ak\u0131ll\u0131 telefondan \u201cevrenseldijital\u201d uygulamas\u0131n\u0131 indirerek kullanabilirler.Ak\u0131ll\u0131 tahtaya uyumludur.<\/p>\n","protected":false},"excerpt":{"rendered":"<p>MEB\u2019in 7. s\u0131n\u0131f kazan\u0131mlar\u0131n\u0131n t\u00fcm\u00fcne y\u00f6nelik haz\u0131rlanm\u0131\u015ft\u0131r. 7. S\u0131n\u0131f m\u00fcfredat\u0131n\u0131n b\u00fct\u00fcn bran\u015flar\u0131n\u0131 kapsar.Kitab\u0131m\u0131z\u0131n i\u00e7eri\u011findeki testler kolaydan zora do\u011fru, \u00f6\u011fretim program\u0131na bire bir uyumlu olarak haz\u0131rlanm\u0131\u015ft\u0131r. \u00c7\u00f6z\u00fcml\u00fc<span class=\"excerpt-hellip\"> [\u2026]<\/span><\/p>\n","protected":false},"featured_media":0,"template":"","meta":{"_monsterinsights_skip_tracking":false,"_monsterinsights_sitenote_active":false,"_monsterinsights_sitenote_note":"","_monsterinsights_sitenote_category":0},"product_brand":[],"product_cat":[57394,12566,57006,50915,13473],"product_tag":[],"class_list":{"0":"post-715095","1":"product","2":"type-product","3":"status-publish","5":"product_cat-7-sinif-tum-dersler-soru","6":"product_cat-egitim","7":"product_cat-ortaogretim-7-sinif","8":"product_cat-ortaogretim-yardimci-kitaplar","9":"product_cat-sinavlara-hazirlik-okula-yardimci-kaynaklar","10":"pa_cilt-ciltsiz","11":"pa_tur-kitap","12":"pa_yayinevi-evrensel-iletisim-yayinlari","13":"pa_yazar-evrensel-kolektif","15":"first","16":"instock","17":"sale","18":"shipping-taxable","19":"purchasable","20":"product-type-simple"},"_links":{"self":[{"href":"https:\/\/roveyayinevi.com.tr\/index.php\/wp-json\/wp\/v2\/product\/715095","targetHints":{"allow":["GET"]}}],"collection":[{"href":"https:\/\/roveyayinevi.com.tr\/index.php\/wp-json\/wp\/v2\/product"}],"about":[{"href":"https:\/\/roveyayinevi.com.tr\/index.php\/wp-json\/wp\/v2\/types\/product"}],"wp:attachment":[{"href":"https:\/\/roveyayinevi.com.tr\/index.php\/wp-json\/wp\/v2\/media?parent=715095"}],"wp:term":[{"taxonomy":"product_brand","embeddable":true,"href":"https:\/\/roveyayinevi.com.tr\/index.php\/wp-json\/wp\/v2\/product_brand?post=715095"},{"taxonomy":"product_cat","embeddable":true,"href":"https:\/\/roveyayinevi.com.tr\/index.php\/wp-json\/wp\/v2\/product_cat?post=715095"},{"taxonomy":"product_tag","embeddable":true,"href":"https:\/\/roveyayinevi.com.tr\/index.php\/wp-json\/wp\/v2\/product_tag?post=715095"}],"curies":[{"name":"wp","href":"https:\/\/api.w.org\/{rel}","templated":true}]}}