{"id":715091,"date":"2025-08-27T17:26:12","date_gmt":"2025-08-27T14:26:12","guid":{"rendered":"https:\/\/roveyayinevi.com.tr\/index.php\/urun\/maurice\/"},"modified":"2026-02-03T02:37:43","modified_gmt":"2026-02-02T23:37:43","slug":"maurice","status":"publish","type":"product","link":"https:\/\/roveyayinevi.com.tr\/index.php\/urun\/maurice\/","title":{"rendered":"Maurice"},"content":{"rendered":"<p>Forster\u2019\u0131n \u00f6l\u00fcm\u00fcnden sonra yay\u0131mlanan roman\u0131 Maurice, bir gencin ger\u00e7ek cinsel kimli\u011fini ke\u015ffetme s\u00fcrecini izliyor. \u00dcst s\u0131n\u0131fa mensup, sayg\u0131n bir Londral\u0131 ailenin o\u011flu olan Maurice Hall, iyi okullarda e\u011fitim g\u00f6rm\u00fc\u015f, pek \u00e7ok a\u00e7\u0131dan geleneksel d\u00fc\u015f\u00fcncelere sahip bir gen\u00e7tir. \u00d6zel okuldan Cambridge\u2019e ge\u00e7en, ard\u0131ndan babas\u0131n\u0131n \u015firketinde bir i\u015fe ba\u015flayan Maurice, kat\u0131 toplumun kendisine bi\u00e7ti\u011fi rol\u00fc benimsemektedir. Ne var ki Cambridge\u2019de okuyan Clive\u2019\u0131 ve Clive\u2019\u0131n malik\u00e2nesinde bek\u00e7ilik yapan Alec\u2019i tan\u0131ma s\u00fcreci, derin bir duygusal ve cinsel uyan\u0131\u015f ya\u015famas\u0131na ve toplumun kurallar\u0131n\u0131 sorgulamas\u0131na neden olacakt\u0131r. Forster\u2019\u0131n hayat\u0131ndan ve hayat\u0131na giren ki\u015filerden otobiyografik unsurlar ta\u015f\u0131yan, yaz\u0131ld\u0131ktan yar\u0131m as\u0131r sonra, 1972\u2019de yay\u0131mlanabilmi\u015f Maurice, Forster\u2019\u0131n \u201cdaha mutlu bir y\u0131la\u201d ithaf ve arma\u011fan etti\u011fi bir sakl\u0131 \u00f6yk\u00fc. \u201cOkuyan ve yazar\u0131n ya\u015fam\u0131na dair bilgisi olmayan herkes, yazar\u0131n Maurice\u2019teki dile\u011finin ger\u00e7ek oldu\u011funu umacakt\u0131r.\u201d <\/p>\n","protected":false},"excerpt":{"rendered":"<p>Forster\u2019\u0131n \u00f6l\u00fcm\u00fcnden sonra yay\u0131mlanan roman\u0131 Maurice, bir gencin ger\u00e7ek cinsel kimli\u011fini ke\u015ffetme s\u00fcrecini izliyor. \u00dcst s\u0131n\u0131fa mensup, sayg\u0131n bir Londral\u0131 ailenin o\u011flu olan Maurice Hall, iyi<span class=\"excerpt-hellip\"> [\u2026]<\/span><\/p>\n","protected":false},"featured_media":0,"template":"","meta":{"_monsterinsights_skip_tracking":false,"_monsterinsights_sitenote_active":false,"_monsterinsights_sitenote_note":"","_monsterinsights_sitenote_category":0},"product_brand":[],"product_cat":[12291,12711],"product_tag":[],"class_list":{"0":"post-715091","1":"product","2":"type-product","3":"status-publish","5":"product_cat-edebiyat","6":"product_cat-roman-oyku","7":"pa_cilt-ciltsiz","8":"pa_tur-kitap","9":"pa_yayinevi-iletisim-yayinlari","10":"pa_yazar-e-m-forster","12":"first","13":"instock","14":"sale","15":"shipping-taxable","16":"purchasable","17":"product-type-simple"},"_links":{"self":[{"href":"https:\/\/roveyayinevi.com.tr\/index.php\/wp-json\/wp\/v2\/product\/715091","targetHints":{"allow":["GET"]}}],"collection":[{"href":"https:\/\/roveyayinevi.com.tr\/index.php\/wp-json\/wp\/v2\/product"}],"about":[{"href":"https:\/\/roveyayinevi.com.tr\/index.php\/wp-json\/wp\/v2\/types\/product"}],"wp:attachment":[{"href":"https:\/\/roveyayinevi.com.tr\/index.php\/wp-json\/wp\/v2\/media?parent=715091"}],"wp:term":[{"taxonomy":"product_brand","embeddable":true,"href":"https:\/\/roveyayinevi.com.tr\/index.php\/wp-json\/wp\/v2\/product_brand?post=715091"},{"taxonomy":"product_cat","embeddable":true,"href":"https:\/\/roveyayinevi.com.tr\/index.php\/wp-json\/wp\/v2\/product_cat?post=715091"},{"taxonomy":"product_tag","embeddable":true,"href":"https:\/\/roveyayinevi.com.tr\/index.php\/wp-json\/wp\/v2\/product_tag?post=715091"}],"curies":[{"name":"wp","href":"https:\/\/api.w.org\/{rel}","templated":true}]}}