{"id":715090,"date":"2025-08-27T17:26:11","date_gmt":"2025-08-27T14:26:11","guid":{"rendered":"https:\/\/roveyayinevi.com.tr\/index.php\/urun\/cultural-policy-yearbook-2017-2018\/"},"modified":"2026-04-16T02:23:20","modified_gmt":"2026-04-15T23:23:20","slug":"cultural-policy-yearbook-2017-2018","status":"publish","type":"product","link":"https:\/\/roveyayinevi.com.tr\/index.php\/urun\/cultural-policy-yearbook-2017-2018\/","title":{"rendered":"Cultural Policy Yearbook 2017 2018"},"content":{"rendered":"<p>\ufffcFOCUS (Editors: Milena Dragicevic \u0160e\u0161ic, Jonathan Vickery) Introduction \u2013 Milena Dragicevic \u0160e\u0161ic, Jonathan Vickery The Mainstreaming of Right-Wing Populism in Europe \u2013 Ayhan Kaya Eurocentrism in European Arts Management \u2013 Raphaela Henze The Rhetoric of Cultural Development and Paradox of Populism in Cultural Policy \u2013 Ana \u017duvela and Dea Vidovic \u2022 Culture, Populism and the Public: New Labour\u2019s Early Policy Innovations and a Paradigm creation of a Social Instrumentalism \u2013 Jonathan Vickery \u2022 The EBBS and Flows of Arts and Culture Policy: The South African Experience \u2013 Mike van Graan A conceptual framework on right and left-wing populist cultural policies: similitudes and differences from the Argentina case \u2013 Mariano Mart\u00edn Zamorano and Llu\u00eds Bonet \u2022 The populist 2017 Electoral Campaign and Cultural Policy: A Case Study of the Return of \u201cOutcast\u201d \u017deljko Kerum onto the Croatian Political Scene \u2013 Marko Mustapic, Benjamin Perasovic, Augustin Derado \u2022 Politics of Populism: Power and Protest in the Global Age \u2013 Evren Balta, Soli \u00d6zel \u2022 Maze of Choices: Art in Public Spaces Between Politics and Creative Practices \u2013 Elona Lubyt\u00e9 \u2022 Value of Arts and Curatorial Agency in the Post-political: Condition: Creative Europe towards Economic Core Aims \u2013 Ana Letunic \u2022 Why God Loves the Dreams of Serbian Artists or Art and Culture on the Battleground of Populism \u2013 Stevan Vukovic OPEN SPACE (Editor: G\u00f6k\u00e7e Dervi\u015fo\u011flu Okandan) Questions on Institutions \u2013 Vas\u0131f Kortun \u2022 Creative Platforms: Global Phenomenon, Local Examples and Lessons \u2013 Emre Erbirer \u2022 Cultural Policy as Historical Ontology: On the Governmentalization of Art \u2013 Berndt Clavier, Asko Kauppinen REVIEW (Editors: Funda Lena, Adil Serhan \u015eahin) An Assessment of Community Filmmaking: Diversity, Practices and Places \u2013 Seda K\u0131l\u0131\u00e7 Akta\u015f \u2022 Report of the Third National Culture Council <\/p>\n","protected":false},"excerpt":{"rendered":"<p>\ufffcFOCUS (Editors: Milena Dragicevic \u0160e\u0161ic, Jonathan Vickery) Introduction \u2013 Milena Dragicevic \u0160e\u0161ic, Jonathan Vickery The Mainstreaming of Right-Wing Populism in Europe \u2013 Ayhan Kaya Eurocentrism in<span class=\"excerpt-hellip\"> [\u2026]<\/span><\/p>\n","protected":false},"featured_media":0,"template":"","meta":{"_monsterinsights_skip_tracking":false,"_monsterinsights_sitenote_active":false,"_monsterinsights_sitenote_note":"","_monsterinsights_sitenote_category":0},"product_brand":[],"product_cat":[13059,12337],"product_tag":[],"class_list":{"0":"post-715090","1":"product","2":"type-product","3":"status-publish","5":"product_cat-diger-politika-siyaset","6":"product_cat-politika-siyaset","7":"pa_cilt-ciltsiz","8":"pa_tur-kitap","9":"pa_yayinevi-iletisim-yayinlari","10":"pa_yazar-milena-dragicevic-sesic-jonathan-vickery","12":"first","13":"instock","14":"sale","15":"shipping-taxable","16":"purchasable","17":"product-type-simple"},"_links":{"self":[{"href":"https:\/\/roveyayinevi.com.tr\/index.php\/wp-json\/wp\/v2\/product\/715090","targetHints":{"allow":["GET"]}}],"collection":[{"href":"https:\/\/roveyayinevi.com.tr\/index.php\/wp-json\/wp\/v2\/product"}],"about":[{"href":"https:\/\/roveyayinevi.com.tr\/index.php\/wp-json\/wp\/v2\/types\/product"}],"wp:attachment":[{"href":"https:\/\/roveyayinevi.com.tr\/index.php\/wp-json\/wp\/v2\/media?parent=715090"}],"wp:term":[{"taxonomy":"product_brand","embeddable":true,"href":"https:\/\/roveyayinevi.com.tr\/index.php\/wp-json\/wp\/v2\/product_brand?post=715090"},{"taxonomy":"product_cat","embeddable":true,"href":"https:\/\/roveyayinevi.com.tr\/index.php\/wp-json\/wp\/v2\/product_cat?post=715090"},{"taxonomy":"product_tag","embeddable":true,"href":"https:\/\/roveyayinevi.com.tr\/index.php\/wp-json\/wp\/v2\/product_tag?post=715090"}],"curies":[{"name":"wp","href":"https:\/\/api.w.org\/{rel}","templated":true}]}}