{"id":715088,"date":"2025-08-27T17:26:10","date_gmt":"2025-08-27T14:26:10","guid":{"rendered":"https:\/\/roveyayinevi.com.tr\/index.php\/urun\/canli-yasa\/"},"modified":"2026-04-16T02:23:20","modified_gmt":"2026-04-15T23:23:20","slug":"canli-yasa","status":"publish","type":"product","link":"https:\/\/roveyayinevi.com.tr\/index.php\/urun\/canli-yasa\/","title":{"rendered":"Canl\u0131 Ya\u015fa"},"content":{"rendered":"<p>\u0130nsan al\u0131\u015fkanl\u0131klar\u0131 ile kendini limitlendirir, \u00f6\u011frenmi\u015f olduklar\u0131 ile s\u0131n\u0131rlar koyar, ya\u015fad\u0131klar\u0131 ile d\u00fcnyas\u0131n\u0131 olu\u015fturur, beraberliklerini sevgi, g\u00f6zleri ile g\u00f6rd\u00fcklerini ger\u00e7ek san\u0131r, g\u00f6remedi\u011fi ve korktu\u011fu her \u015feyi de inan\u00e7 haline getirir. \u0130\u015fte bu y\u00fczden insan hi\u00e7bir zaman ger\u00e7ek anlamda bir d\u00f6n\u00fc\u015f\u00fcm ya\u015fayamaz, \u00e7\u00fcnk\u00fc d\u00f6n\u00fc\u015f\u00fcm\u00fc de umut denilen hayal d\u00fcnyas\u0131na b\u0131rakm\u0131\u015ft\u0131r. \u015eimdi bunlar\u0131 fark ettiysen karar vermelisin&#8230;     &#8220;Bu kitap bildiklerini hat\u0131rlatmak i\u00e7in kendine yazd\u0131\u011f\u0131n son mektuptur.&#8221; <\/p>\n","protected":false},"excerpt":{"rendered":"<p>\u0130nsan al\u0131\u015fkanl\u0131klar\u0131 ile kendini limitlendirir, \u00f6\u011frenmi\u015f olduklar\u0131 ile s\u0131n\u0131rlar koyar, ya\u015fad\u0131klar\u0131 ile d\u00fcnyas\u0131n\u0131 olu\u015fturur, beraberliklerini sevgi, g\u00f6zleri ile g\u00f6rd\u00fcklerini ger\u00e7ek san\u0131r, g\u00f6remedi\u011fi ve korktu\u011fu her \u015feyi<span class=\"excerpt-hellip\"> [\u2026]<\/span><\/p>\n","protected":false},"featured_media":0,"template":"","meta":{"_monsterinsights_skip_tracking":false,"_monsterinsights_sitenote_active":false,"_monsterinsights_sitenote_note":"","_monsterinsights_sitenote_category":0},"product_brand":[],"product_cat":[13835],"product_tag":[],"class_list":{"0":"post-715088","1":"product","2":"type-product","3":"status-publish","5":"product_cat-cok-satanlar","6":"pa_cilt-ciltsiz","7":"pa_tur-kitap","8":"pa_yayinevi-destek-yayinlari","9":"pa_yazar-sinan-ergin","11":"first","12":"instock","13":"sale","14":"shipping-taxable","15":"purchasable","16":"product-type-simple"},"_links":{"self":[{"href":"https:\/\/roveyayinevi.com.tr\/index.php\/wp-json\/wp\/v2\/product\/715088","targetHints":{"allow":["GET"]}}],"collection":[{"href":"https:\/\/roveyayinevi.com.tr\/index.php\/wp-json\/wp\/v2\/product"}],"about":[{"href":"https:\/\/roveyayinevi.com.tr\/index.php\/wp-json\/wp\/v2\/types\/product"}],"wp:attachment":[{"href":"https:\/\/roveyayinevi.com.tr\/index.php\/wp-json\/wp\/v2\/media?parent=715088"}],"wp:term":[{"taxonomy":"product_brand","embeddable":true,"href":"https:\/\/roveyayinevi.com.tr\/index.php\/wp-json\/wp\/v2\/product_brand?post=715088"},{"taxonomy":"product_cat","embeddable":true,"href":"https:\/\/roveyayinevi.com.tr\/index.php\/wp-json\/wp\/v2\/product_cat?post=715088"},{"taxonomy":"product_tag","embeddable":true,"href":"https:\/\/roveyayinevi.com.tr\/index.php\/wp-json\/wp\/v2\/product_tag?post=715088"}],"curies":[{"name":"wp","href":"https:\/\/api.w.org\/{rel}","templated":true}]}}