{"id":715086,"date":"2025-08-27T17:26:08","date_gmt":"2025-08-27T14:26:08","guid":{"rendered":"https:\/\/roveyayinevi.com.tr\/index.php\/urun\/ankanin-donusu\/"},"modified":"2026-04-16T02:23:20","modified_gmt":"2026-04-15T23:23:20","slug":"ankanin-donusu","status":"publish","type":"product","link":"https:\/\/roveyayinevi.com.tr\/index.php\/urun\/ankanin-donusu\/","title":{"rendered":"Anka&#8217;n\u0131n D\u00f6n\u00fc\u015f\u00fc"},"content":{"rendered":"<p>S\u0131radan hayat\u0131ndan s\u0131k\u0131l\u0131p bilmedi\u011fi yerlere giderek \u00f6zg\u00fcr kalma hayalleri kuran Carmen, kendini bir anda ba\u015fa \u00e7\u0131kamayaca\u011f\u0131 bir m\u00fccadelenin i\u00e7inde bulur. Yeni tan\u0131\u015ft\u0131\u011f\u0131 ve kendisinin z\u00fcmr\u00fct oldu\u011funu s\u00f6yleyen Ron ad\u0131nda bir gen\u00e7le, kimsenin haberdar olmad\u0131\u011f\u0131 Crictus adl\u0131 bir gezegene gidip onu yok etmek i\u00e7in can atan ikiz karde\u015fi Enka ve ruhunu emmek isteyen bir Ruh Avc\u0131s\u0131&#8217;yla k\u0131ran k\u0131rana bir taht kavgas\u0131na girer. D\u00fc\u015fmanlar\u0131ndan kurtulmak ve z\u00fcmr\u00fcd\u00fcn\u00fc ele ge\u00e7irmek zorunda olan Carmen&#8217;\u0131n hayat\u0131 art\u0131k hi\u00e7bir zaman eskisi gibi olmayacakt\u0131r \u00e7\u00fcnk\u00fc o Anka&#8217;n\u0131n ta kendisidir.<\/p>\n","protected":false},"excerpt":{"rendered":"<p>S\u0131radan hayat\u0131ndan s\u0131k\u0131l\u0131p bilmedi\u011fi yerlere giderek \u00f6zg\u00fcr kalma hayalleri kuran Carmen, kendini bir anda ba\u015fa \u00e7\u0131kamayaca\u011f\u0131 bir m\u00fccadelenin i\u00e7inde bulur. Yeni tan\u0131\u015ft\u0131\u011f\u0131 ve kendisinin z\u00fcmr\u00fct oldu\u011funu<span class=\"excerpt-hellip\"> [\u2026]<\/span><\/p>\n","protected":false},"featured_media":0,"template":"","meta":{"_monsterinsights_skip_tracking":false,"_monsterinsights_sitenote_active":false,"_monsterinsights_sitenote_note":"","_monsterinsights_sitenote_category":0},"product_brand":[],"product_cat":[12291,14777],"product_tag":[],"class_list":{"0":"post-715086","1":"product","2":"type-product","3":"status-publish","5":"product_cat-edebiyat","6":"product_cat-fantastik","7":"pa_cilt-ciltsiz","8":"pa_tur-kitap","9":"pa_yayinevi-muptela-yayinevi","10":"pa_yazar-melodi-bac","12":"first","13":"instock","14":"sale","15":"shipping-taxable","16":"purchasable","17":"product-type-simple"},"_links":{"self":[{"href":"https:\/\/roveyayinevi.com.tr\/index.php\/wp-json\/wp\/v2\/product\/715086","targetHints":{"allow":["GET"]}}],"collection":[{"href":"https:\/\/roveyayinevi.com.tr\/index.php\/wp-json\/wp\/v2\/product"}],"about":[{"href":"https:\/\/roveyayinevi.com.tr\/index.php\/wp-json\/wp\/v2\/types\/product"}],"wp:attachment":[{"href":"https:\/\/roveyayinevi.com.tr\/index.php\/wp-json\/wp\/v2\/media?parent=715086"}],"wp:term":[{"taxonomy":"product_brand","embeddable":true,"href":"https:\/\/roveyayinevi.com.tr\/index.php\/wp-json\/wp\/v2\/product_brand?post=715086"},{"taxonomy":"product_cat","embeddable":true,"href":"https:\/\/roveyayinevi.com.tr\/index.php\/wp-json\/wp\/v2\/product_cat?post=715086"},{"taxonomy":"product_tag","embeddable":true,"href":"https:\/\/roveyayinevi.com.tr\/index.php\/wp-json\/wp\/v2\/product_tag?post=715086"}],"curies":[{"name":"wp","href":"https:\/\/api.w.org\/{rel}","templated":true}]}}