{"id":715084,"date":"2025-08-27T17:26:07","date_gmt":"2025-08-27T14:26:07","guid":{"rendered":"https:\/\/roveyayinevi.com.tr\/index.php\/urun\/kurt-siyasetinin-mor-rengi\/"},"modified":"2026-04-16T02:23:20","modified_gmt":"2026-04-15T23:23:20","slug":"kurt-siyasetinin-mor-rengi","status":"publish","type":"product","link":"https:\/\/roveyayinevi.com.tr\/index.php\/urun\/kurt-siyasetinin-mor-rengi\/","title":{"rendered":"K\u00fcrt Siyasetinin Mor Rengi"},"content":{"rendered":"<p>Bu kitap, sadece yerel ve genel siyasette g\u00f6rev alm\u0131\u015f, cezaevinde olan kad\u0131nlar\u0131n deneyimlerine odakland\u0131. Kad\u0131nlar olarak nereden gelip hangi mesafeleri kat etti\u011fimizi, \u00f6n\u00fcm\u00fcze ne gibi engeller \u00e7\u0131kt\u0131\u011f\u0131n\u0131, erkek egemen sisteme kafa tutma g\u00fcc\u00fcn\u00fc nas\u0131l edindi\u011fimizi dillendirmek; eme\u011fimizi, \u00e7abam\u0131z\u0131, an\u0131lar\u0131m\u0131z\u0131, zor ve g\u00fczel ya\u015fanm\u0131\u015fl\u0131klar\u0131 bir araya getirerek kad\u0131n \u00f6zg\u00fcrl\u00fck m\u00fccadelesine deneyimlerimizi aktarmak, tarihe bir not d\u00fc\u015fmek istedik. Hepimiz ayn\u0131 yollardan ge\u00e7tik, ayn\u0131 zorluklarla kar\u015f\u0131la\u015ft\u0131k, erkek egemen bir alanda kad\u0131nlar olarak var olma m\u00fccadelesi verdik. K\u00fcrt kad\u0131nlar\u0131n\u0131n siyasal alandaki m\u00fccadele deneyimleri, erkek egemen sistemin bu karma\u015f\u0131k ittifak\u0131n\u0131 g\u00f6r\u00fcn\u00fcr k\u0131ld\u0131\u011f\u0131 gibi, kad\u0131nlar\u0131n azmini ve kararl\u0131l\u0131\u011f\u0131n\u0131 da g\u00f6zler \u00f6n\u00fcne sermektedir. \u0130\u011fneyle kuyu kazarcas\u0131na, bin bir emekle, b\u00fcy\u00fck bir m\u00fccadeleyle ge\u00e7en K\u00fcrt kad\u0131nlar\u0131n\u0131n demokratik siyaset alan\u0131ndaki m\u00fccadele deneyimlerini anlatsak da, yaz\u0131lanlar hepimizin hik\u00e2yesi\u2026 <\/p>\n","protected":false},"excerpt":{"rendered":"<p>Bu kitap, sadece yerel ve genel siyasette g\u00f6rev alm\u0131\u015f, cezaevinde olan kad\u0131nlar\u0131n deneyimlerine odakland\u0131. Kad\u0131nlar olarak nereden gelip hangi mesafeleri kat etti\u011fimizi, \u00f6n\u00fcm\u00fcze ne gibi engeller<span class=\"excerpt-hellip\"> [\u2026]<\/span><\/p>\n","protected":false},"featured_media":0,"template":"","meta":{"_monsterinsights_skip_tracking":false,"_monsterinsights_sitenote_active":false,"_monsterinsights_sitenote_note":"","_monsterinsights_sitenote_category":0},"product_brand":[],"product_cat":[13590,12337],"product_tag":[],"class_list":{"0":"post-715084","1":"product","2":"type-product","3":"status-publish","5":"product_cat-arastirma-inceleme-politika-siyaset","6":"product_cat-politika-siyaset","7":"pa_cilt-ciltsiz","8":"pa_tur-kitap","9":"pa_yayinevi-dipnot-yayinlari","10":"pa_yazar-gultan-kisanak","12":"first","13":"instock","14":"sale","15":"shipping-taxable","16":"purchasable","17":"product-type-simple"},"_links":{"self":[{"href":"https:\/\/roveyayinevi.com.tr\/index.php\/wp-json\/wp\/v2\/product\/715084","targetHints":{"allow":["GET"]}}],"collection":[{"href":"https:\/\/roveyayinevi.com.tr\/index.php\/wp-json\/wp\/v2\/product"}],"about":[{"href":"https:\/\/roveyayinevi.com.tr\/index.php\/wp-json\/wp\/v2\/types\/product"}],"wp:attachment":[{"href":"https:\/\/roveyayinevi.com.tr\/index.php\/wp-json\/wp\/v2\/media?parent=715084"}],"wp:term":[{"taxonomy":"product_brand","embeddable":true,"href":"https:\/\/roveyayinevi.com.tr\/index.php\/wp-json\/wp\/v2\/product_brand?post=715084"},{"taxonomy":"product_cat","embeddable":true,"href":"https:\/\/roveyayinevi.com.tr\/index.php\/wp-json\/wp\/v2\/product_cat?post=715084"},{"taxonomy":"product_tag","embeddable":true,"href":"https:\/\/roveyayinevi.com.tr\/index.php\/wp-json\/wp\/v2\/product_tag?post=715084"}],"curies":[{"name":"wp","href":"https:\/\/api.w.org\/{rel}","templated":true}]}}