{"id":715080,"date":"2025-08-27T17:26:05","date_gmt":"2025-08-27T14:26:05","guid":{"rendered":"https:\/\/roveyayinevi.com.tr\/index.php\/urun\/mutlu-hayalperest\/"},"modified":"2026-04-16T02:23:20","modified_gmt":"2026-04-15T23:23:20","slug":"mutlu-hayalperest","status":"publish","type":"product","link":"https:\/\/roveyayinevi.com.tr\/index.php\/urun\/mutlu-hayalperest\/","title":{"rendered":"Mutlu Hayalperest"},"content":{"rendered":"<p>Peter H. Reynolds ve ikiz karde\u015fi Paul, Kanada\u2019n\u0131n Toronto kentinde d\u00fcnyaya geldiler. Yedi ya\u015f\u0131nda kendilerinin yazd\u0131klar\u0131 kitaplar\u0131, \u00e7izgi romanlar\u0131 ve gazete yaz\u0131lar\u0131n\u0131 babalar\u0131n\u0131n fotokopi d\u00fckk\u00e2n\u0131nda \u00e7o\u011faltarak yay\u0131mlam\u0131\u015flard\u0131r. Peter ortaokula devam ederken bir yandan edebi dergi ve gazetelerde yazar ve ill\u00fcstrat\u00f6r olarak \u00e7al\u0131\u015fm\u0131\u015f, bir yandan da kendi eserlerini yay\u0131mlam\u0131\u015ft\u0131r. E\u011fitim hayat\u0131na Massachusetts G\u00fczel Sanatlar Akademisi ve Fitcburg Devlet Kolejinde devam etmi\u015ftir. 1983\u2019te \u201cY\u0131l\u0131n \u0130leti\u015fim \u00d6\u011frencisi \u00d6d\u00fcl\u00fc\u201dn\u00fc, 1999 y\u0131l\u0131nda ise \u201c\u00dcst\u00fcn \u00d6\u011frenci \u00d6d\u00fcl\u00fc\u201dn\u00fc kazanm\u0131\u015ft\u0131r. Olduk\u00e7a ba\u015far\u0131l\u0131 bir yazar ve ill\u00fcstrat\u00f6r olan Reynolds, co\u015fkusunu ve enerjisini yaratt\u0131\u011f\u0131 eserlerine de yans\u0131t\u0131r. Nokta adl\u0131 eserinin film versiyonu 2005 y\u0131l\u0131nda Amerikan K\u00fct\u00fcphaneciler Derne\u011finin \u00fcst\u00fcn eserlere verdi\u011fi Carnegie Madalyas\u0131\u2019n\u0131 kazanm\u0131\u015ft\u0131r. Ayr\u0131ca ayn\u0131 y\u0131l \u201c\u00c7ocuklar \u0130\u00e7in En \u0130yi Video Filmi \u00d6d\u00fcl\u00fc\u201dn\u00fc alm\u0131\u015ft\u0131r. 2006 y\u0131l\u0131nda Amerikan K\u00fct\u00fcphaneciler Derne\u011finin d\u00fczenledi\u011fi yar\u0131\u015fmada \u201c\u00c7ocuklar \u0130\u00e7in En Se\u00e7kin Video \u00d6d\u00fcl\u00fc\u201dn\u00fc ise M\u0131\u015f Gibi adl\u0131 eseri ile kazanm\u0131\u015ft\u0131r.<\/p>\n","protected":false},"excerpt":{"rendered":"<p>Peter H. Reynolds ve ikiz karde\u015fi Paul, Kanada\u2019n\u0131n Toronto kentinde d\u00fcnyaya geldiler. Yedi ya\u015f\u0131nda kendilerinin yazd\u0131klar\u0131 kitaplar\u0131, \u00e7izgi romanlar\u0131 ve gazete yaz\u0131lar\u0131n\u0131 babalar\u0131n\u0131n fotokopi d\u00fckk\u00e2n\u0131nda \u00e7o\u011faltarak<span class=\"excerpt-hellip\"> [\u2026]<\/span><\/p>\n","protected":false},"featured_media":0,"template":"","meta":{"_monsterinsights_skip_tracking":false,"_monsterinsights_sitenote_active":false,"_monsterinsights_sitenote_note":"","_monsterinsights_sitenote_category":0},"product_brand":[],"product_cat":[12913,12274],"product_tag":[],"class_list":{"0":"post-715080","1":"product","2":"type-product","3":"status-publish","5":"product_cat-3-6-yas-kitaplari","6":"product_cat-cocuk-ve-genclik-kitaplari","7":"pa_cilt-ciltsiz","8":"pa_tur-kitap","9":"pa_yayinevi-altin-kitaplar","10":"pa_yazar-peter-h-reynolds","12":"first","13":"instock","14":"sale","15":"shipping-taxable","16":"purchasable","17":"product-type-simple"},"_links":{"self":[{"href":"https:\/\/roveyayinevi.com.tr\/index.php\/wp-json\/wp\/v2\/product\/715080","targetHints":{"allow":["GET"]}}],"collection":[{"href":"https:\/\/roveyayinevi.com.tr\/index.php\/wp-json\/wp\/v2\/product"}],"about":[{"href":"https:\/\/roveyayinevi.com.tr\/index.php\/wp-json\/wp\/v2\/types\/product"}],"wp:attachment":[{"href":"https:\/\/roveyayinevi.com.tr\/index.php\/wp-json\/wp\/v2\/media?parent=715080"}],"wp:term":[{"taxonomy":"product_brand","embeddable":true,"href":"https:\/\/roveyayinevi.com.tr\/index.php\/wp-json\/wp\/v2\/product_brand?post=715080"},{"taxonomy":"product_cat","embeddable":true,"href":"https:\/\/roveyayinevi.com.tr\/index.php\/wp-json\/wp\/v2\/product_cat?post=715080"},{"taxonomy":"product_tag","embeddable":true,"href":"https:\/\/roveyayinevi.com.tr\/index.php\/wp-json\/wp\/v2\/product_tag?post=715080"}],"curies":[{"name":"wp","href":"https:\/\/api.w.org\/{rel}","templated":true}]}}