{"id":715078,"date":"2025-08-27T17:26:03","date_gmt":"2025-08-27T14:26:03","guid":{"rendered":"https:\/\/roveyayinevi.com.tr\/index.php\/urun\/kuyu-2\/"},"modified":"2026-04-16T02:23:20","modified_gmt":"2026-04-15T23:23:20","slug":"kuyu-2","status":"publish","type":"product","link":"https:\/\/roveyayinevi.com.tr\/index.php\/urun\/kuyu-2\/","title":{"rendered":"Ku&#8217;yu"},"content":{"rendered":"<p>\u015eiirkalbed\u00fc\u015fer\u2026   \u0130\u015fte geldim, a\u011flar\u0131m senin \u00f6n\u00fcnde. Yiten ruhunun tan\u0131kl\u0131\u011f\u0131 i\u00e7in, Sonsuza d\u00f6nen kalbinin kanat \u00e7\u0131rp\u0131\u015flar\u0131 i\u00e7in, Zaman\u0131n bulutlar\u0131yla suland\u0131rd\u0131\u011f\u0131n, S\u00f6z\u00fcn\u00fcn birli\u011fi i\u00e7in a\u011flar\u0131m.   Yoklu\u011funun an\u0131s\u0131, yiten s\u00f6zd\u00fcr belleklerde.   Tutulay\u0131m g\u00fcne\u015finin \u00f6n\u00fcnde, K\u00fcllerimi da\u011f\u0131t kumlara, r\u00fczg\u00e2rlara. \u0130\u015fte geldim, a\u011flar\u0131m senin \u00f6n\u00fcnde.   \u00c7\u00f6llerden ge\u00e7iririm sessizli\u011fimi,  Nice kurumu\u015f kuyulardan \u00e7ekerim g\u00f6zya\u015f\u0131m\u0131. \ufffcTan\u0131t\u0131m Metni<\/p>\n","protected":false},"excerpt":{"rendered":"<p>\u015eiirkalbed\u00fc\u015fer\u2026 \u0130\u015fte geldim, a\u011flar\u0131m senin \u00f6n\u00fcnde. Yiten ruhunun tan\u0131kl\u0131\u011f\u0131 i\u00e7in, Sonsuza d\u00f6nen kalbinin kanat \u00e7\u0131rp\u0131\u015flar\u0131 i\u00e7in, Zaman\u0131n bulutlar\u0131yla suland\u0131rd\u0131\u011f\u0131n, S\u00f6z\u00fcn\u00fcn birli\u011fi i\u00e7in a\u011flar\u0131m. Yoklu\u011funun an\u0131s\u0131, yiten<span class=\"excerpt-hellip\"> [\u2026]<\/span><\/p>\n","protected":false},"featured_media":0,"template":"","meta":{"_monsterinsights_skip_tracking":false,"_monsterinsights_sitenote_active":false,"_monsterinsights_sitenote_note":"","_monsterinsights_sitenote_category":0},"product_brand":[],"product_cat":[27157,12291],"product_tag":[],"class_list":{"0":"post-715078","1":"product","2":"type-product","3":"status-publish","5":"product_cat-derleme","6":"product_cat-edebiyat","7":"pa_cilt-ciltsiz","8":"pa_tur-kitap","9":"pa_yayinevi-inkilap-kitabevi","10":"pa_yazar-ahmet-bozkurt","12":"first","13":"instock","14":"sale","15":"shipping-taxable","16":"purchasable","17":"product-type-simple"},"_links":{"self":[{"href":"https:\/\/roveyayinevi.com.tr\/index.php\/wp-json\/wp\/v2\/product\/715078","targetHints":{"allow":["GET"]}}],"collection":[{"href":"https:\/\/roveyayinevi.com.tr\/index.php\/wp-json\/wp\/v2\/product"}],"about":[{"href":"https:\/\/roveyayinevi.com.tr\/index.php\/wp-json\/wp\/v2\/types\/product"}],"wp:attachment":[{"href":"https:\/\/roveyayinevi.com.tr\/index.php\/wp-json\/wp\/v2\/media?parent=715078"}],"wp:term":[{"taxonomy":"product_brand","embeddable":true,"href":"https:\/\/roveyayinevi.com.tr\/index.php\/wp-json\/wp\/v2\/product_brand?post=715078"},{"taxonomy":"product_cat","embeddable":true,"href":"https:\/\/roveyayinevi.com.tr\/index.php\/wp-json\/wp\/v2\/product_cat?post=715078"},{"taxonomy":"product_tag","embeddable":true,"href":"https:\/\/roveyayinevi.com.tr\/index.php\/wp-json\/wp\/v2\/product_tag?post=715078"}],"curies":[{"name":"wp","href":"https:\/\/api.w.org\/{rel}","templated":true}]}}