{"id":715077,"date":"2025-08-27T17:26:03","date_gmt":"2025-08-27T14:26:03","guid":{"rendered":"https:\/\/roveyayinevi.com.tr\/index.php\/urun\/fertilite-dogurganlik-rehberi\/"},"modified":"2026-04-16T02:23:20","modified_gmt":"2026-04-15T23:23:20","slug":"fertilite-dogurganlik-rehberi","status":"publish","type":"product","link":"https:\/\/roveyayinevi.com.tr\/index.php\/urun\/fertilite-dogurganlik-rehberi\/","title":{"rendered":"Fertilite Do\u011furganl\u0131k Rehberi"},"content":{"rendered":"<p>Do\u011furganl\u0131k i\u00e7in ideal kiloda m\u0131s\u0131n\u0131z? G\u00fcnl\u00fck beslenme al\u0131\u015fkanl\u0131klar\u0131n\u0131z do\u011furganl\u0131k diyetine uygun mu? Do\u011fru vitamin ve besin takviyelerini kullan\u0131yor musunuz? Sigara al\u0131\u015fkanl\u0131\u011f\u0131n\u0131n do\u011furganl\u0131k s\u00f6z konusu ise bu kadar zararl\u0131 oldu\u011funu biliyor muydunuz? D\u00fczenli olarak egzersiz yap\u0131yor musunuz? \u00c7ocuk sahibi olmay\u0131 ya\u015fam\u0131n\u0131zda ilk kez d\u00fc\u015f\u00fcn\u00fcyor olabilirsiniz ya da belki defalarca t\u00fcp bebek denemesi yapt\u0131n\u0131z ama ba\u015far\u0131s\u0131z oldunuz&#8230;  Bu bilgiler \u0131\u015f\u0131\u011f\u0131nda gebe kalma \u015fans\u0131n\u0131z\u0131 art\u0131rmay\u0131 istemez misiniz?  <\/p>\n","protected":false},"excerpt":{"rendered":"<p>Do\u011furganl\u0131k i\u00e7in ideal kiloda m\u0131s\u0131n\u0131z? G\u00fcnl\u00fck beslenme al\u0131\u015fkanl\u0131klar\u0131n\u0131z do\u011furganl\u0131k diyetine uygun mu? Do\u011fru vitamin ve besin takviyelerini kullan\u0131yor musunuz? Sigara al\u0131\u015fkanl\u0131\u011f\u0131n\u0131n do\u011furganl\u0131k s\u00f6z konusu ise bu<span class=\"excerpt-hellip\"> [\u2026]<\/span><\/p>\n","protected":false},"featured_media":0,"template":"","meta":{"_monsterinsights_skip_tracking":false,"_monsterinsights_sitenote_active":false,"_monsterinsights_sitenote_note":"","_monsterinsights_sitenote_category":0},"product_brand":[],"product_cat":[13366,13365],"product_tag":[],"class_list":{"0":"post-715077","1":"product","2":"type-product","3":"status-publish","5":"product_cat-diger-saglik","6":"product_cat-saglik","7":"pa_cilt-ciltsiz","8":"pa_tur-kitap","9":"pa_yayinevi-inkilap-kitabevi","10":"pa_yazar-sezen-cakir","12":"first","13":"instock","14":"sale","15":"shipping-taxable","16":"purchasable","17":"product-type-simple"},"_links":{"self":[{"href":"https:\/\/roveyayinevi.com.tr\/index.php\/wp-json\/wp\/v2\/product\/715077","targetHints":{"allow":["GET"]}}],"collection":[{"href":"https:\/\/roveyayinevi.com.tr\/index.php\/wp-json\/wp\/v2\/product"}],"about":[{"href":"https:\/\/roveyayinevi.com.tr\/index.php\/wp-json\/wp\/v2\/types\/product"}],"wp:attachment":[{"href":"https:\/\/roveyayinevi.com.tr\/index.php\/wp-json\/wp\/v2\/media?parent=715077"}],"wp:term":[{"taxonomy":"product_brand","embeddable":true,"href":"https:\/\/roveyayinevi.com.tr\/index.php\/wp-json\/wp\/v2\/product_brand?post=715077"},{"taxonomy":"product_cat","embeddable":true,"href":"https:\/\/roveyayinevi.com.tr\/index.php\/wp-json\/wp\/v2\/product_cat?post=715077"},{"taxonomy":"product_tag","embeddable":true,"href":"https:\/\/roveyayinevi.com.tr\/index.php\/wp-json\/wp\/v2\/product_tag?post=715077"}],"curies":[{"name":"wp","href":"https:\/\/api.w.org\/{rel}","templated":true}]}}