{"id":715074,"date":"2025-08-27T17:26:01","date_gmt":"2025-08-27T14:26:01","guid":{"rendered":"https:\/\/roveyayinevi.com.tr\/index.php\/urun\/annenin-duygusal-yoklugu\/"},"modified":"2026-04-16T02:23:20","modified_gmt":"2026-04-15T23:23:20","slug":"annenin-duygusal-yoklugu","status":"publish","type":"product","link":"https:\/\/roveyayinevi.com.tr\/index.php\/urun\/annenin-duygusal-yoklugu\/","title":{"rendered":"Anne&#8217;nin Duygusal Yoklu\u011fu"},"content":{"rendered":"<p>\u00c7ocuklukta Ya\u015fanan Duygusal \u0130hmalin G\u00f6r\u00fcnmez Etkilerini Bilmek ve \u0130yile\u015ftirmekAnneniz dalg\u0131n, mesafeli, hatta k\u00fc\u00e7\u00fcmseyici miydi? Kurdu\u011funuz ili\u015fkiler ya da kendinize verdi\u011finiz de\u011fer konusunda sorunlar ya\u015fad\u0131n\u0131z m\u0131? Duygusal a\u00e7\u0131dan orada olmayan annelerin yeti\u015fkinli\u011fe eri\u015fmi\u015f \u00e7ocuklar\u0131, genellikle hayatlar\u0131nda neyin eksik oldu\u011funu tam olarak anlayamazlar. Buna kar\u015f\u0131l\u0131k, ihmalkar annelerin \u00e7ocuklar\u0131 ya\u015fad\u0131klar\u0131 duygusal travman\u0131n fark\u0131ndad\u0131rlar ama bunun kal\u0131c\u0131 ve zarar veren etkilerini g\u00f6zden ka\u00e7\u0131r\u0131rlar.Psikoterapist Jasmin Lee Cori binlerce ki\u015fide yetersiz annelik y\u00fcz\u00fcnden a\u00e7\u0131lm\u0131\u015f her t\u00fcrl\u00fc yaran\u0131n iyile\u015fmesine yard\u0131mc\u0131 olmu\u015ftur. Yazar, \u00f6nc\u00fc niteli\u011findeki bu kitab\u0131n\u0131n yeni bask\u0131s\u0131nda, hem anneye hem de \u00e7ocu\u011fa \u015fefkatle yakla\u015fmakta ve \u015fu konulara a\u00e7\u0131kl\u0131k getirmektedir:Annenizin dalg\u0131n ya da incinmi\u015f olmas\u0131n\u0131n muhtemel nedenleri ve size veremedikleri\u00c7ocuklukta ya\u015fanan duygusal ihmalin kal\u0131c\u0131 etkileriDerinlemesine d\u00fc\u015f\u00fcnce ve al\u0131\u015ft\u0131rmalarla i\u00e7inizdeki \u00e7ocu\u011fu bulman\u0131n ve \u2018anne bo\u015flu\u011fu\u2019nu doldurman\u0131n yollar\u0131Kendiniz (ve belki de \u00e7ocuklar\u0131n\u0131z) i\u00e7in daha mutlu bir gelece\u011fe ad\u0131m atman\u0131n yollar\u0131<\/p>\n","protected":false},"excerpt":{"rendered":"<p>\u00c7ocuklukta Ya\u015fanan Duygusal \u0130hmalin G\u00f6r\u00fcnmez Etkilerini Bilmek ve \u0130yile\u015ftirmekAnneniz dalg\u0131n, mesafeli, hatta k\u00fc\u00e7\u00fcmseyici miydi? Kurdu\u011funuz ili\u015fkiler ya da kendinize verdi\u011finiz de\u011fer konusunda sorunlar ya\u015fad\u0131n\u0131z m\u0131? Duygusal<span class=\"excerpt-hellip\"> [\u2026]<\/span><\/p>\n","protected":false},"featured_media":0,"template":"","meta":{"_monsterinsights_skip_tracking":false,"_monsterinsights_sitenote_active":false,"_monsterinsights_sitenote_note":"","_monsterinsights_sitenote_category":0},"product_brand":[],"product_cat":[12364,12376],"product_tag":[],"class_list":{"0":"post-715074","1":"product","2":"type-product","3":"status-publish","5":"product_cat-genel-konular","6":"product_cat-kisisel-gelisim","7":"pa_cilt-ciltsiz","8":"pa_tur-kitap","9":"pa_yayinevi-koridor-yayincilik","10":"pa_yazar-jasmin-lee-cori","12":"first","13":"instock","14":"sale","15":"shipping-taxable","16":"purchasable","17":"product-type-simple"},"_links":{"self":[{"href":"https:\/\/roveyayinevi.com.tr\/index.php\/wp-json\/wp\/v2\/product\/715074","targetHints":{"allow":["GET"]}}],"collection":[{"href":"https:\/\/roveyayinevi.com.tr\/index.php\/wp-json\/wp\/v2\/product"}],"about":[{"href":"https:\/\/roveyayinevi.com.tr\/index.php\/wp-json\/wp\/v2\/types\/product"}],"wp:attachment":[{"href":"https:\/\/roveyayinevi.com.tr\/index.php\/wp-json\/wp\/v2\/media?parent=715074"}],"wp:term":[{"taxonomy":"product_brand","embeddable":true,"href":"https:\/\/roveyayinevi.com.tr\/index.php\/wp-json\/wp\/v2\/product_brand?post=715074"},{"taxonomy":"product_cat","embeddable":true,"href":"https:\/\/roveyayinevi.com.tr\/index.php\/wp-json\/wp\/v2\/product_cat?post=715074"},{"taxonomy":"product_tag","embeddable":true,"href":"https:\/\/roveyayinevi.com.tr\/index.php\/wp-json\/wp\/v2\/product_tag?post=715074"}],"curies":[{"name":"wp","href":"https:\/\/api.w.org\/{rel}","templated":true}]}}