{"id":715073,"date":"2025-08-27T17:26:00","date_gmt":"2025-08-27T14:26:00","guid":{"rendered":"https:\/\/roveyayinevi.com.tr\/index.php\/urun\/psikopati\/"},"modified":"2026-04-16T02:23:20","modified_gmt":"2026-04-15T23:23:20","slug":"psikopati","status":"publish","type":"product","link":"https:\/\/roveyayinevi.com.tr\/index.php\/urun\/psikopati\/","title":{"rendered":"Psikopati"},"content":{"rendered":"<p>San Francisco cinayet masas\u0131n\u0131n g\u00f6z\u00fc kara dedektifi Valerie Hart, i\u015ften bir s\u00fcreli\u011fine uzakla\u015fabilece\u011fi bir hafta sonu planlarken telefon gelir. Bir ceset bulunmu\u015ftur; darp edilmi\u015f ve \u00f6ld\u00fcr\u00fclm\u00fc\u015f bir kad\u0131n. Ve yan\u0131nda da \u2018Valerie\u2019ye\u2026\u2019 diye ba\u015flayan \u015fifreli bir not: \u2018Kim oldu\u011fumu biliyorsun. Kabusuna ho\u015f geldin.\u2019Kurbanla herhangi bir ba\u011flant\u0131s\u0131 olmad\u0131\u011f\u0131na emin olan Valerie olay yerini incelerken ipu\u00e7lar\u0131n\u0131n olduk\u00e7a rahats\u0131z edici bir y\u00f6ne i\u015faret etti\u011fini fark eder: Maksimum g\u00fcvenlikli bir hapishane ve i\u015fledi\u011fi \u00fcrpertici cinayetler y\u00fcz\u00fcnden idam g\u00fcn\u00fcn\u00fc bekleyen Katherine ad\u0131nda bir kad\u0131n. Onu parmakl\u0131klar arkas\u0131na g\u00f6nderen ki\u015fi de, istedi\u011fi son \u015fey bir katilin karanl\u0131k zihnine yeniden girmek olan Valerie\u2019den ba\u015fkas\u0131 de\u011fildir.Ancak yine \u015fifreli bir mesajla ikinci bir ceset daha bulundu\u011funda bu yapbozu \u00e7\u00f6zmekten ba\u015fka bir se\u00e7ene\u011finin olmad\u0131\u011f\u0131n\u0131 anlar. Katherine Glass i\u015flenen cinayetlerin s\u0131rr\u0131n\u0131 bilen tek ki\u015fidir ve \u00e7ember Valerie i\u00e7in daha da daralmadan \u00f6nce onun ne istedi\u011fini \u00e7\u00f6zmesi gerekmektedir. Psikopat katilin t\u00fcm kartlar\u0131 elinde tuttu\u011funu bilse bile bu \u00f6l\u00fcmc\u00fcl oyunu bir kez daha oynamaktan ka\u00e7amayacakt\u0131r.\u201cSaul Black, psikolojik gerilim t\u00fcr\u00fcnde yepyeni bir soluk.\u201d- Lisa Gardner\u201c\u015ea\u015f\u0131rt\u0131c\u0131 bir kurgu ve keskin bir zeka \u00fcr\u00fcn\u00fc olan diyaloglarla, amans\u0131z ve ac\u0131mas\u0131z bir hikaye.\u201d- Publishers Weekly<\/p>\n","protected":false},"excerpt":{"rendered":"<p>San Francisco cinayet masas\u0131n\u0131n g\u00f6z\u00fc kara dedektifi Valerie Hart, i\u015ften bir s\u00fcreli\u011fine uzakla\u015fabilece\u011fi bir hafta sonu planlarken telefon gelir. Bir ceset bulunmu\u015ftur; darp edilmi\u015f ve \u00f6ld\u00fcr\u00fclm\u00fc\u015f<span class=\"excerpt-hellip\"> [\u2026]<\/span><\/p>\n","protected":false},"featured_media":0,"template":"","meta":{"_monsterinsights_skip_tracking":false,"_monsterinsights_sitenote_active":false,"_monsterinsights_sitenote_note":"","_monsterinsights_sitenote_category":0},"product_brand":[],"product_cat":[12291,17033],"product_tag":[],"class_list":{"0":"post-715073","1":"product","2":"type-product","3":"status-publish","5":"product_cat-edebiyat","6":"product_cat-korku-gerilim","7":"pa_cilt-ciltsiz","8":"pa_tur-kitap","9":"pa_yayinevi-koridor-yayincilik","10":"pa_yazar-saul-black","12":"first","13":"instock","14":"sale","15":"shipping-taxable","16":"purchasable","17":"product-type-simple"},"_links":{"self":[{"href":"https:\/\/roveyayinevi.com.tr\/index.php\/wp-json\/wp\/v2\/product\/715073","targetHints":{"allow":["GET"]}}],"collection":[{"href":"https:\/\/roveyayinevi.com.tr\/index.php\/wp-json\/wp\/v2\/product"}],"about":[{"href":"https:\/\/roveyayinevi.com.tr\/index.php\/wp-json\/wp\/v2\/types\/product"}],"wp:attachment":[{"href":"https:\/\/roveyayinevi.com.tr\/index.php\/wp-json\/wp\/v2\/media?parent=715073"}],"wp:term":[{"taxonomy":"product_brand","embeddable":true,"href":"https:\/\/roveyayinevi.com.tr\/index.php\/wp-json\/wp\/v2\/product_brand?post=715073"},{"taxonomy":"product_cat","embeddable":true,"href":"https:\/\/roveyayinevi.com.tr\/index.php\/wp-json\/wp\/v2\/product_cat?post=715073"},{"taxonomy":"product_tag","embeddable":true,"href":"https:\/\/roveyayinevi.com.tr\/index.php\/wp-json\/wp\/v2\/product_tag?post=715073"}],"curies":[{"name":"wp","href":"https:\/\/api.w.org\/{rel}","templated":true}]}}