{"id":715067,"date":"2025-08-27T17:25:56","date_gmt":"2025-08-27T14:25:56","guid":{"rendered":"https:\/\/roveyayinevi.com.tr\/index.php\/urun\/benim-adim-hazard\/"},"modified":"2026-04-16T02:23:20","modified_gmt":"2026-04-15T23:23:20","slug":"benim-adim-hazard","status":"publish","type":"product","link":"https:\/\/roveyayinevi.com.tr\/index.php\/urun\/benim-adim-hazard\/","title":{"rendered":"Benim Ad\u0131m Hazard"},"content":{"rendered":"<p>Savunma oyuncular\u0131n\u0131n korkulu r\u00fcyas\u0131: Eden HazardK\u00fc\u00e7\u00fck \u00e7ocuk, \u201cBir g\u00fcn ben de senin gibi, b\u00fcy\u00fck bir tak\u0131mda futbol oynayaca\u011f\u0131m!\u201d dedi babas\u0131na. \u201cE\u011fer s\u0131k\u0131 \u00e7al\u0131\u015f\u0131rsan, bundan daha iyi bir tak\u0131mda bile oynayabilirsin,\u201d dedi babas\u0131.\u00c7ocu\u011fun ad\u0131, Eden Hazard\u2019d\u0131. Ger\u00e7ekten de s\u0131k\u0131 \u00e7al\u0131\u015ft\u0131 ve Chelsea ile Bel\u00e7ika Milli Tak\u0131m\u0131\u2019n\u0131n forveti oldu. \u00dcstelik penalt\u0131 vuru\u015flar\u0131ndaki ba\u015far\u0131 oran\u0131 y\u00fczde y\u00fcz olan bir forvet.<\/p>\n","protected":false},"excerpt":{"rendered":"<p>Savunma oyuncular\u0131n\u0131n korkulu r\u00fcyas\u0131: Eden HazardK\u00fc\u00e7\u00fck \u00e7ocuk, \u201cBir g\u00fcn ben de senin gibi, b\u00fcy\u00fck bir tak\u0131mda futbol oynayaca\u011f\u0131m!\u201d dedi babas\u0131na. \u201cE\u011fer s\u0131k\u0131 \u00e7al\u0131\u015f\u0131rsan, bundan daha iyi<span class=\"excerpt-hellip\"> [\u2026]<\/span><\/p>\n","protected":false},"featured_media":0,"template":"","meta":{"_monsterinsights_skip_tracking":false,"_monsterinsights_sitenote_active":false,"_monsterinsights_sitenote_note":"","_monsterinsights_sitenote_category":0},"product_brand":[],"product_cat":[15563,15564],"product_tag":[],"class_list":{"0":"post-715067","1":"product","2":"type-product","3":"status-publish","5":"product_cat-hobi","6":"product_cat-spor","7":"pa_cilt-ciltsiz","8":"pa_tur-kitap","9":"pa_yayinevi-beyaz-balina-yayinlari","10":"pa_yazar-kolektif","12":"first","13":"instock","14":"sale","15":"shipping-taxable","16":"purchasable","17":"product-type-simple"},"_links":{"self":[{"href":"https:\/\/roveyayinevi.com.tr\/index.php\/wp-json\/wp\/v2\/product\/715067","targetHints":{"allow":["GET"]}}],"collection":[{"href":"https:\/\/roveyayinevi.com.tr\/index.php\/wp-json\/wp\/v2\/product"}],"about":[{"href":"https:\/\/roveyayinevi.com.tr\/index.php\/wp-json\/wp\/v2\/types\/product"}],"wp:attachment":[{"href":"https:\/\/roveyayinevi.com.tr\/index.php\/wp-json\/wp\/v2\/media?parent=715067"}],"wp:term":[{"taxonomy":"product_brand","embeddable":true,"href":"https:\/\/roveyayinevi.com.tr\/index.php\/wp-json\/wp\/v2\/product_brand?post=715067"},{"taxonomy":"product_cat","embeddable":true,"href":"https:\/\/roveyayinevi.com.tr\/index.php\/wp-json\/wp\/v2\/product_cat?post=715067"},{"taxonomy":"product_tag","embeddable":true,"href":"https:\/\/roveyayinevi.com.tr\/index.php\/wp-json\/wp\/v2\/product_tag?post=715067"}],"curies":[{"name":"wp","href":"https:\/\/api.w.org\/{rel}","templated":true}]}}