{"id":715065,"date":"2025-08-27T17:25:55","date_gmt":"2025-08-27T14:25:55","guid":{"rendered":"https:\/\/roveyayinevi.com.tr\/index.php\/urun\/katran-karasi\/"},"modified":"2026-04-16T02:23:20","modified_gmt":"2026-04-15T23:23:20","slug":"katran-karasi","status":"publish","type":"product","link":"https:\/\/roveyayinevi.com.tr\/index.php\/urun\/katran-karasi\/","title":{"rendered":"Katran Karas\u0131"},"content":{"rendered":"<p>Yaln\u0131zl\u0131\u011f\u0131 hayat\u0131n\u0131n temel ilkesi haline getiren Ya\u011fmur, iyi bir i\u015fe ve parlak bir gelece\u011fe sahip olmas\u0131na ra\u011fmen mutlu de\u011fildi.  Tatil i\u00e7in gitti\u011fi A\u011fva\u2019da, tats\u0131z bir \u015fekilde tan\u0131\u015ft\u0131\u011f\u0131 \u00d6zg\u00fcr\u2019le yak\u0131nla\u015f\u0131rken, hayat\u0131n\u0131n y\u00f6n de\u011fi\u015ftirmesine engel olamayacakt\u0131. Y\u0131llar sonra hi\u00e7 tan\u0131mad\u0131\u011f\u0131 ailesiyle yollar\u0131 kesi\u015fti\u011finde, onlar\u0131 kendi d\u00fcnyas\u0131na alacak m\u0131yd\u0131? Peki, kendisi gibi inat\u00e7\u0131 bir adamla nas\u0131l ba\u015fa \u00e7\u0131kacakt\u0131? Asl\u0131nda \u00d6zg\u00fcr i\u00e7in de hi\u00e7bir \u015fey kolay de\u011fildi. Kozas\u0131na hapsolmu\u015f, \u00e7\u0131kmamakta kararl\u0131 bir kelebekle ne yapacak, renklerini g\u00f6ky\u00fcz\u00fcne nas\u0131l savuracakt\u0131? A\u015fk, sava\u015f\u0131rken mi kuvvet kazanacakt\u0131? <\/p>\n","protected":false},"excerpt":{"rendered":"<p>Yaln\u0131zl\u0131\u011f\u0131 hayat\u0131n\u0131n temel ilkesi haline getiren Ya\u011fmur, iyi bir i\u015fe ve parlak bir gelece\u011fe sahip olmas\u0131na ra\u011fmen mutlu de\u011fildi. Tatil i\u00e7in gitti\u011fi A\u011fva\u2019da, tats\u0131z bir \u015fekilde<span class=\"excerpt-hellip\"> [\u2026]<\/span><\/p>\n","protected":false},"featured_media":0,"template":"","meta":{"_monsterinsights_skip_tracking":false,"_monsterinsights_sitenote_active":false,"_monsterinsights_sitenote_note":"","_monsterinsights_sitenote_category":0},"product_brand":[],"product_cat":[12291,12711],"product_tag":[],"class_list":{"0":"post-715065","1":"product","2":"type-product","3":"status-publish","5":"product_cat-edebiyat","6":"product_cat-roman-oyku","7":"pa_cilt-ciltsiz","8":"pa_tur-kitap","9":"pa_yayinevi-ephesus-yayinlari","10":"pa_yazar-gunes-demirel","12":"first","13":"instock","14":"sale","15":"shipping-taxable","16":"purchasable","17":"product-type-simple"},"_links":{"self":[{"href":"https:\/\/roveyayinevi.com.tr\/index.php\/wp-json\/wp\/v2\/product\/715065","targetHints":{"allow":["GET"]}}],"collection":[{"href":"https:\/\/roveyayinevi.com.tr\/index.php\/wp-json\/wp\/v2\/product"}],"about":[{"href":"https:\/\/roveyayinevi.com.tr\/index.php\/wp-json\/wp\/v2\/types\/product"}],"wp:attachment":[{"href":"https:\/\/roveyayinevi.com.tr\/index.php\/wp-json\/wp\/v2\/media?parent=715065"}],"wp:term":[{"taxonomy":"product_brand","embeddable":true,"href":"https:\/\/roveyayinevi.com.tr\/index.php\/wp-json\/wp\/v2\/product_brand?post=715065"},{"taxonomy":"product_cat","embeddable":true,"href":"https:\/\/roveyayinevi.com.tr\/index.php\/wp-json\/wp\/v2\/product_cat?post=715065"},{"taxonomy":"product_tag","embeddable":true,"href":"https:\/\/roveyayinevi.com.tr\/index.php\/wp-json\/wp\/v2\/product_tag?post=715065"}],"curies":[{"name":"wp","href":"https:\/\/api.w.org\/{rel}","templated":true}]}}