{"id":715063,"date":"2025-08-27T17:25:54","date_gmt":"2025-08-27T14:25:54","guid":{"rendered":"https:\/\/roveyayinevi.com.tr\/index.php\/urun\/felsefe-sozlugu-2\/"},"modified":"2026-04-16T02:23:20","modified_gmt":"2026-04-15T23:23:20","slug":"felsefe-sozlugu-2","status":"publish","type":"product","link":"https:\/\/roveyayinevi.com.tr\/index.php\/urun\/felsefe-sozlugu-2\/","title":{"rendered":"Felsefe S\u00f6zl\u00fc\u011f\u00fc"},"content":{"rendered":"<p>Bir filozofun kitapl\u0131\u011f\u0131nda olmas\u0131 gerek bu s\u00f6zl\u00fck; felsefeye ilgi duyanlar\u0131n yan\u0131 s\u0131ra \u00f6\u011frenciler, \u00f6\u011fretmenler ve akademisyenler i\u00e7in de ba\u015fvuru kayna\u011f\u0131 niteli\u011findedir.Felsefe S\u00f6zl\u00fc\u011f\u00fc sayesinde Sokrates\u2019ten Fabi\u2019ye;Nihilizmden Mahizme;R\u00f6nesanstan ontolojiye;Felsefe tarihindeki \u00f6nemli ki\u015filere,Teorilere,olaylara ve terimlere A\u2019dan Z \u2019ye ula\u015fabileceksiniz.<\/p>\n","protected":false},"excerpt":{"rendered":"<p>Bir filozofun kitapl\u0131\u011f\u0131nda olmas\u0131 gerek bu s\u00f6zl\u00fck; felsefeye ilgi duyanlar\u0131n yan\u0131 s\u0131ra \u00f6\u011frenciler, \u00f6\u011fretmenler ve akademisyenler i\u00e7in de ba\u015fvuru kayna\u011f\u0131 niteli\u011findedir.Felsefe S\u00f6zl\u00fc\u011f\u00fc sayesinde Sokrates\u2019ten Fabi\u2019ye;Nihilizmden Mahizme;R\u00f6nesanstan<span class=\"excerpt-hellip\"> [\u2026]<\/span><\/p>\n","protected":false},"featured_media":0,"template":"","meta":{"_monsterinsights_skip_tracking":false,"_monsterinsights_sitenote_active":false,"_monsterinsights_sitenote_note":"","_monsterinsights_sitenote_category":0},"product_brand":[],"product_cat":[12566,13611],"product_tag":[],"class_list":{"0":"post-715063","1":"product","2":"type-product","3":"status-publish","5":"product_cat-egitim","6":"product_cat-sozlukler-ve-konusma-kilavuzlari","7":"pa_cilt-ciltsiz","8":"pa_tur-kitap","9":"pa_yayinevi-yediveren-yayinlari","10":"pa_yazar-ahmet-murat-seyrek","12":"first","13":"instock","14":"sale","15":"shipping-taxable","16":"purchasable","17":"product-type-simple"},"_links":{"self":[{"href":"https:\/\/roveyayinevi.com.tr\/index.php\/wp-json\/wp\/v2\/product\/715063","targetHints":{"allow":["GET"]}}],"collection":[{"href":"https:\/\/roveyayinevi.com.tr\/index.php\/wp-json\/wp\/v2\/product"}],"about":[{"href":"https:\/\/roveyayinevi.com.tr\/index.php\/wp-json\/wp\/v2\/types\/product"}],"wp:attachment":[{"href":"https:\/\/roveyayinevi.com.tr\/index.php\/wp-json\/wp\/v2\/media?parent=715063"}],"wp:term":[{"taxonomy":"product_brand","embeddable":true,"href":"https:\/\/roveyayinevi.com.tr\/index.php\/wp-json\/wp\/v2\/product_brand?post=715063"},{"taxonomy":"product_cat","embeddable":true,"href":"https:\/\/roveyayinevi.com.tr\/index.php\/wp-json\/wp\/v2\/product_cat?post=715063"},{"taxonomy":"product_tag","embeddable":true,"href":"https:\/\/roveyayinevi.com.tr\/index.php\/wp-json\/wp\/v2\/product_tag?post=715063"}],"curies":[{"name":"wp","href":"https:\/\/api.w.org\/{rel}","templated":true}]}}