{"id":715062,"date":"2025-08-27T17:25:53","date_gmt":"2025-08-27T14:25:53","guid":{"rendered":"https:\/\/roveyayinevi.com.tr\/index.php\/urun\/sosyoloji-sozlugu\/"},"modified":"2026-04-16T02:23:19","modified_gmt":"2026-04-15T23:23:19","slug":"sosyoloji-sozlugu","status":"publish","type":"product","link":"https:\/\/roveyayinevi.com.tr\/index.php\/urun\/sosyoloji-sozlugu\/","title":{"rendered":"Sosyoloji S\u00f6zl\u00fc\u011f\u00fc"},"content":{"rendered":"<p>Bir sosyolo\u011fun kitapl\u0131\u011f\u0131nda olmas\u0131 gereken bu s\u00f6zl\u00fck; sosyolojiye ilgi duyanlar\u0131n yan\u0131 s\u0131ra \u00f6\u011frenciler, \u00f6\u011fretmenler ve akademisyenler i\u00e7in de ba\u015fvuru kayna\u011f\u0131 niteli\u011findedir.Sosyoloji S\u00f6zl\u00fc\u011f\u00fc sayesinde Auguste Comte\u2019den Emine Durkheim\u2019e; ampirizmden totalitarizme; \u00e7at\u0131\u015fma kuram\u0131ndan pozitif ayr\u0131mc\u0131l\u0131\u011fa; sosyoloji tarihindeki \u00f6nemli ki\u015filere, teorilere, olaylara ve terimlere a\u2019dan z\u2019ye ula\u015fabileceksiniz.<\/p>\n","protected":false},"excerpt":{"rendered":"<p>Bir sosyolo\u011fun kitapl\u0131\u011f\u0131nda olmas\u0131 gereken bu s\u00f6zl\u00fck; sosyolojiye ilgi duyanlar\u0131n yan\u0131 s\u0131ra \u00f6\u011frenciler, \u00f6\u011fretmenler ve akademisyenler i\u00e7in de ba\u015fvuru kayna\u011f\u0131 niteli\u011findedir.Sosyoloji S\u00f6zl\u00fc\u011f\u00fc sayesinde Auguste Comte\u2019den Emine<span class=\"excerpt-hellip\"> [\u2026]<\/span><\/p>\n","protected":false},"featured_media":0,"template":"","meta":{"_monsterinsights_skip_tracking":false,"_monsterinsights_sitenote_active":false,"_monsterinsights_sitenote_note":"","_monsterinsights_sitenote_category":0},"product_brand":[],"product_cat":[12566,13611],"product_tag":[],"class_list":{"0":"post-715062","1":"product","2":"type-product","3":"status-publish","5":"product_cat-egitim","6":"product_cat-sozlukler-ve-konusma-kilavuzlari","7":"pa_cilt-ciltsiz","8":"pa_tur-kitap","9":"pa_yayinevi-yediveren-yayinlari","10":"pa_yazar-ahmet-murat-seyrek","12":"first","13":"instock","14":"sale","15":"shipping-taxable","16":"purchasable","17":"product-type-simple"},"_links":{"self":[{"href":"https:\/\/roveyayinevi.com.tr\/index.php\/wp-json\/wp\/v2\/product\/715062","targetHints":{"allow":["GET"]}}],"collection":[{"href":"https:\/\/roveyayinevi.com.tr\/index.php\/wp-json\/wp\/v2\/product"}],"about":[{"href":"https:\/\/roveyayinevi.com.tr\/index.php\/wp-json\/wp\/v2\/types\/product"}],"wp:attachment":[{"href":"https:\/\/roveyayinevi.com.tr\/index.php\/wp-json\/wp\/v2\/media?parent=715062"}],"wp:term":[{"taxonomy":"product_brand","embeddable":true,"href":"https:\/\/roveyayinevi.com.tr\/index.php\/wp-json\/wp\/v2\/product_brand?post=715062"},{"taxonomy":"product_cat","embeddable":true,"href":"https:\/\/roveyayinevi.com.tr\/index.php\/wp-json\/wp\/v2\/product_cat?post=715062"},{"taxonomy":"product_tag","embeddable":true,"href":"https:\/\/roveyayinevi.com.tr\/index.php\/wp-json\/wp\/v2\/product_tag?post=715062"}],"curies":[{"name":"wp","href":"https:\/\/api.w.org\/{rel}","templated":true}]}}