{"id":715060,"date":"2025-08-27T17:25:52","date_gmt":"2025-08-27T14:25:52","guid":{"rendered":"https:\/\/roveyayinevi.com.tr\/index.php\/urun\/buyuk-orumcek-tuzagi\/"},"modified":"2026-04-16T02:23:19","modified_gmt":"2026-04-15T23:23:19","slug":"buyuk-orumcek-tuzagi","status":"publish","type":"product","link":"https:\/\/roveyayinevi.com.tr\/index.php\/urun\/buyuk-orumcek-tuzagi\/","title":{"rendered":"B\u00fcy\u00fck \u00d6r\u00fcmcek Tuza\u011f\u0131"},"content":{"rendered":"<p>Soka\u011f\u0131n dibindeki eskici d\u00fckk\u00e2n\u0131nda b\u00fcy\u00fck maceralar ya\u015fan\u0131yor. Kahramanlar\u0131m\u0131zsa cebinize s\u0131\u011facak kadar k\u00fc\u00e7\u00fck. Kar\u015f\u0131n\u0131zda Cep Korsanlar\u0131! Bu macerada ne mi oldu? \u00d6r\u00fcmcek Bay S\u00fcpr\u00fcnt\u00fc korsanlar\u0131 a\u011f\u0131na d\u00fc\u015f\u00fcrmeye niyetlendi! Korsanlar\u0131n bir yolunu bulup kendilerini kurtarmalar\u0131 gerekiyor. Maceraya haz\u0131r m\u0131s\u0131n\u0131z k\u00fc\u00e7\u00fck korsanlar? <\/p>\n","protected":false},"excerpt":{"rendered":"<p>Soka\u011f\u0131n dibindeki eskici d\u00fckk\u00e2n\u0131nda b\u00fcy\u00fck maceralar ya\u015fan\u0131yor. Kahramanlar\u0131m\u0131zsa cebinize s\u0131\u011facak kadar k\u00fc\u00e7\u00fck. Kar\u015f\u0131n\u0131zda Cep Korsanlar\u0131! Bu macerada ne mi oldu? \u00d6r\u00fcmcek Bay S\u00fcpr\u00fcnt\u00fc korsanlar\u0131 a\u011f\u0131na d\u00fc\u015f\u00fcrmeye<span class=\"excerpt-hellip\"> [\u2026]<\/span><\/p>\n","protected":false},"featured_media":0,"template":"","meta":{"_monsterinsights_skip_tracking":false,"_monsterinsights_sitenote_active":false,"_monsterinsights_sitenote_note":"","_monsterinsights_sitenote_category":0},"product_brand":[],"product_cat":[12274,12284],"product_tag":[],"class_list":{"0":"post-715060","1":"product","2":"type-product","3":"status-publish","5":"product_cat-cocuk-ve-genclik-kitaplari","6":"product_cat-hikayeler","7":"pa_cilt-ciltsiz","8":"pa_tur-kitap","9":"pa_yayinevi-nemesis-kitap","10":"pa_yazar-chris-mould","12":"first","13":"instock","14":"sale","15":"shipping-taxable","16":"purchasable","17":"product-type-simple"},"_links":{"self":[{"href":"https:\/\/roveyayinevi.com.tr\/index.php\/wp-json\/wp\/v2\/product\/715060","targetHints":{"allow":["GET"]}}],"collection":[{"href":"https:\/\/roveyayinevi.com.tr\/index.php\/wp-json\/wp\/v2\/product"}],"about":[{"href":"https:\/\/roveyayinevi.com.tr\/index.php\/wp-json\/wp\/v2\/types\/product"}],"wp:attachment":[{"href":"https:\/\/roveyayinevi.com.tr\/index.php\/wp-json\/wp\/v2\/media?parent=715060"}],"wp:term":[{"taxonomy":"product_brand","embeddable":true,"href":"https:\/\/roveyayinevi.com.tr\/index.php\/wp-json\/wp\/v2\/product_brand?post=715060"},{"taxonomy":"product_cat","embeddable":true,"href":"https:\/\/roveyayinevi.com.tr\/index.php\/wp-json\/wp\/v2\/product_cat?post=715060"},{"taxonomy":"product_tag","embeddable":true,"href":"https:\/\/roveyayinevi.com.tr\/index.php\/wp-json\/wp\/v2\/product_tag?post=715060"}],"curies":[{"name":"wp","href":"https:\/\/api.w.org\/{rel}","templated":true}]}}