{"id":715054,"date":"2025-08-27T17:25:48","date_gmt":"2025-08-27T14:25:48","guid":{"rendered":"https:\/\/roveyayinevi.com.tr\/index.php\/urun\/hakikat-ve-gorunurluk-tayyar-eren-resmi\/"},"modified":"2026-04-16T02:23:19","modified_gmt":"2026-04-15T23:23:19","slug":"hakikat-ve-gorunurluk-tayyar-eren-resmi","status":"publish","type":"product","link":"https:\/\/roveyayinevi.com.tr\/index.php\/urun\/hakikat-ve-gorunurluk-tayyar-eren-resmi\/","title":{"rendered":"Hakikat ve G\u00f6r\u00fcn\u00fcrl\u00fck &#8211; Tayyar Eren Resmi"},"content":{"rendered":"<p>MedaKitap, sanat ve ele\u015ftiri dizisine yeni bir kitapla devam ediyor. Yarat\u0131c\u0131 verimini bozk\u0131r\u0131n ortas\u0131nda, deyim yerindeyse bir bozk\u0131r dikeni olarak inatla s\u00fcrd\u00fcren ressam Tayyar Eren\u2019in sanat\u0131n\u0131, Serdar Ayd\u0131n\u2019\u0131n kaleminden de\u011ferlendiren ve b\u00fct\u00fcnleyen Hakikat ve G\u00f6r\u00fcn\u00fcrl\u00fck &amp; Tayyar Eren Resmi adl\u0131 kitap okurla bulu\u015fuyor. Kitap, ressam Tayyar Eren\u2019in 50. Sanat Y\u0131l\u0131 an\u0131s\u0131na, daha \u00f6nce toplu olarak bir araya gelmemi\u015f resimlerini 4 renk ve ku\u015fe ka\u011f\u0131da bas\u0131l\u0131 olarak, yazar Serdar Ayd\u0131n\u2019\u0131n, Tayyar Eren sanat\u0131 \u00fczerine yazd\u0131\u011f\u0131 yaz\u0131larla birle\u015ftirerek toplu olarak sunuyor okura. <\/p>\n","protected":false},"excerpt":{"rendered":"<p>MedaKitap, sanat ve ele\u015ftiri dizisine yeni bir kitapla devam ediyor. Yarat\u0131c\u0131 verimini bozk\u0131r\u0131n ortas\u0131nda, deyim yerindeyse bir bozk\u0131r dikeni olarak inatla s\u00fcrd\u00fcren ressam Tayyar Eren\u2019in sanat\u0131n\u0131,<span class=\"excerpt-hellip\"> [\u2026]<\/span><\/p>\n","protected":false},"featured_media":0,"template":"","meta":{"_monsterinsights_skip_tracking":false,"_monsterinsights_sitenote_active":false,"_monsterinsights_sitenote_note":"","_monsterinsights_sitenote_category":0},"product_brand":[],"product_cat":[15733,12408],"product_tag":[],"class_list":{"0":"post-715054","1":"product","2":"type-product","3":"status-publish","5":"product_cat-resim","6":"product_cat-sanat","7":"pa_cilt-ciltsiz","8":"pa_tur-kitap","9":"pa_yayinevi-medakitap-yayinlari","10":"pa_yazar-serdar-aydin","12":"first","13":"instock","14":"sale","15":"shipping-taxable","16":"purchasable","17":"product-type-simple"},"_links":{"self":[{"href":"https:\/\/roveyayinevi.com.tr\/index.php\/wp-json\/wp\/v2\/product\/715054","targetHints":{"allow":["GET"]}}],"collection":[{"href":"https:\/\/roveyayinevi.com.tr\/index.php\/wp-json\/wp\/v2\/product"}],"about":[{"href":"https:\/\/roveyayinevi.com.tr\/index.php\/wp-json\/wp\/v2\/types\/product"}],"wp:attachment":[{"href":"https:\/\/roveyayinevi.com.tr\/index.php\/wp-json\/wp\/v2\/media?parent=715054"}],"wp:term":[{"taxonomy":"product_brand","embeddable":true,"href":"https:\/\/roveyayinevi.com.tr\/index.php\/wp-json\/wp\/v2\/product_brand?post=715054"},{"taxonomy":"product_cat","embeddable":true,"href":"https:\/\/roveyayinevi.com.tr\/index.php\/wp-json\/wp\/v2\/product_cat?post=715054"},{"taxonomy":"product_tag","embeddable":true,"href":"https:\/\/roveyayinevi.com.tr\/index.php\/wp-json\/wp\/v2\/product_tag?post=715054"}],"curies":[{"name":"wp","href":"https:\/\/api.w.org\/{rel}","templated":true}]}}