{"id":715050,"date":"2025-08-27T17:25:45","date_gmt":"2025-08-27T14:25:45","guid":{"rendered":"https:\/\/roveyayinevi.com.tr\/index.php\/urun\/eglenceli-tarih-orhan-gazi-geliyor-korktun-mu-bizans\/"},"modified":"2026-04-16T02:23:19","modified_gmt":"2026-04-15T23:23:19","slug":"eglenceli-tarih-orhan-gazi-geliyor-korktun-mu-bizans","status":"publish","type":"product","link":"https:\/\/roveyayinevi.com.tr\/index.php\/urun\/eglenceli-tarih-orhan-gazi-geliyor-korktun-mu-bizans\/","title":{"rendered":"E\u011flenceli Tarih &#8211; Orhan Gazi Geliyor Korktun mu Bizans?"},"content":{"rendered":"<p>Tan\u0131d\u0131\u011f\u0131n\u0131z t\u00fcm sanal kahramanlar\u0131 unutun!Kar\u015f\u0131n\u0131zda tamamen ger\u00e7ek bir kahraman bulunuyor! \u00dcstelik sizin i\u00e7in ilham verecek inan\u0131lmaz \u00e7al\u0131\u015fmalar\u0131 var.Tahta ge\u00e7i\u015fte ikinci, tahtta kal\u0131\u015fta \u00fc\u00e7\u00fcnc\u00fc s\u0131rada yer alan bu \u00e7ok \u00f6zel padi\u015fah\u0131n \u00e7al\u0131\u015fmalar\u0131n\u0131n neler oldu\u011funu merak ettiniz mi? Bu kitab\u0131m\u0131zda;Osmanl\u0131 beyli\u011fini devlete d\u00f6n\u00fc\u015ft\u00fcrmesinin nefes kesen hikayesini,Halk\u0131 i\u00e7in az uyuyan, \u00e7ok \u00e7al\u0131\u015fan, yetimleri, fakirleri kollayan bir merhamet \u00f6rne\u011fini,\u201c\u0130stanbul\u2019un fethi kadar \u00f6nemli\u201d bir zafer kazanan askeri dehay\u0131,Orhan Gazi\u2019nin zor bir co\u011frafyada m\u00fccadelesiyle Sultan unvan\u0131n\u0131 nas\u0131l hak etti\u011fini,M\u00fcthi\u015f i\u015fler yapan ilk d\u00fczenli ordunun, harika kararlar alan ilk divan meclisinin nas\u0131l kuruldu\u011funu, ilk g\u00fcm\u00fc\u015f ak\u00e7enin nas\u0131l bast\u0131r\u0131ld\u0131\u011f\u0131n\u0131, s\u00fcper beyinleri yeti\u015ftiren ilk medresenin nas\u0131l a\u00e7\u0131ld\u0131\u011f\u0131n\u0131 hep birlikte \u00f6\u011frenecek, \u00f6\u011frendik\u00e7e hayran olaca\u011f\u0131z!Haz\u0131r m\u0131s\u0131n\u0131z? E\u011flenceli Bilgi ile e\u011flenerek \u00f6\u011frenmenin sayfalar\u0131 bu kez Orhan Gazi i\u00e7in a\u00e7\u0131l\u0131yor.<\/p>\n","protected":false},"excerpt":{"rendered":"<p>Tan\u0131d\u0131\u011f\u0131n\u0131z t\u00fcm sanal kahramanlar\u0131 unutun!Kar\u015f\u0131n\u0131zda tamamen ger\u00e7ek bir kahraman bulunuyor! \u00dcstelik sizin i\u00e7in ilham verecek inan\u0131lmaz \u00e7al\u0131\u015fmalar\u0131 var.Tahta ge\u00e7i\u015fte ikinci, tahtta kal\u0131\u015fta \u00fc\u00e7\u00fcnc\u00fc s\u0131rada yer alan<span class=\"excerpt-hellip\"> [\u2026]<\/span><\/p>\n","protected":false},"featured_media":0,"template":"","meta":{"_monsterinsights_skip_tracking":false,"_monsterinsights_sitenote_active":false,"_monsterinsights_sitenote_note":"","_monsterinsights_sitenote_category":0},"product_brand":[],"product_cat":[12274,12284],"product_tag":[],"class_list":{"0":"post-715050","1":"product","2":"type-product","3":"status-publish","5":"product_cat-cocuk-ve-genclik-kitaplari","6":"product_cat-hikayeler","7":"pa_cilt-ciltsiz","8":"pa_tur-kitap","9":"pa_yayinevi-eglenceli-bilgi-yayinlari","10":"pa_yazar-metin-ozdamarlar","12":"first","13":"instock","14":"sale","15":"shipping-taxable","16":"purchasable","17":"product-type-simple"},"_links":{"self":[{"href":"https:\/\/roveyayinevi.com.tr\/index.php\/wp-json\/wp\/v2\/product\/715050","targetHints":{"allow":["GET"]}}],"collection":[{"href":"https:\/\/roveyayinevi.com.tr\/index.php\/wp-json\/wp\/v2\/product"}],"about":[{"href":"https:\/\/roveyayinevi.com.tr\/index.php\/wp-json\/wp\/v2\/types\/product"}],"wp:attachment":[{"href":"https:\/\/roveyayinevi.com.tr\/index.php\/wp-json\/wp\/v2\/media?parent=715050"}],"wp:term":[{"taxonomy":"product_brand","embeddable":true,"href":"https:\/\/roveyayinevi.com.tr\/index.php\/wp-json\/wp\/v2\/product_brand?post=715050"},{"taxonomy":"product_cat","embeddable":true,"href":"https:\/\/roveyayinevi.com.tr\/index.php\/wp-json\/wp\/v2\/product_cat?post=715050"},{"taxonomy":"product_tag","embeddable":true,"href":"https:\/\/roveyayinevi.com.tr\/index.php\/wp-json\/wp\/v2\/product_tag?post=715050"}],"curies":[{"name":"wp","href":"https:\/\/api.w.org\/{rel}","templated":true}]}}