{"id":715049,"date":"2025-08-27T17:25:44","date_gmt":"2025-08-27T14:25:44","guid":{"rendered":"https:\/\/roveyayinevi.com.tr\/index.php\/urun\/einsteinin-gorelilik-kurami\/"},"modified":"2026-04-16T02:23:19","modified_gmt":"2026-04-15T23:23:19","slug":"einsteinin-gorelilik-kurami","status":"publish","type":"product","link":"https:\/\/roveyayinevi.com.tr\/index.php\/urun\/einsteinin-gorelilik-kurami\/","title":{"rendered":"Einstein\u2019\u0131n G\u00f6relilik Kuram\u0131"},"content":{"rendered":"<p>Ku\u0308tle\u00e7ekimi dalgalar\u0131, karanl\u0131k madde ve karanl\u0131k enerji, kara delikler, ku\u0308tle\u00e7ekimsel k\u0131z\u0131la kayma, ku\u0308tle\u00e7ekimi etkisiyle \u0131\u015f\u0131\u011f\u0131n sapmas\u0131\u2026 Thomas Bu\u0308hrke, \u00d6zel G\u00f6relilik ve Genel G\u00f6relilik kuramlar\u0131n\u0131n birer \u00f6zetini yapt\u0131ktan sonra yu\u0308zy\u0131l ba\u015flar\u0131ndan bu yana astronomi ve astrofizi\u011fin kaydetti\u011fi bu yeni bulgular\u0131n nas\u0131l da s\u00f6z konusu kuramlar\u0131 destekleyip do\u011frulad\u0131\u011f\u0131n\u0131 g\u00f6zler \u00f6nu\u0308ne seriyor. Kuramlar\u0131n dostlar\u0131n\u0131, du\u0308\u015fmanlar\u0131n\u0131 ve edebiyat ile sanattaki yans\u0131malar\u0131n\u0131 ele al\u0131yor. Gu\u0308nu\u0308mu\u0308zde ya\u015fayan uzmanlarla yap\u0131lan k\u0131sa s\u00f6yle\u015filer kitab\u0131 tamaml\u0131yor.\u201cHer Einstein merakl\u0131s\u0131n\u0131n ku\u0308tu\u0308phanesinde olmas\u0131 gerekir.\u201d- Helmut Hornung, MaxPlanckForschung\u201c[Bu kitap] Genel G\u00f6relilik Kuram\u0131n\u0131n tarihsel arka plan\u0131 ve astronomik-kozmolojik sonu\u00e7lar\u0131 hakk\u0131nda geni\u015f bir anlat\u0131m yelpazesi i\u00e7eriyor; fizik ve astronominin bir bu\u0308yu\u0308k entelektu\u0308el \u015fantiye oldu\u011fu mesaj\u0131n\u0131 veriyor,\u201d- Per Dauscher, Physik Journal<\/p>\n","protected":false},"excerpt":{"rendered":"<p>Ku\u0308tle\u00e7ekimi dalgalar\u0131, karanl\u0131k madde ve karanl\u0131k enerji, kara delikler, ku\u0308tle\u00e7ekimsel k\u0131z\u0131la kayma, ku\u0308tle\u00e7ekimi etkisiyle \u0131\u015f\u0131\u011f\u0131n sapmas\u0131\u2026 Thomas Bu\u0308hrke, \u00d6zel G\u00f6relilik ve Genel G\u00f6relilik kuramlar\u0131n\u0131n birer \u00f6zetini<span class=\"excerpt-hellip\"> [\u2026]<\/span><\/p>\n","protected":false},"featured_media":0,"template":"","meta":{"_monsterinsights_skip_tracking":false,"_monsterinsights_sitenote_active":false,"_monsterinsights_sitenote_note":"","_monsterinsights_sitenote_category":0},"product_brand":[],"product_cat":[13005,13006],"product_tag":[],"class_list":{"0":"post-715049","1":"product","2":"type-product","3":"status-publish","5":"product_cat-bilim-muhendislik","6":"product_cat-populer-bilim","7":"pa_cilt-ciltsiz","8":"pa_tur-kitap","9":"pa_yayinevi-say-yayinlari","10":"pa_yazar-thomas-buhrke","12":"first","13":"instock","14":"sale","15":"shipping-taxable","16":"purchasable","17":"product-type-simple"},"_links":{"self":[{"href":"https:\/\/roveyayinevi.com.tr\/index.php\/wp-json\/wp\/v2\/product\/715049","targetHints":{"allow":["GET"]}}],"collection":[{"href":"https:\/\/roveyayinevi.com.tr\/index.php\/wp-json\/wp\/v2\/product"}],"about":[{"href":"https:\/\/roveyayinevi.com.tr\/index.php\/wp-json\/wp\/v2\/types\/product"}],"wp:attachment":[{"href":"https:\/\/roveyayinevi.com.tr\/index.php\/wp-json\/wp\/v2\/media?parent=715049"}],"wp:term":[{"taxonomy":"product_brand","embeddable":true,"href":"https:\/\/roveyayinevi.com.tr\/index.php\/wp-json\/wp\/v2\/product_brand?post=715049"},{"taxonomy":"product_cat","embeddable":true,"href":"https:\/\/roveyayinevi.com.tr\/index.php\/wp-json\/wp\/v2\/product_cat?post=715049"},{"taxonomy":"product_tag","embeddable":true,"href":"https:\/\/roveyayinevi.com.tr\/index.php\/wp-json\/wp\/v2\/product_tag?post=715049"}],"curies":[{"name":"wp","href":"https:\/\/api.w.org\/{rel}","templated":true}]}}