{"id":715048,"date":"2025-08-27T17:25:44","date_gmt":"2025-08-27T14:25:44","guid":{"rendered":"https:\/\/roveyayinevi.com.tr\/index.php\/urun\/atomalti-parcaciklarin-sasirtici-dunyasi\/"},"modified":"2026-04-16T02:23:19","modified_gmt":"2026-04-15T23:23:19","slug":"atomalti-parcaciklarin-sasirtici-dunyasi","status":"publish","type":"product","link":"https:\/\/roveyayinevi.com.tr\/index.php\/urun\/atomalti-parcaciklarin-sasirtici-dunyasi\/","title":{"rendered":"Atomalt\u0131 Par\u00e7ac\u0131klar\u0131n \u015ea\u015f\u0131rt\u0131c\u0131 D\u00fcnyas\u0131"},"content":{"rendered":"<p>Standart Model\u2019e g\u00f6re atomalt\u0131 par\u00e7ac\u0131klar ikiye ayr\u0131l\u0131r: bile\u015fim par\u00e7ac\u0131klar ve temel par\u00e7ac\u0131klar. \u00d6rne\u011fin proton bir bile\u015fimdir, yani bir protona yeterince sert vurursak kuarklara ayr\u0131l\u0131r. Kuarklar temel par\u00e7ac\u0131klard\u0131r\u2026 Ya da\u2026 biz \u00f6yle san\u0131yoruz, ya \u015fimdiye dek onlara yeterince sert vurmad\u0131ysak? Evrenin s\u0131rlar\u0131n\u0131 bir bir \u00e7\u00f6zu\u0308yoruz ve bugu\u0308n \u00e7ok \u00f6nemli bir a\u015famaya geldik: Belki de, en ku\u0308\u00e7u\u0308\u011fu\u0308n ke\u015ffi en bu\u0308yu\u0308\u011fu\u0308n anla\u015f\u0131lmas\u0131n\u0131 sa\u011flayacak, karanl\u0131k enerji ve karanl\u0131k maddenin s\u0131rr\u0131 yeni bir atomalt\u0131 par\u00e7ac\u0131\u011f\u0131n ya da maddenin as\u0131l yap\u0131ta\u015f\u0131n\u0131n bulunmas\u0131yla \u00e7\u00f6zu\u0308lecek\u2026 CERN\u2019deki Bu\u0308yu\u0308k Hadron \u00c7arp\u0131\u015ft\u0131r\u0131c\u0131s\u0131\u2019nda \u00e7al\u0131\u015fan Gavin Hesketh bu kitab\u0131nda atomalt\u0131 par\u00e7ac\u0131klar\u0131n yap\u0131lar\u0131, davran\u0131\u015flar\u0131 ve ili\u015fkileri konusunda \u00e7ok ilgin\u00e7 bilgiler veriyor. Okuyaca\u011f\u0131n\u0131z, ayn\u0131 zamanda, fermiyonlar ile bozonlar\u0131, \u015fimdiye dek ke\u015ffetti\u011fimiz en ku\u0308\u00e7u\u0308k \u015feyleri inceleyen, tarihin en bu\u0308yu\u0308k deneylerinden birinin hik\u00e2yesidir.                                                                                                                                  <\/p>\n","protected":false},"excerpt":{"rendered":"<p>Standart Model\u2019e g\u00f6re atomalt\u0131 par\u00e7ac\u0131klar ikiye ayr\u0131l\u0131r: bile\u015fim par\u00e7ac\u0131klar ve temel par\u00e7ac\u0131klar. \u00d6rne\u011fin proton bir bile\u015fimdir, yani bir protona yeterince sert vurursak kuarklara ayr\u0131l\u0131r. Kuarklar temel<span class=\"excerpt-hellip\"> [\u2026]<\/span><\/p>\n","protected":false},"featured_media":0,"template":"","meta":{"_monsterinsights_skip_tracking":false,"_monsterinsights_sitenote_active":false,"_monsterinsights_sitenote_note":"","_monsterinsights_sitenote_category":0},"product_brand":[],"product_cat":[13005,13006],"product_tag":[],"class_list":{"0":"post-715048","1":"product","2":"type-product","3":"status-publish","5":"product_cat-bilim-muhendislik","6":"product_cat-populer-bilim","7":"pa_cilt-ciltsiz","8":"pa_tur-kitap","9":"pa_yayinevi-say-yayinlari","10":"pa_yazar-gavin-hesketh","12":"first","13":"instock","14":"sale","15":"shipping-taxable","16":"purchasable","17":"product-type-simple"},"_links":{"self":[{"href":"https:\/\/roveyayinevi.com.tr\/index.php\/wp-json\/wp\/v2\/product\/715048","targetHints":{"allow":["GET"]}}],"collection":[{"href":"https:\/\/roveyayinevi.com.tr\/index.php\/wp-json\/wp\/v2\/product"}],"about":[{"href":"https:\/\/roveyayinevi.com.tr\/index.php\/wp-json\/wp\/v2\/types\/product"}],"wp:attachment":[{"href":"https:\/\/roveyayinevi.com.tr\/index.php\/wp-json\/wp\/v2\/media?parent=715048"}],"wp:term":[{"taxonomy":"product_brand","embeddable":true,"href":"https:\/\/roveyayinevi.com.tr\/index.php\/wp-json\/wp\/v2\/product_brand?post=715048"},{"taxonomy":"product_cat","embeddable":true,"href":"https:\/\/roveyayinevi.com.tr\/index.php\/wp-json\/wp\/v2\/product_cat?post=715048"},{"taxonomy":"product_tag","embeddable":true,"href":"https:\/\/roveyayinevi.com.tr\/index.php\/wp-json\/wp\/v2\/product_tag?post=715048"}],"curies":[{"name":"wp","href":"https:\/\/api.w.org\/{rel}","templated":true}]}}