{"id":715046,"date":"2025-08-27T17:25:42","date_gmt":"2025-08-27T14:25:42","guid":{"rendered":"https:\/\/roveyayinevi.com.tr\/index.php\/urun\/caglar-okula-basliyor\/"},"modified":"2026-04-16T02:23:19","modified_gmt":"2026-04-15T23:23:19","slug":"caglar-okula-basliyor","status":"publish","type":"product","link":"https:\/\/roveyayinevi.com.tr\/index.php\/urun\/caglar-okula-basliyor\/","title":{"rendered":"\u00c7a\u011flar Okula Ba\u015fl\u0131yor"},"content":{"rendered":"<p>\u00c7a\u011flar ald\u0131\u011f\u0131 haberle sevin\u00e7ten havaya z\u0131plad\u0131. Yaz tatilinden sonra nihayet okula ba\u015flayacakt\u0131! Uzun zamand\u0131r okuma yazma \u00f6\u011frenmek isteyen \u00c7a\u011flar\u2019\u0131n hayalleri ger\u00e7ek oluyordu. Acaba en iyi arkada\u015f\u0131 Pelin\u2019le ayn\u0131 s\u0131n\u0131fta olabilecek miydi?<\/p>\n","protected":false},"excerpt":{"rendered":"<p>\u00c7a\u011flar ald\u0131\u011f\u0131 haberle sevin\u00e7ten havaya z\u0131plad\u0131. Yaz tatilinden sonra nihayet okula ba\u015flayacakt\u0131! Uzun zamand\u0131r okuma yazma \u00f6\u011frenmek isteyen \u00c7a\u011flar\u2019\u0131n hayalleri ger\u00e7ek oluyordu. Acaba en iyi arkada\u015f\u0131<span class=\"excerpt-hellip\"> [\u2026]<\/span><\/p>\n","protected":false},"featured_media":0,"template":"","meta":{"_monsterinsights_skip_tracking":false,"_monsterinsights_sitenote_active":false,"_monsterinsights_sitenote_note":"","_monsterinsights_sitenote_category":0},"product_brand":[],"product_cat":[12274,12518],"product_tag":[],"class_list":{"0":"post-715046","1":"product","2":"type-product","3":"status-publish","5":"product_cat-cocuk-ve-genclik-kitaplari","6":"product_cat-okul-oncesi-kitaplar","7":"pa_cilt-ciltsiz","8":"pa_tur-kitap","9":"pa_yayinevi-is-bankasi-kultur-yayinlari","10":"pa_yazar-christian-tielmann","12":"first","13":"instock","14":"sale","15":"shipping-taxable","16":"purchasable","17":"product-type-simple"},"_links":{"self":[{"href":"https:\/\/roveyayinevi.com.tr\/index.php\/wp-json\/wp\/v2\/product\/715046","targetHints":{"allow":["GET"]}}],"collection":[{"href":"https:\/\/roveyayinevi.com.tr\/index.php\/wp-json\/wp\/v2\/product"}],"about":[{"href":"https:\/\/roveyayinevi.com.tr\/index.php\/wp-json\/wp\/v2\/types\/product"}],"wp:attachment":[{"href":"https:\/\/roveyayinevi.com.tr\/index.php\/wp-json\/wp\/v2\/media?parent=715046"}],"wp:term":[{"taxonomy":"product_brand","embeddable":true,"href":"https:\/\/roveyayinevi.com.tr\/index.php\/wp-json\/wp\/v2\/product_brand?post=715046"},{"taxonomy":"product_cat","embeddable":true,"href":"https:\/\/roveyayinevi.com.tr\/index.php\/wp-json\/wp\/v2\/product_cat?post=715046"},{"taxonomy":"product_tag","embeddable":true,"href":"https:\/\/roveyayinevi.com.tr\/index.php\/wp-json\/wp\/v2\/product_tag?post=715046"}],"curies":[{"name":"wp","href":"https:\/\/api.w.org\/{rel}","templated":true}]}}