{"id":715044,"date":"2025-08-27T17:25:41","date_gmt":"2025-08-27T14:25:41","guid":{"rendered":"https:\/\/roveyayinevi.com.tr\/index.php\/urun\/efsane-adamlarin-sira-disi-hikayeleri\/"},"modified":"2025-08-31T15:36:43","modified_gmt":"2025-08-31T12:36:43","slug":"efsane-adamlarin-sira-disi-hikayeleri","status":"publish","type":"product","link":"https:\/\/roveyayinevi.com.tr\/index.php\/urun\/efsane-adamlarin-sira-disi-hikayeleri\/","title":{"rendered":"Efsane Adamlar\u0131n S\u0131ra D\u0131\u015f\u0131 Hikayeleri"},"content":{"rendered":"<p>Tarihi de\u011fi\u015ftirmi\u015f efsane adamlar\u0131n s\u0131ra d\u0131\u015f\u0131 hikayeleri sizi \u00e7ok \u015fa\u015f\u0131rtacak\u2026Elinizde tutmu\u015f oldu\u011funuz kitaptaki t\u00fcm olaylar ger\u00e7ektir.Yanl\u0131\u015f duymad\u0131n\u0131z, hepsi ama hepsi ger\u00e7ek! \u00c7\u00fcnk\u00fc bu kitap, tarihteki efsane adamlar\u0131n bilinmeyen hik\u00e2yelerini anlat\u0131yor\u2026Suyun kald\u0131rma kuvvetini Ar\u015fimet\u2019in buldu\u011funu hepimiz biliriz. Ama ayn\u0131 Ar\u015fimet\u2019in yapt\u0131\u011f\u0131 esrarengiz silahlar arac\u0131l\u0131\u011f\u0131 ile koca Roma ordusunu peri\u015fan etti\u011fini biliyor muydunuz?Peki \u0130stanbul\u2019u fetheden Fatih Sultan Mehmet\u2019in o s\u00fcre\u00e7te \u201chavan topunu\u201dicat eden m\u00fchendislerden biri oldu\u011funu\u2026Durun, durun\u2026 D\u00fcnyan\u0131n en b\u00fcy\u00fck fatihlerinden biri olan B\u00fcy\u00fck \u0130skender\u2019in ak\u0131l hocas\u0131n\u0131n Aristo oldu\u011funu ve gen\u00e7 kral\u0131 \u201cTanr\u0131\u201d oldu\u011funa inand\u0131rmas\u0131na ne dersiniz?Unutmadan\u2026 \u015eu anki Rusya\u2019n\u0131n mimar\u0131 olan \u00c7ar Deli Pedro\u2019nun iki y\u0131l boyunca kimli\u011fini ve k\u0131l\u0131\u011f\u0131n\u0131de\u011fi\u015ftirerek kar\u0131\u015f kar\u0131\u015f Avrupa\u2019y\u0131 gezmesine ve t\u00fcm o birikmi\u015f ilmi, sanat\u0131 \u00fclkesine transfer etmesine ne demeli?\u015eu koca d\u00fcnyada hi\u00e7bir \u015fey rastgele,emeksiz, zahmetsiz olmaz\u2026Tarihi de\u011fi\u015ftirmi\u015f efsane adamlar\u0131n s\u0131ra d\u0131\u015f\u0131 hik\u00e2yelerini okurken hem \u00e7ok \u015fa\u015f\u0131racak hem de \u00e7ok keyif alacaks\u0131n\u0131z.<\/p>\n","protected":false},"excerpt":{"rendered":"<p>Tarihi de\u011fi\u015ftirmi\u015f efsane adamlar\u0131n s\u0131ra d\u0131\u015f\u0131 hikayeleri sizi \u00e7ok \u015fa\u015f\u0131rtacak\u2026Elinizde tutmu\u015f oldu\u011funuz kitaptaki t\u00fcm olaylar ger\u00e7ektir.Yanl\u0131\u015f duymad\u0131n\u0131z, hepsi ama hepsi ger\u00e7ek! \u00c7\u00fcnk\u00fc bu kitap, tarihteki efsane<span class=\"excerpt-hellip\"> [\u2026]<\/span><\/p>\n","protected":false},"featured_media":0,"template":"","meta":{"_monsterinsights_skip_tracking":false,"_monsterinsights_sitenote_active":false,"_monsterinsights_sitenote_note":"","_monsterinsights_sitenote_category":0},"product_brand":[],"product_cat":[12291,12711],"product_tag":[],"class_list":{"0":"post-715044","1":"product","2":"type-product","3":"status-publish","5":"product_cat-edebiyat","6":"product_cat-roman-oyku","7":"pa_cilt-ciltsiz","8":"pa_tur-kitap","9":"pa_yayinevi-genc-timas","10":"pa_yazar-faruk-ondag","12":"first","13":"instock","14":"sale","15":"shipping-taxable","16":"purchasable","17":"product-type-simple"},"_links":{"self":[{"href":"https:\/\/roveyayinevi.com.tr\/index.php\/wp-json\/wp\/v2\/product\/715044","targetHints":{"allow":["GET"]}}],"collection":[{"href":"https:\/\/roveyayinevi.com.tr\/index.php\/wp-json\/wp\/v2\/product"}],"about":[{"href":"https:\/\/roveyayinevi.com.tr\/index.php\/wp-json\/wp\/v2\/types\/product"}],"wp:attachment":[{"href":"https:\/\/roveyayinevi.com.tr\/index.php\/wp-json\/wp\/v2\/media?parent=715044"}],"wp:term":[{"taxonomy":"product_brand","embeddable":true,"href":"https:\/\/roveyayinevi.com.tr\/index.php\/wp-json\/wp\/v2\/product_brand?post=715044"},{"taxonomy":"product_cat","embeddable":true,"href":"https:\/\/roveyayinevi.com.tr\/index.php\/wp-json\/wp\/v2\/product_cat?post=715044"},{"taxonomy":"product_tag","embeddable":true,"href":"https:\/\/roveyayinevi.com.tr\/index.php\/wp-json\/wp\/v2\/product_tag?post=715044"}],"curies":[{"name":"wp","href":"https:\/\/api.w.org\/{rel}","templated":true}]}}