{"id":715040,"date":"2025-08-27T17:25:38","date_gmt":"2025-08-27T14:25:38","guid":{"rendered":"https:\/\/roveyayinevi.com.tr\/index.php\/urun\/dunyanin-en-olaganustu-hediyesi-kitabi\/"},"modified":"2026-03-28T02:26:58","modified_gmt":"2026-03-27T23:26:58","slug":"dunyanin-en-olaganustu-hediyesi-kitabi","status":"publish","type":"product","link":"https:\/\/roveyayinevi.com.tr\/index.php\/urun\/dunyanin-en-olaganustu-hediyesi-kitabi\/","title":{"rendered":"D\u00fcnyan\u0131n En Ola\u011fan\u00fcst\u00fc Hediyesi Kitab\u0131"},"content":{"rendered":"<p>Bravo! Az \u00f6nce d\u00fcnyan\u0131n en ola\u011fan\u00fcst\u00fc hediyesini ald\u0131n. Ne? Ba\u015fka bir \u015fey mi istiyordun? Hadi ama \u00f6nce a\u00e7\u0131p bi\u2019 bak. G\u00f6rd\u00fcn m\u00fc? Ne kadar inan\u0131lmaz\u0131m, de\u011fil mi? <\/p>\n","protected":false},"excerpt":{"rendered":"<p>Bravo! Az \u00f6nce d\u00fcnyan\u0131n en ola\u011fan\u00fcst\u00fc hediyesini ald\u0131n. Ne? Ba\u015fka bir \u015fey mi istiyordun? Hadi ama \u00f6nce a\u00e7\u0131p bi\u2019 bak. G\u00f6rd\u00fcn m\u00fc? Ne kadar inan\u0131lmaz\u0131m, de\u011fil<span class=\"excerpt-hellip\"> [\u2026]<\/span><\/p>\n","protected":false},"featured_media":0,"template":"","meta":{"_monsterinsights_skip_tracking":false,"_monsterinsights_sitenote_active":false,"_monsterinsights_sitenote_note":"","_monsterinsights_sitenote_category":0},"product_brand":[],"product_cat":[12274,12284],"product_tag":[],"class_list":{"0":"post-715040","1":"product","2":"type-product","3":"status-publish","5":"product_cat-cocuk-ve-genclik-kitaplari","6":"product_cat-hikayeler","7":"pa_cilt-ciltli","8":"pa_tur-kitap","9":"pa_yayinevi-buyulu-fener-yayinlari","10":"pa_yazar-anne-gaelle-balpe-geraldine-cosneau","12":"first","13":"instock","14":"sale","15":"shipping-taxable","16":"purchasable","17":"product-type-simple"},"_links":{"self":[{"href":"https:\/\/roveyayinevi.com.tr\/index.php\/wp-json\/wp\/v2\/product\/715040","targetHints":{"allow":["GET"]}}],"collection":[{"href":"https:\/\/roveyayinevi.com.tr\/index.php\/wp-json\/wp\/v2\/product"}],"about":[{"href":"https:\/\/roveyayinevi.com.tr\/index.php\/wp-json\/wp\/v2\/types\/product"}],"wp:attachment":[{"href":"https:\/\/roveyayinevi.com.tr\/index.php\/wp-json\/wp\/v2\/media?parent=715040"}],"wp:term":[{"taxonomy":"product_brand","embeddable":true,"href":"https:\/\/roveyayinevi.com.tr\/index.php\/wp-json\/wp\/v2\/product_brand?post=715040"},{"taxonomy":"product_cat","embeddable":true,"href":"https:\/\/roveyayinevi.com.tr\/index.php\/wp-json\/wp\/v2\/product_cat?post=715040"},{"taxonomy":"product_tag","embeddable":true,"href":"https:\/\/roveyayinevi.com.tr\/index.php\/wp-json\/wp\/v2\/product_tag?post=715040"}],"curies":[{"name":"wp","href":"https:\/\/api.w.org\/{rel}","templated":true}]}}