{"id":715039,"date":"2025-08-27T17:25:37","date_gmt":"2025-08-27T14:25:37","guid":{"rendered":"https:\/\/roveyayinevi.com.tr\/index.php\/urun\/hayati-hatirlamak-otobiyografik-bellege-bilimsel-yaklasimlar\/"},"modified":"2026-04-16T02:23:19","modified_gmt":"2026-04-15T23:23:19","slug":"hayati-hatirlamak-otobiyografik-bellege-bilimsel-yaklasimlar","status":"publish","type":"product","link":"https:\/\/roveyayinevi.com.tr\/index.php\/urun\/hayati-hatirlamak-otobiyografik-bellege-bilimsel-yaklasimlar\/","title":{"rendered":"Hayat\u0131 Hat\u0131rlamak &#8211; Otobiyografik Belle\u011fe Bilimsel Yakla\u015f\u0131mlar"},"content":{"rendered":"<p>Birinci s\u0131n\u0131fa ba\u015flad\u0131\u011f\u0131n\u0131z g\u00fcn g\u00f6z\u00fcn\u00fcz\u00fcn \u00f6n\u00fcne geliyor mu? \u00d6\u011fretmeninizin y\u00fcz\u00fc, sesi, tahtadaki yaz\u0131s\u0131 akl\u0131n\u0131zda canlan\u0131yor mu? Peki, ailenizle yedi\u011finiz son bayram yeme\u011fi neredeydi, hangi tarihteydi? Sofrada kimler vard\u0131? Konu\u015fulanlar\u0131, yenen yeme\u011fi hat\u0131rl\u0131yor musunuz? \u0130\u015fte t\u00fcm bu sorular\u0131 bizim ad\u0131m\u0131za otobiyografik belle\u011fimiz cevaplar. Bizi biz yapan bu par\u00e7am\u0131za odaklanan Hayat\u0131 Hat\u0131rlamak, otobiyografik bellek kavram\u0131n\u0131 ara\u015ft\u0131rma y\u00f6ntemleri, hat\u0131rlama ve unutma, an\u0131lar\u0131n ya\u015fam boyu da\u011f\u0131l\u0131m\u0131, dil ve k\u00fclt\u00fcr, istemsiz hat\u0131rlama, imgelem perspektifi, zamanda zihinsel yolculuk, an\u0131lar\u0131 zihinde canland\u0131rma, ba\u011flanma ve hat\u0131rlama ili\u015fkisi, otobiyografik bellek ve psikopatoloji, ki\u015fisel ve toplumsal bellek gibi y\u00f6nlerden ele al\u0131yor. Bir yandan eksiksiz bir kavramsal \u00e7er\u00e7eve kurmay\u0131 bir yandan da gelecekteki bellek \u00e7al\u0131\u015fmalar\u0131na zemin haz\u0131rlamay\u0131 ama\u00e7layan Hayat\u0131 Hat\u0131rlamak, psikoloji, psikiyatri ve n\u00f6robilim alanlar\u0131yla ilgilenenler, \u00f6zellikle de bellek \u00fczerine \u00e7al\u0131\u015fmalar y\u00fcr\u00fctmek isteyenler i\u00e7in bir temel kaynak \u00f6zelli\u011fi ta\u015f\u0131yor.<\/p>\n","protected":false},"excerpt":{"rendered":"<p>Birinci s\u0131n\u0131fa ba\u015flad\u0131\u011f\u0131n\u0131z g\u00fcn g\u00f6z\u00fcn\u00fcz\u00fcn \u00f6n\u00fcne geliyor mu? \u00d6\u011fretmeninizin y\u00fcz\u00fc, sesi, tahtadaki yaz\u0131s\u0131 akl\u0131n\u0131zda canlan\u0131yor mu? Peki, ailenizle yedi\u011finiz son bayram yeme\u011fi neredeydi, hangi tarihteydi? Sofrada<span class=\"excerpt-hellip\"> [\u2026]<\/span><\/p>\n","protected":false},"featured_media":0,"template":"","meta":{"_monsterinsights_skip_tracking":false,"_monsterinsights_sitenote_active":false,"_monsterinsights_sitenote_note":"","_monsterinsights_sitenote_category":0},"product_brand":[],"product_cat":[12358,12357],"product_tag":[],"class_list":{"0":"post-715039","1":"product","2":"type-product","3":"status-publish","5":"product_cat-genel-psikoloji","6":"product_cat-psikoloji","7":"pa_cilt-ciltsiz","8":"pa_tur-kitap","9":"pa_yayinevi-koc-universitesi-yayinlari","10":"pa_yazar-kolektif","12":"first","13":"instock","14":"sale","15":"shipping-taxable","16":"purchasable","17":"product-type-simple"},"_links":{"self":[{"href":"https:\/\/roveyayinevi.com.tr\/index.php\/wp-json\/wp\/v2\/product\/715039","targetHints":{"allow":["GET"]}}],"collection":[{"href":"https:\/\/roveyayinevi.com.tr\/index.php\/wp-json\/wp\/v2\/product"}],"about":[{"href":"https:\/\/roveyayinevi.com.tr\/index.php\/wp-json\/wp\/v2\/types\/product"}],"wp:attachment":[{"href":"https:\/\/roveyayinevi.com.tr\/index.php\/wp-json\/wp\/v2\/media?parent=715039"}],"wp:term":[{"taxonomy":"product_brand","embeddable":true,"href":"https:\/\/roveyayinevi.com.tr\/index.php\/wp-json\/wp\/v2\/product_brand?post=715039"},{"taxonomy":"product_cat","embeddable":true,"href":"https:\/\/roveyayinevi.com.tr\/index.php\/wp-json\/wp\/v2\/product_cat?post=715039"},{"taxonomy":"product_tag","embeddable":true,"href":"https:\/\/roveyayinevi.com.tr\/index.php\/wp-json\/wp\/v2\/product_tag?post=715039"}],"curies":[{"name":"wp","href":"https:\/\/api.w.org\/{rel}","templated":true}]}}