{"id":715038,"date":"2025-08-27T17:25:37","date_gmt":"2025-08-27T14:25:37","guid":{"rendered":"https:\/\/roveyayinevi.com.tr\/index.php\/urun\/kirk-bela\/"},"modified":"2026-04-16T02:23:19","modified_gmt":"2026-04-15T23:23:19","slug":"kirk-bela","status":"publish","type":"product","link":"https:\/\/roveyayinevi.com.tr\/index.php\/urun\/kirk-bela\/","title":{"rendered":"K\u0131rk Bela"},"content":{"rendered":"<p>\u201cGen\u00e7li\u011fin kahrolas\u0131ca bir hasedi y\u00fcz\u00fcnden\u201d Prenses Sadberk Han\u0131m\u2019\u0131n kona\u011f\u0131na kapat\u0131lan megaloman gen\u00e7 \u00e7apk\u0131n Arif M\u00fcnir, bile isteye d\u00fc\u015ft\u00fc\u011f\u00fc bu tuzaktan kurtulup ger\u00e7ek a\u015fka kavu\u015fabilecek mi? Etraf\u0131n\u0131 \u00e7eviren k\u0131rk belay\u0131 t\u00fcrl\u00fc taklalar atarak savu\u015fturmaya \u00e7al\u0131\u015f\u0131rken rastlant\u0131lar hangi s\u0131rlar\u0131n ortaya \u00e7\u0131kmas\u0131n\u0131 sa\u011flayacak? Yazar\u0131n\u0131n hayat\u0131 gibi maceralarla \u00f6r\u00fclm\u00fc\u015f K\u0131rk Bela; romanc\u0131, \u00e7evirmen, senarist, oyuncu ve y\u00f6netmen Vedat \u00d6rfi Beng\u00fc\u2019n\u00fcn bilinmeyen, gazete sayfalar\u0131nda kalm\u0131\u015f bir roman\u0131. Bir yandan a\u015fk, entrika, tesad\u00fcf, gizem gibi pop\u00fcler edebiyatta s\u0131kl\u0131kla ba\u015fvurulan tema ve y\u00f6ntemlerle kurulan K\u0131rk Bela, di\u011fer yandan Vedat \u00d6rfi\u2019nin sinematografik anlat\u0131 bi\u00e7imiyle adalet, e\u015fitlik, zenginlik, fakirlik gibi toplumsal normlar\u0131 da sorguluyor. 1925 y\u0131l\u0131nda Son Saat\u2019te tefrika edilen K\u0131rk Bela yeniden okur kar\u015f\u0131s\u0131nda! <\/p>\n","protected":false},"excerpt":{"rendered":"<p>\u201cGen\u00e7li\u011fin kahrolas\u0131ca bir hasedi y\u00fcz\u00fcnden\u201d Prenses Sadberk Han\u0131m\u2019\u0131n kona\u011f\u0131na kapat\u0131lan megaloman gen\u00e7 \u00e7apk\u0131n Arif M\u00fcnir, bile isteye d\u00fc\u015ft\u00fc\u011f\u00fc bu tuzaktan kurtulup ger\u00e7ek a\u015fka kavu\u015fabilecek mi? Etraf\u0131n\u0131<span class=\"excerpt-hellip\"> [\u2026]<\/span><\/p>\n","protected":false},"featured_media":0,"template":"","meta":{"_monsterinsights_skip_tracking":false,"_monsterinsights_sitenote_active":false,"_monsterinsights_sitenote_note":"","_monsterinsights_sitenote_category":0},"product_brand":[],"product_cat":[12291,12711],"product_tag":[],"class_list":{"0":"post-715038","1":"product","2":"type-product","3":"status-publish","5":"product_cat-edebiyat","6":"product_cat-roman-oyku","7":"pa_cilt-ciltsiz","8":"pa_tur-kitap","9":"pa_yayinevi-koc-universitesi-yayinlari","10":"pa_yazar-vedat-orfi-bengu","12":"first","13":"instock","14":"sale","15":"shipping-taxable","16":"purchasable","17":"product-type-simple"},"_links":{"self":[{"href":"https:\/\/roveyayinevi.com.tr\/index.php\/wp-json\/wp\/v2\/product\/715038","targetHints":{"allow":["GET"]}}],"collection":[{"href":"https:\/\/roveyayinevi.com.tr\/index.php\/wp-json\/wp\/v2\/product"}],"about":[{"href":"https:\/\/roveyayinevi.com.tr\/index.php\/wp-json\/wp\/v2\/types\/product"}],"wp:attachment":[{"href":"https:\/\/roveyayinevi.com.tr\/index.php\/wp-json\/wp\/v2\/media?parent=715038"}],"wp:term":[{"taxonomy":"product_brand","embeddable":true,"href":"https:\/\/roveyayinevi.com.tr\/index.php\/wp-json\/wp\/v2\/product_brand?post=715038"},{"taxonomy":"product_cat","embeddable":true,"href":"https:\/\/roveyayinevi.com.tr\/index.php\/wp-json\/wp\/v2\/product_cat?post=715038"},{"taxonomy":"product_tag","embeddable":true,"href":"https:\/\/roveyayinevi.com.tr\/index.php\/wp-json\/wp\/v2\/product_tag?post=715038"}],"curies":[{"name":"wp","href":"https:\/\/api.w.org\/{rel}","templated":true}]}}