{"id":715037,"date":"2025-08-27T17:25:36","date_gmt":"2025-08-27T14:25:36","guid":{"rendered":"https:\/\/roveyayinevi.com.tr\/index.php\/urun\/gecelerin-en-guzeli\/"},"modified":"2026-04-16T02:23:19","modified_gmt":"2026-04-15T23:23:19","slug":"gecelerin-en-guzeli","status":"publish","type":"product","link":"https:\/\/roveyayinevi.com.tr\/index.php\/urun\/gecelerin-en-guzeli\/","title":{"rendered":"Gecelerin En G\u00fczeli"},"content":{"rendered":"<p>Gelenek, k\u0131r\u0131lma, s\u00fcreklilik ve kopu\u015f hem benzersizli\u011fi i\u00e7inde hem de d\u00fc\u015f\u00fck insanl\u0131k halleri \u00fczerinden ustal\u0131kla anlat\u0131l\u0131yor. En k\u00f6t\u00fcs\u00fc de so\u011fukla kayna\u015fm\u0131\u015f korku. Donduran korku, esrarl\u0131 ma\u011faralardan m\u0131zrakl\u0131 karanl\u0131k ordular gibi f\u0131rlay\u0131p zaman denilen hayali sonsuz bir \u00e2na d\u00f6n\u00fc\u015ft\u00fcr\u00fcr. Bu sonsuzca donmu\u015f an par\u00e7as\u0131 b\u00fct\u00fcn evrenin biricik ger\u00e7e\u011fi, \u00e7\u0131k\u0131\u015fs\u0131z cehennemi kesilerek her \u015feyin \u00fczerini kendi renksiz dokusuyla kaplay\u0131verir. Yarat\u0131l\u0131\u015f di\u011fer bir kutba kendisinin tam aksi bir kutba do\u011fru b\u00fcz\u00fcl\u00fcvermi\u015ftir sanki. Bir ruhun hi\u00e7 ile y\u00fcz y\u00fcze oldu\u011funu fark etmesi, cehennemin kap\u0131s\u0131ndan bakmas\u0131ndan \u00e7ok daha deh\u015fet verici. Cehennem hi\u00e7 de\u011fildir \u00e7\u00fcnk\u00fc. Hi\u00e7li\u011fe nazaran umut doludur. Hi\u00e7, bir ceza da de\u011fildir. Arkas\u0131ndan gelebilecek ba\u015fka hi\u00e7bir s\u0131fat\u0131 pe\u015fine takmaz. Korku \u2018hi\u00e7\u2019in g\u00f6r\u00fcnmez k\u0131v\u0131lc\u0131m\u0131n\u0131n y\u00fcz\u00fcn\u00fcze s\u0131\u00e7ray\u0131vermesidir ve o y\u00fczden \u00fc\u015f\u00fct\u00fcr zaten.\u201d <\/p>\n","protected":false},"excerpt":{"rendered":"<p>Gelenek, k\u0131r\u0131lma, s\u00fcreklilik ve kopu\u015f hem benzersizli\u011fi i\u00e7inde hem de d\u00fc\u015f\u00fck insanl\u0131k halleri \u00fczerinden ustal\u0131kla anlat\u0131l\u0131yor. En k\u00f6t\u00fcs\u00fc de so\u011fukla kayna\u015fm\u0131\u015f korku. Donduran korku, esrarl\u0131 ma\u011faralardan<span class=\"excerpt-hellip\"> [\u2026]<\/span><\/p>\n","protected":false},"featured_media":0,"template":"","meta":{"_monsterinsights_skip_tracking":false,"_monsterinsights_sitenote_active":false,"_monsterinsights_sitenote_note":"","_monsterinsights_sitenote_category":0},"product_brand":[],"product_cat":[12291,12711],"product_tag":[],"class_list":{"0":"post-715037","1":"product","2":"type-product","3":"status-publish","5":"product_cat-edebiyat","6":"product_cat-roman-oyku","7":"pa_cilt-ciltsiz","8":"pa_tur-kitap","9":"pa_yayinevi-yapi-kredi-yayinlari","10":"pa_yazar-omer-fikret-oyal","12":"first","13":"instock","14":"sale","15":"shipping-taxable","16":"purchasable","17":"product-type-simple"},"_links":{"self":[{"href":"https:\/\/roveyayinevi.com.tr\/index.php\/wp-json\/wp\/v2\/product\/715037","targetHints":{"allow":["GET"]}}],"collection":[{"href":"https:\/\/roveyayinevi.com.tr\/index.php\/wp-json\/wp\/v2\/product"}],"about":[{"href":"https:\/\/roveyayinevi.com.tr\/index.php\/wp-json\/wp\/v2\/types\/product"}],"wp:attachment":[{"href":"https:\/\/roveyayinevi.com.tr\/index.php\/wp-json\/wp\/v2\/media?parent=715037"}],"wp:term":[{"taxonomy":"product_brand","embeddable":true,"href":"https:\/\/roveyayinevi.com.tr\/index.php\/wp-json\/wp\/v2\/product_brand?post=715037"},{"taxonomy":"product_cat","embeddable":true,"href":"https:\/\/roveyayinevi.com.tr\/index.php\/wp-json\/wp\/v2\/product_cat?post=715037"},{"taxonomy":"product_tag","embeddable":true,"href":"https:\/\/roveyayinevi.com.tr\/index.php\/wp-json\/wp\/v2\/product_tag?post=715037"}],"curies":[{"name":"wp","href":"https:\/\/api.w.org\/{rel}","templated":true}]}}