{"id":715034,"date":"2025-08-27T17:25:24","date_gmt":"2025-08-27T14:25:24","guid":{"rendered":"https:\/\/roveyayinevi.com.tr\/index.php\/urun\/temel-seyler\/"},"modified":"2026-04-16T02:23:19","modified_gmt":"2026-04-15T23:23:19","slug":"temel-seyler","status":"publish","type":"product","link":"https:\/\/roveyayinevi.com.tr\/index.php\/urun\/temel-seyler\/","title":{"rendered":"Temel \u015eeyler"},"content":{"rendered":"<p>G\u00fcn\u00fcm\u00fcz\u00fcn en yenilik\u00e7i yazarlar\u0131ndan biri olan Weinberger, bir edebi arkeolog-g\u00f6k bilimci-antropolog bilgeli\u011fiyle, evrendeki binlerce \u015fey hakk\u0131ndaki masallar, hik\u00e2yeler, d\u00fc\u015f\u00fcnceler arac\u0131l\u0131\u011f\u0131yla bize rehberlik ediyor. Bir \u2018d\u00fcnya edebiyat\u0131\u2019 yap\u0131yor ve okuru b\u00fcy\u00fcl\u00fc hal\u0131s\u0131yla d\u00fcnyan\u0131n d\u00f6rt bir yan\u0131na g\u00f6t\u00fcr\u00fcyor. Mandayyalardan Empedokles\u2019in hayat\u0131na, Nazca \u00e7izgilerinden Gr\u00f6nland\u2019\u0131n buzlu d\u00fcnyas\u0131na, gergedanlardan kaplanlara, \u00e7\u00f6llerden \u00c7in hanedanl\u0131klar\u0131na bir anlat\u0131lar sarmal\u0131 olu\u015fturuyor \u2013ama hep yery\u00fcz\u00fcn\u00fcn kurakla\u015fmas\u0131na duyulan bir h\u00fczn\u00fcn e\u015fli\u011finde.   Bu denemeler sizi b\u00fct\u00fcn evreni kapsayan bir girdab\u0131n i\u00e7ine \u00e7ekecek. <\/p>\n","protected":false},"excerpt":{"rendered":"<p>G\u00fcn\u00fcm\u00fcz\u00fcn en yenilik\u00e7i yazarlar\u0131ndan biri olan Weinberger, bir edebi arkeolog-g\u00f6k bilimci-antropolog bilgeli\u011fiyle, evrendeki binlerce \u015fey hakk\u0131ndaki masallar, hik\u00e2yeler, d\u00fc\u015f\u00fcnceler arac\u0131l\u0131\u011f\u0131yla bize rehberlik ediyor. Bir \u2018d\u00fcnya edebiyat\u0131\u2019<span class=\"excerpt-hellip\"> [\u2026]<\/span><\/p>\n","protected":false},"featured_media":0,"template":"","meta":{"_monsterinsights_skip_tracking":false,"_monsterinsights_sitenote_active":false,"_monsterinsights_sitenote_note":"","_monsterinsights_sitenote_category":0},"product_brand":[],"product_cat":[12777,12291],"product_tag":[],"class_list":{"0":"post-715034","1":"product","2":"type-product","3":"status-publish","5":"product_cat-deneme","6":"product_cat-edebiyat","7":"pa_cilt-ciltsiz","8":"pa_tur-kitap","9":"pa_yayinevi-heretik-yayincilik","10":"pa_yazar-eliot-weinberger","12":"first","13":"instock","14":"sale","15":"shipping-taxable","16":"purchasable","17":"product-type-simple"},"_links":{"self":[{"href":"https:\/\/roveyayinevi.com.tr\/index.php\/wp-json\/wp\/v2\/product\/715034","targetHints":{"allow":["GET"]}}],"collection":[{"href":"https:\/\/roveyayinevi.com.tr\/index.php\/wp-json\/wp\/v2\/product"}],"about":[{"href":"https:\/\/roveyayinevi.com.tr\/index.php\/wp-json\/wp\/v2\/types\/product"}],"wp:attachment":[{"href":"https:\/\/roveyayinevi.com.tr\/index.php\/wp-json\/wp\/v2\/media?parent=715034"}],"wp:term":[{"taxonomy":"product_brand","embeddable":true,"href":"https:\/\/roveyayinevi.com.tr\/index.php\/wp-json\/wp\/v2\/product_brand?post=715034"},{"taxonomy":"product_cat","embeddable":true,"href":"https:\/\/roveyayinevi.com.tr\/index.php\/wp-json\/wp\/v2\/product_cat?post=715034"},{"taxonomy":"product_tag","embeddable":true,"href":"https:\/\/roveyayinevi.com.tr\/index.php\/wp-json\/wp\/v2\/product_tag?post=715034"}],"curies":[{"name":"wp","href":"https:\/\/api.w.org\/{rel}","templated":true}]}}