{"id":715033,"date":"2025-08-27T17:25:23","date_gmt":"2025-08-27T14:25:23","guid":{"rendered":"https:\/\/roveyayinevi.com.tr\/index.php\/urun\/ikinci-el-umutlar\/"},"modified":"2026-04-16T02:23:19","modified_gmt":"2026-04-15T23:23:19","slug":"ikinci-el-umutlar","status":"publish","type":"product","link":"https:\/\/roveyayinevi.com.tr\/index.php\/urun\/ikinci-el-umutlar\/","title":{"rendered":"\u0130kinci El Umutlar"},"content":{"rendered":"<p>Bazen ge\u00e7mi\u015fin hik\u00e2yeleri hayatlar\u0131na nesnelerde devam ederler. Dedenin an\u0131s\u0131 cep saatinde ya\u015far. Vefat eden bir e\u015fin askerlik mektuplar\u0131 gen\u00e7lik a\u015fk\u0131n\u0131n r\u00fczg\u00e2r\u0131n\u0131 tekrar estirir. Asl\u0131nda hayat hi\u00e7bir zaman ge\u00e7mi\u015ften kopmaz, yaln\u0131zca insanlar d\u00fcnle olan ba\u011flar\u0131n\u0131 unuturlar.Figen \u015eahin tarihe eski kitaplar\u0131n, mektuplar\u0131n sayfalar\u0131ndan bakarak s\u00fcr\u00fckleyici, dokunakl\u0131 ve \u015fa\u015f\u0131rt\u0131c\u0131 bir hik\u00e2ye kuruyor. Okurken hem g\u00fclecek, hem h\u00fcz\u00fcnlenecek hem de b\u00fcy\u00fck keyif alacaks\u0131n\u0131z.Kendi ge\u00e7mi\u015fini bilmeyen yirmi iki ya\u015f\u0131ndaki Ada, sahaflarda buldu\u011fu kitaplar\u0131n aras\u0131nda s\u0131k\u0131\u015fm\u0131\u015f kalm\u0131\u015f notlarla mektuplar\u0131n pe\u015fine d\u00fc\u015fmeyi, onlar\u0131n sahiplerine ula\u015f\u0131p hik\u00e2yelerini \u00f6\u011frenmeyi \u00e7ok seviyor. Biraz da olsa, kendi hayat\u0131ndaki bo\u015flu\u011fu doldurmu\u015f, yaln\u0131zl\u0131\u011f\u0131n\u0131 per\u00e7inlemi\u015f oluyor b\u00f6ylece.Bir g\u00fcn \u00f6yle bir mektupla kar\u015f\u0131la\u015f\u0131yor ki orada g\u00f6rd\u00fc\u011f\u00fc a\u015fk, ac\u0131 ve gizem onu hi\u00e7 tahmin edemedi\u011fi \u00f6l\u00e7\u00fcde etkiliyor ve Ada, ilk \u00e2\u015f\u0131k oldu\u011fu adam\u0131 da pe\u015finden s\u00fcr\u00fckleyerek kendini bu hik\u00e2yenin kahramanlar\u0131n\u0131 bulmaya ad\u0131yor. Ancak o s\u0131rada, as\u0131l kendi ge\u00e7mi\u015findeki b\u00fcy\u00fck s\u0131r perdesi aralan\u0131yor ve hayat\u0131n\u0131 derinden etkileyecek b\u00fcy\u00fck s\u00fcrprize do\u011fru giderek yakla\u015f\u0131yor. Ada, sararm\u0131\u015f zarf\u0131n i\u00e7indeki k\u00e2\u011f\u0131d\u0131n varl\u0131\u011f\u0131n\u0131 hissedebiliyordu. Kalbi h\u0131zla \u00e7arp\u0131yor, elleri titriyordu. Dolmakalemle yaz\u0131lm\u0131\u015f yaz\u0131ya bakarak, Bu bir veda, diye d\u00fc\u015f\u00fcnd\u00fc. K\u00e2\u011f\u0131t eskimi\u015f, d\u00f6rde katlanm\u0131\u015ft\u0131. M\u00fcrekkep aralarda da\u011f\u0131lm\u0131\u015f, harfler \u00e2n\u0131n duygusal yo\u011funlu\u011funu ve g\u00f6zya\u015flar\u0131n\u0131n damlad\u0131\u011f\u0131 yerlerde bozulmu\u015ftu. Ada, da\u011f\u0131lm\u0131\u015f harflerin aras\u0131na dald\u0131.<\/p>\n","protected":false},"excerpt":{"rendered":"<p>Bazen ge\u00e7mi\u015fin hik\u00e2yeleri hayatlar\u0131na nesnelerde devam ederler. Dedenin an\u0131s\u0131 cep saatinde ya\u015far. Vefat eden bir e\u015fin askerlik mektuplar\u0131 gen\u00e7lik a\u015fk\u0131n\u0131n r\u00fczg\u00e2r\u0131n\u0131 tekrar estirir. Asl\u0131nda hayat hi\u00e7bir<span class=\"excerpt-hellip\"> [\u2026]<\/span><\/p>\n","protected":false},"featured_media":0,"template":"","meta":{"_monsterinsights_skip_tracking":false,"_monsterinsights_sitenote_active":false,"_monsterinsights_sitenote_note":"","_monsterinsights_sitenote_category":0},"product_brand":[],"product_cat":[14643,12291],"product_tag":[],"class_list":{"0":"post-715033","1":"product","2":"type-product","3":"status-publish","5":"product_cat-ask","6":"product_cat-edebiyat","7":"pa_cilt-ciltsiz","8":"pa_tur-kitap","9":"pa_yayinevi-epsilon-yayinlari","10":"pa_yazar-figen-sahin","12":"first","13":"instock","14":"sale","15":"shipping-taxable","16":"purchasable","17":"product-type-simple"},"_links":{"self":[{"href":"https:\/\/roveyayinevi.com.tr\/index.php\/wp-json\/wp\/v2\/product\/715033","targetHints":{"allow":["GET"]}}],"collection":[{"href":"https:\/\/roveyayinevi.com.tr\/index.php\/wp-json\/wp\/v2\/product"}],"about":[{"href":"https:\/\/roveyayinevi.com.tr\/index.php\/wp-json\/wp\/v2\/types\/product"}],"wp:attachment":[{"href":"https:\/\/roveyayinevi.com.tr\/index.php\/wp-json\/wp\/v2\/media?parent=715033"}],"wp:term":[{"taxonomy":"product_brand","embeddable":true,"href":"https:\/\/roveyayinevi.com.tr\/index.php\/wp-json\/wp\/v2\/product_brand?post=715033"},{"taxonomy":"product_cat","embeddable":true,"href":"https:\/\/roveyayinevi.com.tr\/index.php\/wp-json\/wp\/v2\/product_cat?post=715033"},{"taxonomy":"product_tag","embeddable":true,"href":"https:\/\/roveyayinevi.com.tr\/index.php\/wp-json\/wp\/v2\/product_tag?post=715033"}],"curies":[{"name":"wp","href":"https:\/\/api.w.org\/{rel}","templated":true}]}}