{"id":715032,"date":"2025-08-27T17:25:22","date_gmt":"2025-08-27T14:25:22","guid":{"rendered":"https:\/\/roveyayinevi.com.tr\/index.php\/urun\/kobe-bryant\/"},"modified":"2026-04-16T02:23:19","modified_gmt":"2026-04-15T23:23:19","slug":"kobe-bryant","status":"publish","type":"product","link":"https:\/\/roveyayinevi.com.tr\/index.php\/urun\/kobe-bryant\/","title":{"rendered":"Kobe Bryant"},"content":{"rendered":"<p>Kobe, basket sahas\u0131na t\u0131pk\u0131 bir sahneye ad\u0131m\u0131n\u0131 atar gibi \u00e7\u0131kar. Onun i\u00e7in basketbol yaln\u0131zca rakibi alt edece\u011fin bir oyun de\u011fil  ayn\u0131 zamanda bir g\u00f6steridir de. O daima bu g\u00f6sterinin, izlemesi en heyecan veren oyuncular\u0131ndan biri olmu\u015ftur.Bir oyunda 81 say\u0131l\u0131k skor; 4 kez NBA en de\u011ferli oyuncusu \u00f6d\u00fcl\u00fc; 30 bin say\u0131 baraj\u0131n\u0131 a\u015fan en gen\u00e7 oyuncu; 5 \u015fampiyonluk y\u00fcz\u00fc\u011f\u00fc; 18 kez All-Star\u2026NBA lig tarihindeki en iyi \u015fut\u00f6r gardlar\u0131ndan biri olan Kobe Bryant, basketbol tarihinin ku\u015fkusuz en b\u00fcy\u00fck oyuncular\u0131ndan biridir. Bu b\u00fcy\u00fcleyici karakterdeki adam hen\u00fcz \u00e7ocuk ya\u015ftayken Michael Jordan\u2019dan daha b\u00fcy\u00fck bir basketbolcu olaca\u011f\u0131na inanm\u0131\u015f ve bu u\u011furda yorulmak bilmez bir tempoyla \u00e7al\u0131\u015f\u0131p ad\u0131n\u0131 en b\u00fcy\u00fckler aras\u0131na yazd\u0131rmay\u0131 ba\u015farm\u0131\u015ft\u0131r.Yazar Roland Lazenby, Bryant\u2019\u0131 en iyi \u015fekilde anlatmak i\u00e7in \u00e7ocuklu\u011fundan profesyonel basketbol hayat\u0131na kadarki t\u00fcm resmi, klasik basketbol raporlar\u0131 ve onlarca yeni r\u00f6portaj kullanarak ortaya \u00e7\u0131kar\u0131yor ve Kobe Bryant ger\u00e7e\u011fini t\u00fcm derinli\u011fiyle g\u00f6zler \u00f6n\u00fcne seriyor. Kitap, Bryant\u2019\u0131n basketbol hayat\u0131n\u0131n yan\u0131 s\u0131ra, onun kama\u015f\u0131k ki\u015fisel ya\u015fam\u0131n\u0131, ili\u015fkilerini, m\u00fczisyenli\u011fini ve hakk\u0131ndaki su\u00e7lamalar\u0131 tan\u0131klar\u0131n dilinden anlat\u0131yor. Kitap hem basketbol severler hem de Kobe fanlar\u0131 i\u00e7in unutulmaz bir okuma sunuyor.<\/p>\n","protected":false},"excerpt":{"rendered":"<p>Kobe, basket sahas\u0131na t\u0131pk\u0131 bir sahneye ad\u0131m\u0131n\u0131 atar gibi \u00e7\u0131kar. Onun i\u00e7in basketbol yaln\u0131zca rakibi alt edece\u011fin bir oyun de\u011fil ayn\u0131 zamanda bir g\u00f6steridir de. O<span class=\"excerpt-hellip\"> [\u2026]<\/span><\/p>\n","protected":false},"featured_media":0,"template":"","meta":{"_monsterinsights_skip_tracking":false,"_monsterinsights_sitenote_active":false,"_monsterinsights_sitenote_note":"","_monsterinsights_sitenote_category":0},"product_brand":[],"product_cat":[15563,15564],"product_tag":[],"class_list":{"0":"post-715032","1":"product","2":"type-product","3":"status-publish","5":"product_cat-hobi","6":"product_cat-spor","7":"pa_cilt-ciltsiz","8":"pa_tur-kitap","9":"pa_yayinevi-marti-yayinlari","10":"pa_yazar-roland-lazenby","12":"first","13":"instock","14":"sale","15":"shipping-taxable","16":"purchasable","17":"product-type-simple"},"_links":{"self":[{"href":"https:\/\/roveyayinevi.com.tr\/index.php\/wp-json\/wp\/v2\/product\/715032","targetHints":{"allow":["GET"]}}],"collection":[{"href":"https:\/\/roveyayinevi.com.tr\/index.php\/wp-json\/wp\/v2\/product"}],"about":[{"href":"https:\/\/roveyayinevi.com.tr\/index.php\/wp-json\/wp\/v2\/types\/product"}],"wp:attachment":[{"href":"https:\/\/roveyayinevi.com.tr\/index.php\/wp-json\/wp\/v2\/media?parent=715032"}],"wp:term":[{"taxonomy":"product_brand","embeddable":true,"href":"https:\/\/roveyayinevi.com.tr\/index.php\/wp-json\/wp\/v2\/product_brand?post=715032"},{"taxonomy":"product_cat","embeddable":true,"href":"https:\/\/roveyayinevi.com.tr\/index.php\/wp-json\/wp\/v2\/product_cat?post=715032"},{"taxonomy":"product_tag","embeddable":true,"href":"https:\/\/roveyayinevi.com.tr\/index.php\/wp-json\/wp\/v2\/product_tag?post=715032"}],"curies":[{"name":"wp","href":"https:\/\/api.w.org\/{rel}","templated":true}]}}