{"id":715029,"date":"2025-08-27T17:25:20","date_gmt":"2025-08-27T14:25:20","guid":{"rendered":"https:\/\/roveyayinevi.com.tr\/index.php\/urun\/dis-doktoru-meslek-ogreniyorum-2\/"},"modified":"2026-04-16T02:23:19","modified_gmt":"2026-04-15T23:23:19","slug":"dis-doktoru-meslek-ogreniyorum-2","status":"publish","type":"product","link":"https:\/\/roveyayinevi.com.tr\/index.php\/urun\/dis-doktoru-meslek-ogreniyorum-2\/","title":{"rendered":"Di\u015f Doktoru &#8211; Meslek \u00d6\u011freniyorum 2"},"content":{"rendered":"<p>Ceren ve ikiz karde\u015fi Eren \u00e7ok iyi anla\u015f\u0131yor, her g\u00fcn oyun oynuyorlar. Ceren\u2019in oyuncak bebe\u011fi Mine\u2019yi hayallerinde maceradan maceraya ko\u015fturuyorlar. Ama o g\u00fcn Mine\u2019nin can\u0131 hi\u00e7 oynamak istemiyor. \u00c7\u00fcnk\u00fc di\u015fi \u00e7ok a\u011fr\u0131yor! Peki \u015fimdi ne olacak? Di\u015fin a\u011fr\u0131d\u0131\u011f\u0131nda kime gitmelisin biliyor musun? Di\u015f doktoruna! K\u00fc\u00e7\u00fck okurlar\u0131m\u0131z\u0131n yak\u0131ndan tan\u0131d\u0131\u011f\u0131 Koray Avc\u0131 \u00c7akman, Meslekleri \u00d6\u011freniyorum Serisi\u2019nin ikinci kitab\u0131nda \u00e7ocuklara di\u015f doktorunun neler yapt\u0131\u011f\u0131n\u0131 e\u011flenceli bir \u00f6yk\u00fcyle anlat\u0131l\u0131yor. <\/p>\n","protected":false},"excerpt":{"rendered":"<p>Ceren ve ikiz karde\u015fi Eren \u00e7ok iyi anla\u015f\u0131yor, her g\u00fcn oyun oynuyorlar. Ceren\u2019in oyuncak bebe\u011fi Mine\u2019yi hayallerinde maceradan maceraya ko\u015fturuyorlar. Ama o g\u00fcn Mine\u2019nin can\u0131 hi\u00e7<span class=\"excerpt-hellip\"> [\u2026]<\/span><\/p>\n","protected":false},"featured_media":0,"template":"","meta":{"_monsterinsights_skip_tracking":false,"_monsterinsights_sitenote_active":false,"_monsterinsights_sitenote_note":"","_monsterinsights_sitenote_category":0},"product_brand":[],"product_cat":[12274,12284],"product_tag":[],"class_list":{"0":"post-715029","1":"product","2":"type-product","3":"status-publish","5":"product_cat-cocuk-ve-genclik-kitaplari","6":"product_cat-hikayeler","7":"pa_cilt-ciltsiz","8":"pa_tur-kitap","9":"pa_yayinevi-kirmizi-kedi-yayinevi","10":"pa_yazar-koray-avci-cakman","12":"first","13":"instock","14":"sale","15":"shipping-taxable","16":"purchasable","17":"product-type-simple"},"_links":{"self":[{"href":"https:\/\/roveyayinevi.com.tr\/index.php\/wp-json\/wp\/v2\/product\/715029","targetHints":{"allow":["GET"]}}],"collection":[{"href":"https:\/\/roveyayinevi.com.tr\/index.php\/wp-json\/wp\/v2\/product"}],"about":[{"href":"https:\/\/roveyayinevi.com.tr\/index.php\/wp-json\/wp\/v2\/types\/product"}],"wp:attachment":[{"href":"https:\/\/roveyayinevi.com.tr\/index.php\/wp-json\/wp\/v2\/media?parent=715029"}],"wp:term":[{"taxonomy":"product_brand","embeddable":true,"href":"https:\/\/roveyayinevi.com.tr\/index.php\/wp-json\/wp\/v2\/product_brand?post=715029"},{"taxonomy":"product_cat","embeddable":true,"href":"https:\/\/roveyayinevi.com.tr\/index.php\/wp-json\/wp\/v2\/product_cat?post=715029"},{"taxonomy":"product_tag","embeddable":true,"href":"https:\/\/roveyayinevi.com.tr\/index.php\/wp-json\/wp\/v2\/product_tag?post=715029"}],"curies":[{"name":"wp","href":"https:\/\/api.w.org\/{rel}","templated":true}]}}